{"id":64843,"date":"2023-11-14T15:12:50","date_gmt":"2023-11-14T16:16:16","guid":{"rendered":"https:\/\/diamant-strass-dmc.com\/perles-broderie\/pack-nuanciers-dmc-diamond-painting-pdf-xlsx-excel\/"},"modified":"2024-02-25T19:01:55","modified_gmt":"2024-02-25T18:01:55","slug":"tabela-kolorow-diamond-painting-arkusz-pdf-xlsx-pobrania","status":"publish","type":"product","link":"https:\/\/diamant-strass-dmc.com\/pl\/perles-broderie\/tabela-kolorow-diamond-painting-arkusz-pdf-xlsx-pobrania\/","title":{"rendered":"Najlepszy pakiet! 4 wzorniki kolor\u00f3w DMC do malowania diamentowego w formacie PDF i Excel (XLSX)"},"content":{"rendered":"<h2>Plik nr 1 (format PDF)<\/h2>\n<p>Karta kolor\u00f3w posortowana wed\u0142ug odcieni, z nazwami kolor\u00f3w i miejscem do przyklejenia koralik\u00f3w. <strong>6-stronicowy dokument.<\/strong><\/p>\n<p><img loading=\"lazy\" decoding=\"async\" class=\"alignnone wp-image-64640\" src=\"https:\/\/diamant-strass-dmc.com\/wp-content\/uploads\/2023\/09\/colorbyshades.jpg\" alt=\"\" width=\"640\" height=\"392\" srcset=\"https:\/\/diamant-strass-dmc.com\/wp-content\/uploads\/2023\/09\/colorbyshades.jpg 766w, https:\/\/diamant-strass-dmc.com\/wp-content\/uploads\/2023\/09\/colorbyshades-300x184.jpg 300w, https:\/\/diamant-strass-dmc.com\/wp-content\/uploads\/2023\/09\/colorbyshades-416x255.jpg 416w, https:\/\/diamant-strass-dmc.com\/wp-content\/uploads\/2023\/09\/colorbyshades-324x198.jpg 324w\" sizes=\"auto, (max-width: 640px) 100vw, 640px\" \/><\/p>\n<h2>Plik nr 2 (format PDF)<\/h2>\n<p>Tabela kolor\u00f3w posortowana wed\u0142ug numer\u00f3w DMC, z nazwami kolor\u00f3w i miejscem do przyklejenia koralik\u00f3w. <strong>6-stronicowy dokument.<\/strong><\/p>\n<p><img loading=\"lazy\" decoding=\"async\" class=\"alignnone wp-image-64756\" src=\"https:\/\/diamant-strass-dmc.com\/wp-content\/uploads\/2023\/11\/pdf_dp.png\" alt=\"\" width=\"640\" height=\"492\" srcset=\"https:\/\/diamant-strass-dmc.com\/wp-content\/uploads\/2023\/11\/pdf_dp.png 750w, https:\/\/diamant-strass-dmc.com\/wp-content\/uploads\/2023\/11\/pdf_dp-300x231.png 300w, https:\/\/diamant-strass-dmc.com\/wp-content\/uploads\/2023\/11\/pdf_dp-416x320.png 416w, https:\/\/diamant-strass-dmc.com\/wp-content\/uploads\/2023\/11\/pdf_dp-324x249.png 324w\" sizes=\"auto, (max-width: 640px) 100vw, 640px\" \/><\/p>\n<h2>Plik nr 3 (format PDF)<\/h2>\n<p>Tabela kolor\u00f3w posortowana wed\u0142ug numeru DMC. <strong>Pojedyncza strona. Idealny do wy\u015bwietlania na \u015bcianie.<\/strong><\/p>\n<p><img loading=\"lazy\" decoding=\"async\" class=\"alignnone wp-image-64771\" src=\"https:\/\/diamant-strass-dmc.com\/wp-content\/uploads\/2023\/11\/Sans-titre-13.png\" alt=\"\" width=\"641\" height=\"440\" srcset=\"https:\/\/diamant-strass-dmc.com\/wp-content\/uploads\/2023\/11\/Sans-titre-13.png 794w, https:\/\/diamant-strass-dmc.com\/wp-content\/uploads\/2023\/11\/Sans-titre-13-300x206.png 300w, https:\/\/diamant-strass-dmc.com\/wp-content\/uploads\/2023\/11\/Sans-titre-13-768x527.png 768w, https:\/\/diamant-strass-dmc.com\/wp-content\/uploads\/2023\/11\/Sans-titre-13-416x286.png 416w, https:\/\/diamant-strass-dmc.com\/wp-content\/uploads\/2023\/11\/Sans-titre-13-324x222.png 324w\" sizes=\"auto, (max-width: 641px) 100vw, 641px\" \/><\/p>\n<h2>Plik nr 4 (format XLSX)<\/h2>\n<p><strong><img loading=\"lazy\" decoding=\"async\" class=\"alignnone wp-image-64786\" src=\"https:\/\/diamant-strass-dmc.com\/wp-content\/uploads\/2023\/11\/xlsx-color-chart-diamond-painting-1.png\" alt=\"\" width=\"641\" height=\"485\" srcset=\"https:\/\/diamant-strass-dmc.com\/wp-content\/uploads\/2023\/11\/xlsx-color-chart-diamond-painting-1.png 888w, https:\/\/diamant-strass-dmc.com\/wp-content\/uploads\/2023\/11\/xlsx-color-chart-diamond-painting-1-300x227.png 300w, https:\/\/diamant-strass-dmc.com\/wp-content\/uploads\/2023\/11\/xlsx-color-chart-diamond-painting-1-768x581.png 768w, https:\/\/diamant-strass-dmc.com\/wp-content\/uploads\/2023\/11\/xlsx-color-chart-diamond-painting-1-416x315.png 416w, https:\/\/diamant-strass-dmc.com\/wp-content\/uploads\/2023\/11\/xlsx-color-chart-diamond-painting-1-324x245.png 324w\" sizes=\"auto, (max-width: 641px) 100vw, 641px\" \/><\/strong><\/p>\n<p>Plik <strong>arkusza kalkulacyjnego Excel<\/strong> (format XLSX) <strong>do modyfikacji zgodnie z wymaganiami<\/strong>.<\/p>\n<p>Plik ma <strong>dwie zak\u0142adki<\/strong>: pierwsza sortuje kolory wed\u0142ug numeru DMC, a druga sortuje kolory wed\u0142ug odcienia.<\/p>\n<p>Kolumna &#8222;pozycja&#8221; pokazuje numer pozycji ka\u017cdego koloru, dzi\u0119ki czemu mo\u017cna znale\u017a\u0107 <strong>ich pocz\u0105tkowy ranking<\/strong>, je\u015bli zajdzie taka potrzeba.<\/p>\n<p>Kompatybilny z Excel, Google Sheets, OpenOffice, LibreOffice&#8230;<\/p>\n<p><img loading=\"lazy\" decoding=\"async\" class=\"alignnone size-full wp-image-64708\" src=\"https:\/\/diamant-strass-dmc.com\/wp-content\/uploads\/2023\/11\/bynumber.jpg\" alt=\"\" width=\"804\" height=\"631\" srcset=\"https:\/\/diamant-strass-dmc.com\/wp-content\/uploads\/2023\/11\/bynumber.jpg 804w, https:\/\/diamant-strass-dmc.com\/wp-content\/uploads\/2023\/11\/bynumber-300x235.jpg 300w, https:\/\/diamant-strass-dmc.com\/wp-content\/uploads\/2023\/11\/bynumber-768x603.jpg 768w, https:\/\/diamant-strass-dmc.com\/wp-content\/uploads\/2023\/11\/bynumber-416x326.jpg 416w, https:\/\/diamant-strass-dmc.com\/wp-content\/uploads\/2023\/11\/bynumber-324x254.jpg 324w\" sizes=\"auto, (max-width: 804px) 100vw, 804px\" \/><\/p>\n<p><img loading=\"lazy\" decoding=\"async\" class=\"alignnone size-full wp-image-64693\" src=\"https:\/\/diamant-strass-dmc.com\/wp-content\/uploads\/2023\/11\/bycolor.jpg\" alt=\"\" width=\"800\" height=\"610\" srcset=\"https:\/\/diamant-strass-dmc.com\/wp-content\/uploads\/2023\/11\/bycolor.jpg 800w, https:\/\/diamant-strass-dmc.com\/wp-content\/uploads\/2023\/11\/bycolor-300x229.jpg 300w, https:\/\/diamant-strass-dmc.com\/wp-content\/uploads\/2023\/11\/bycolor-768x586.jpg 768w, https:\/\/diamant-strass-dmc.com\/wp-content\/uploads\/2023\/11\/bycolor-416x317.jpg 416w, https:\/\/diamant-strass-dmc.com\/wp-content\/uploads\/2023\/11\/bycolor-324x247.jpg 324w\" sizes=\"auto, (max-width: 800px) 100vw, 800px\" \/><\/p>\n<style><!-- .enkar2div { display:none; } .pi-edd { display:none; } button.single_add_to_cart_button.button.alt { margin-bottom: 20px !important; } .contentpremier { visibility:hidden; } .contentsecond { display:none; } .premier { margin:0; } ul { margin-left:20px; } --><\/style>\n","protected":false},"excerpt":{"rendered":"<p style=\"color: blue;\"><span style=\"text-decoration: underline;\"><strong>WA\u017bNE<\/strong><\/span>: Jest to produkt wirtualny: s\u0105 to pliki, kt\u00f3re b\u0119dzie mo\u017cna pobra\u0107 natychmiast po zakupie. Na podany adres nie zostanie wys\u0142any \u017caden fizyczny produkt.<\/p>\n","protected":false},"featured_media":64602,"template":"","meta":{"footnotes":""},"product_brand":[],"product_cat":[7230],"class_list":{"0":"post-64843","1":"product","2":"type-product","3":"status-publish","4":"has-post-thumbnail","6":"product_cat-pliki-do-pobrania","8":"first","9":"instock","10":"sale","11":"downloadable","12":"virtual","13":"sold-individually","14":"taxable","15":"purchasable","16":"product-type-simple"},"aioseo_notices":[],"_links":{"self":[{"href":"https:\/\/diamant-strass-dmc.com\/pl\/wp-json\/wp\/v2\/product\/64843","targetHints":{"allow":["GET"]}}],"collection":[{"href":"https:\/\/diamant-strass-dmc.com\/pl\/wp-json\/wp\/v2\/product"}],"about":[{"href":"https:\/\/diamant-strass-dmc.com\/pl\/wp-json\/wp\/v2\/types\/product"}],"version-history":[{"count":0,"href":"https:\/\/diamant-strass-dmc.com\/pl\/wp-json\/wp\/v2\/product\/64843\/revisions"}],"wp:featuredmedia":[{"embeddable":true,"href":"https:\/\/diamant-strass-dmc.com\/pl\/wp-json\/wp\/v2\/media\/64602"}],"wp:attachment":[{"href":"https:\/\/diamant-strass-dmc.com\/pl\/wp-json\/wp\/v2\/media?parent=64843"}],"wp:term":[{"taxonomy":"product_brand","embeddable":true,"href":"https:\/\/diamant-strass-dmc.com\/pl\/wp-json\/wp\/v2\/product_brand?post=64843"},{"taxonomy":"product_cat","embeddable":true,"href":"https:\/\/diamant-strass-dmc.com\/pl\/wp-json\/wp\/v2\/product_cat?post=64843"}],"curies":[{"name":"wp","href":"https:\/\/api.w.org\/{rel}","templated":true}]}}