{"id":64837,"date":"2023-11-13T16:46:02","date_gmt":"2023-11-14T16:16:15","guid":{"rendered":"https:\/\/diamant-strass-dmc.com\/perles-broderie\/nuancier-dmc-du-diamond-painting-tableur-excel-xlsx-a-telecharger\/"},"modified":"2024-02-25T19:01:51","modified_gmt":"2024-02-25T18:01:51","slug":"tabela-kolorow-diamond-painting-arkusz-kalkulacyjny-xlsx-pobrania","status":"publish","type":"product","link":"https:\/\/diamant-strass-dmc.com\/pl\/perles-broderie\/tabela-kolorow-diamond-painting-arkusz-kalkulacyjny-xlsx-pobrania\/","title":{"rendered":"Tabela kolor\u00f3w DMC do diamond painting (arkusz kalkulacyjny XLSX do pobrania)"},"content":{"rendered":"<p><strong>Plik w formacie .xlsx<\/strong> (arkusz kalkulacyjny kompatybilny z programami Excel, Google Sheets, OpenOffice, LibreOffice itp.)<\/p>\n<ul>\n<li><strong>447 kolor\u00f3w DMC<\/strong> do malowania diamentami;<\/li>\n<li>Mo\u017cliwo\u015b\u0107 swobodnej edycji (sortowanie, konwersja do formatu PDF itp.) ;<\/li>\n<li><strong>2 zak\u0142adki<\/strong>: sortowanie wed\u0142ug numeru DMC i sortowanie wed\u0142ug odcienia koloru;<\/li>\n<li>Position&#8221;, aby powr\u00f3ci\u0107 do pocz\u0105tkowej kolejno\u015bci sortowania.<\/li>\n<\/ul>\n<style><!-- .enkar2div { display:none; } .pi-edd { display:none; } button.single_add_to_cart_button.button.alt { margin-bottom: 20px !important; } .contentpremier { visibility:hidden; } .contentsecond { display:none; } .premier { margin:0; } ul { margin-left:20px; } --><\/style>\n","protected":false},"excerpt":{"rendered":"<p style=\"color: blue;\"><span style=\"text-decoration: underline;\"><strong>WA\u017bNE<\/strong><\/span>: Jest to produkt wirtualny: jest to plik, kt\u00f3ry mo\u017cna pobra\u0107 natychmiast po zakupie i wydrukowa\u0107 w domu. Na podany adres nie zostanie wys\u0142any \u017caden fizyczny produkt.<\/p>\n","protected":false},"featured_media":64688,"template":"","meta":{"footnotes":""},"product_brand":[],"product_cat":[7230],"class_list":{"0":"post-64837","1":"product","2":"type-product","3":"status-publish","4":"has-post-thumbnail","6":"product_cat-pliki-do-pobrania","8":"first","9":"instock","10":"sale","11":"downloadable","12":"virtual","13":"sold-individually","14":"taxable","15":"purchasable","16":"product-type-simple"},"aioseo_notices":[],"_links":{"self":[{"href":"https:\/\/diamant-strass-dmc.com\/pl\/wp-json\/wp\/v2\/product\/64837","targetHints":{"allow":["GET"]}}],"collection":[{"href":"https:\/\/diamant-strass-dmc.com\/pl\/wp-json\/wp\/v2\/product"}],"about":[{"href":"https:\/\/diamant-strass-dmc.com\/pl\/wp-json\/wp\/v2\/types\/product"}],"version-history":[{"count":0,"href":"https:\/\/diamant-strass-dmc.com\/pl\/wp-json\/wp\/v2\/product\/64837\/revisions"}],"wp:featuredmedia":[{"embeddable":true,"href":"https:\/\/diamant-strass-dmc.com\/pl\/wp-json\/wp\/v2\/media\/64688"}],"wp:attachment":[{"href":"https:\/\/diamant-strass-dmc.com\/pl\/wp-json\/wp\/v2\/media?parent=64837"}],"wp:term":[{"taxonomy":"product_brand","embeddable":true,"href":"https:\/\/diamant-strass-dmc.com\/pl\/wp-json\/wp\/v2\/product_brand?post=64837"},{"taxonomy":"product_cat","embeddable":true,"href":"https:\/\/diamant-strass-dmc.com\/pl\/wp-json\/wp\/v2\/product_cat?post=64837"}],"curies":[{"name":"wp","href":"https:\/\/api.w.org\/{rel}","templated":true}]}}