{"id":61335,"date":"2023-09-11T16:25:12","date_gmt":"2023-09-11T17:12:03","guid":{"rendered":"https:\/\/diamant-strass-dmc.com\/perles-broderie\/download-nuancier-dmc-diamond-painting-pdf\/"},"modified":"2024-07-02T12:16:04","modified_gmt":"2024-07-02T10:16:04","slug":"tabela-kolorow-dmc-do-diamond-painting-plik-pdf-do-pobrania","status":"publish","type":"product","link":"https:\/\/diamant-strass-dmc.com\/pl\/perles-broderie\/tabela-kolorow-dmc-do-diamond-painting-plik-pdf-do-pobrania\/","title":{"rendered":"Tabela kolor\u00f3w DMC do diamond painting (plik PDF do pobrania)"},"content":{"rendered":"<ul>\n<li><strong>447 kolor\u00f3w DMC<\/strong> do malowania diament\u00f3w na <strong>6 stronach do wydrukowania<\/strong>;<\/li>\n<li>Pliki w formacie PDF gwarantuj\u0105 <strong>doskona\u0142y wydruk<\/strong> w kolorach DMC;<\/li>\n<li>Strony <strong>A4<\/strong> gotowe do druku.<\/li>\n<\/ul>\n<style><!-- .enkar2div { display:none; } .pi-edd { display:none; } button.single_add_to_cart_button.button.alt { margin-bottom: 20px !important; } .contentpremier { visibility:hidden; } .contentsecond { display:none; } .premier { margin:0; } ul { margin-left:20px; } --><\/style>\n","protected":false},"excerpt":{"rendered":"<p style=\"color: blue;\"><span style=\"text-decoration: underline;\"><strong>WA\u017bNE<\/strong><\/span>: Jest to produkt wirtualny: jest to plik, kt\u00f3ry mo\u017cna pobra\u0107 natychmiast po zakupie i wydrukowa\u0107 w domu. Na podany adres nie zostanie wys\u0142any \u017caden fizyczny produkt.<\/p>\n","protected":false},"featured_media":64617,"template":"","meta":{"footnotes":""},"product_brand":[],"product_cat":[7230],"class_list":{"0":"post-61335","1":"product","2":"type-product","3":"status-publish","4":"has-post-thumbnail","6":"product_cat-pliki-do-pobrania","8":"first","9":"instock","10":"sale","11":"downloadable","12":"virtual","13":"sold-individually","14":"taxable","15":"purchasable","16":"product-type-simple"},"aioseo_notices":[],"_links":{"self":[{"href":"https:\/\/diamant-strass-dmc.com\/pl\/wp-json\/wp\/v2\/product\/61335","targetHints":{"allow":["GET"]}}],"collection":[{"href":"https:\/\/diamant-strass-dmc.com\/pl\/wp-json\/wp\/v2\/product"}],"about":[{"href":"https:\/\/diamant-strass-dmc.com\/pl\/wp-json\/wp\/v2\/types\/product"}],"version-history":[{"count":0,"href":"https:\/\/diamant-strass-dmc.com\/pl\/wp-json\/wp\/v2\/product\/61335\/revisions"}],"wp:featuredmedia":[{"embeddable":true,"href":"https:\/\/diamant-strass-dmc.com\/pl\/wp-json\/wp\/v2\/media\/64617"}],"wp:attachment":[{"href":"https:\/\/diamant-strass-dmc.com\/pl\/wp-json\/wp\/v2\/media?parent=61335"}],"wp:term":[{"taxonomy":"product_brand","embeddable":true,"href":"https:\/\/diamant-strass-dmc.com\/pl\/wp-json\/wp\/v2\/product_brand?post=61335"},{"taxonomy":"product_cat","embeddable":true,"href":"https:\/\/diamant-strass-dmc.com\/pl\/wp-json\/wp\/v2\/product_cat?post=61335"}],"curies":[{"name":"wp","href":"https:\/\/api.w.org\/{rel}","templated":true}]}}