{"id":55883,"date":"2023-02-01T20:11:14","date_gmt":"2023-02-25T04:31:42","guid":{"rendered":"https:\/\/diamant-strass-dmc.com\/perles-broderie\/box-storage-pillar-28-compartments-diamond-painting\/"},"modified":"2024-09-16T18:18:47","modified_gmt":"2024-09-16T16:18:47","slug":"box-storage-pillar-28-compartments-diamond-painting","status":"publish","type":"product","link":"https:\/\/diamant-strass-dmc.com\/pl\/perles-broderie\/box-storage-pillar-28-compartments-diamond-painting\/","title":{"rendered":"Pude\u0142ko do przechowywania koralik\u00f3w 28 przegr\u00f3dek"},"content":{"rendered":"<p>Styl pillbox.<\/p>\n<p>Przegr\u00f3dki mo\u017cna wyj\u0105\u0107 z pude\u0142ka. S\u0105 one zawieszone razem tworz\u0105c rz\u0119dy po 4 komory (i nie mo\u017cna ich od siebie odczepi\u0107).<br \/>\nW ka\u017cdym pude\u0142ku znajduje si\u0119 zatem 7 rz\u0119d\u00f3w po 4 przegr\u00f3dki.<\/p>\n","protected":false},"excerpt":{"rendered":"<p>&#8211; Pude\u0142ko zamykane na klucz z 2 klipsami;<br \/>\n&#8211; 28 przedzia\u0142\u00f3w;<br \/>\n&#8211; 28 dostarczonych etykiet ;<br \/>\n&#8211; Wymiary: 17 x 11 cm.<\/p>\n","protected":false},"featured_media":55162,"template":"","meta":{"footnotes":""},"product_brand":[],"product_cat":[7184],"class_list":{"0":"post-55883","1":"product","2":"type-product","3":"status-publish","4":"has-post-thumbnail","6":"product_cat-akcesoria","8":"first","9":"outofstock","10":"sale","11":"taxable","12":"shipping-taxable","13":"purchasable","14":"product-type-simple"},"aioseo_notices":[],"_links":{"self":[{"href":"https:\/\/diamant-strass-dmc.com\/pl\/wp-json\/wp\/v2\/product\/55883","targetHints":{"allow":["GET"]}}],"collection":[{"href":"https:\/\/diamant-strass-dmc.com\/pl\/wp-json\/wp\/v2\/product"}],"about":[{"href":"https:\/\/diamant-strass-dmc.com\/pl\/wp-json\/wp\/v2\/types\/product"}],"version-history":[{"count":1,"href":"https:\/\/diamant-strass-dmc.com\/pl\/wp-json\/wp\/v2\/product\/55883\/revisions"}],"predecessor-version":[{"id":76952,"href":"https:\/\/diamant-strass-dmc.com\/pl\/wp-json\/wp\/v2\/product\/55883\/revisions\/76952"}],"wp:featuredmedia":[{"embeddable":true,"href":"https:\/\/diamant-strass-dmc.com\/pl\/wp-json\/wp\/v2\/media\/55162"}],"wp:attachment":[{"href":"https:\/\/diamant-strass-dmc.com\/pl\/wp-json\/wp\/v2\/media?parent=55883"}],"wp:term":[{"taxonomy":"product_brand","embeddable":true,"href":"https:\/\/diamant-strass-dmc.com\/pl\/wp-json\/wp\/v2\/product_brand?post=55883"},{"taxonomy":"product_cat","embeddable":true,"href":"https:\/\/diamant-strass-dmc.com\/pl\/wp-json\/wp\/v2\/product_cat?post=55883"}],"curies":[{"name":"wp","href":"https:\/\/api.w.org\/{rel}","templated":true}]}}