{"id":55801,"date":"2023-02-01T19:31:22","date_gmt":"2023-02-25T04:28:52","guid":{"rendered":"https:\/\/diamant-strass-dmc.com\/perles-broderie\/pastylki-klej-wax-okragly-diament-malowanie\/"},"modified":"2023-02-25T05:28:52","modified_gmt":"2023-02-25T04:28:52","slug":"pastylki-klej-wax-okragly-diament-malowanie","status":"publish","type":"product","link":"https:\/\/diamant-strass-dmc.com\/pl\/perles-broderie\/pastylki-klej-wax-okragly-diament-malowanie\/","title":{"rendered":"5 okr\u0105g\u0142ych p\u0142atk\u00f3w kleju do malowania diament\u00f3w"},"content":{"rendered":"","protected":false},"excerpt":{"rendered":"<p>Zestaw 5 okr\u0105g\u0142ych podk\u0142adek pod klej.<br \/>\nGrubszy ni\u017c standardowe kwadraty klejowe.<br \/>\n\u015arednica: 2,4 cm.<\/p>\n","protected":false},"featured_media":55142,"template":"","meta":{"footnotes":""},"product_brand":[],"product_cat":[7184],"class_list":{"0":"post-55801","1":"product","2":"type-product","3":"status-publish","4":"has-post-thumbnail","6":"product_cat-akcesoria","8":"first","9":"instock","10":"taxable","11":"shipping-taxable","12":"purchasable","13":"product-type-simple"},"aioseo_notices":[],"_links":{"self":[{"href":"https:\/\/diamant-strass-dmc.com\/pl\/wp-json\/wp\/v2\/product\/55801","targetHints":{"allow":["GET"]}}],"collection":[{"href":"https:\/\/diamant-strass-dmc.com\/pl\/wp-json\/wp\/v2\/product"}],"about":[{"href":"https:\/\/diamant-strass-dmc.com\/pl\/wp-json\/wp\/v2\/types\/product"}],"version-history":[{"count":0,"href":"https:\/\/diamant-strass-dmc.com\/pl\/wp-json\/wp\/v2\/product\/55801\/revisions"}],"wp:featuredmedia":[{"embeddable":true,"href":"https:\/\/diamant-strass-dmc.com\/pl\/wp-json\/wp\/v2\/media\/55142"}],"wp:attachment":[{"href":"https:\/\/diamant-strass-dmc.com\/pl\/wp-json\/wp\/v2\/media?parent=55801"}],"wp:term":[{"taxonomy":"product_brand","embeddable":true,"href":"https:\/\/diamant-strass-dmc.com\/pl\/wp-json\/wp\/v2\/product_brand?post=55801"},{"taxonomy":"product_cat","embeddable":true,"href":"https:\/\/diamant-strass-dmc.com\/pl\/wp-json\/wp\/v2\/product_cat?post=55801"}],"curies":[{"name":"wp","href":"https:\/\/api.w.org\/{rel}","templated":true}]}}