{"id":55767,"date":"2023-02-09T22:59:08","date_gmt":"2023-02-25T04:28:34","guid":{"rendered":"https:\/\/diamant-strass-dmc.com\/perles-broderie\/klamry-do-malowania-diamentow\/"},"modified":"2024-09-17T17:24:15","modified_gmt":"2024-09-17T15:24:15","slug":"klamry-do-malowania-diamentow","status":"publish","type":"product","link":"https:\/\/diamant-strass-dmc.com\/pl\/perles-broderie\/klamry-do-malowania-diamentow\/","title":{"rendered":"6 uchwyt\u00f3w do malowania diamentowego"},"content":{"rendered":"<p><span style=\"display:none;\">ok<\/span><\/p>\n","protected":false},"excerpt":{"rendered":"<p><strong>Zestaw 6 zacisk\u00f3w.<\/strong>  Idealny do przytrzymywania p\u0142\u00f3ciennej ok\u0142adki lub p\u0142\u00f3tna na wsporniku.<\/p>\n","protected":false},"featured_media":55485,"template":"","meta":{"footnotes":""},"product_brand":[],"product_cat":[7184],"class_list":{"0":"post-55767","1":"product","2":"type-product","3":"status-publish","4":"has-post-thumbnail","6":"product_cat-akcesoria","8":"first","9":"instock","10":"taxable","11":"shipping-taxable","12":"purchasable","13":"product-type-variable","14":"has-default-attributes"},"aioseo_notices":[],"_links":{"self":[{"href":"https:\/\/diamant-strass-dmc.com\/pl\/wp-json\/wp\/v2\/product\/55767","targetHints":{"allow":["GET"]}}],"collection":[{"href":"https:\/\/diamant-strass-dmc.com\/pl\/wp-json\/wp\/v2\/product"}],"about":[{"href":"https:\/\/diamant-strass-dmc.com\/pl\/wp-json\/wp\/v2\/types\/product"}],"version-history":[{"count":2,"href":"https:\/\/diamant-strass-dmc.com\/pl\/wp-json\/wp\/v2\/product\/55767\/revisions"}],"predecessor-version":[{"id":77522,"href":"https:\/\/diamant-strass-dmc.com\/pl\/wp-json\/wp\/v2\/product\/55767\/revisions\/77522"}],"wp:featuredmedia":[{"embeddable":true,"href":"https:\/\/diamant-strass-dmc.com\/pl\/wp-json\/wp\/v2\/media\/55485"}],"wp:attachment":[{"href":"https:\/\/diamant-strass-dmc.com\/pl\/wp-json\/wp\/v2\/media?parent=55767"}],"wp:term":[{"taxonomy":"product_brand","embeddable":true,"href":"https:\/\/diamant-strass-dmc.com\/pl\/wp-json\/wp\/v2\/product_brand?post=55767"},{"taxonomy":"product_cat","embeddable":true,"href":"https:\/\/diamant-strass-dmc.com\/pl\/wp-json\/wp\/v2\/product_cat?post=55767"}],"curies":[{"name":"wp","href":"https:\/\/api.w.org\/{rel}","templated":true}]}}