{"id":55080,"date":"2023-02-01T01:43:46","date_gmt":"2023-02-01T00:43:46","guid":{"rendered":"https:\/\/diamant-strass-dmc.com\/perles-broderie\/head-stylo-metal-silver-gold-diamond-painting\/"},"modified":"2023-12-03T19:00:52","modified_gmt":"2023-12-03T18:00:52","slug":"head-stylo-metal-silver-gold-diamond-painting","status":"publish","type":"product","link":"https:\/\/diamant-strass-dmc.com\/pl\/perles-broderie\/head-stylo-metal-silver-gold-diamond-painting\/","title":{"rendered":"Srebrne lub z\u0142ote metalowe g\u0142\u00f3wki pi\u00f3r"},"content":{"rendered":"<p><span style=\"color:red;\"><strong>Na pierwszym zdj\u0119ciu wida\u0107 dwa dost\u0119pne zestawy, ale podana cena dotyczy tylko jednego zestawu.<\/strong><\/span><\/p>\n<p><strong>Zawarto\u015b\u0107 zestawu :<\/strong><br \/>\n&#8211; 2 g\u0142owy za 1 diament;<br \/>\n&#8211; 1 g\u0142owica k\u0105towa do 1 diamentu ;<br \/>\n&#8211; 1 g\u0142owa za 3 diamenty;<br \/>\n&#8211; 1 g\u0142owa za 4 diamenty ;<br \/>\n&#8211; 1 g\u0142owa za 5 diament\u00f3w;<br \/>\n&#8211; 1 g\u0142owa za 6 diament\u00f3w;<br \/>\n&#8211; 1 g\u0142owa za 7 diament\u00f3w ;<br \/>\n&#8211; 1 g\u0142owa za 8 diament\u00f3w;<br \/>\n&#8211; 1 g\u0142owa za 9 diament\u00f3w;<br \/>\n&#8211; 1 g\u0142owa za 10 diament\u00f3w;<br \/>\n&#8211; 1 g\u0142owica korekcyjna.<\/p>\n<p>G\u0142owica koryguj\u0105ca, do w\u0142o\u017cenia mi\u0119dzy rz\u0119dy diament\u00f3w, pozwala na ich prawid\u0142owe u\u0142o\u017cenie.<\/p>\n","protected":false},"excerpt":{"rendered":"<p>&#8211; Ze stali nierdzewnej<br \/>\n&#8211; Prezentowane w ma\u0142ym plastikowym pude\u0142ku<\/p>\n","protected":false},"featured_media":54914,"template":"","meta":{"footnotes":""},"product_brand":[],"product_cat":[7184],"class_list":{"0":"post-55080","1":"product","2":"type-product","3":"status-publish","4":"has-post-thumbnail","6":"product_cat-akcesoria","8":"first","9":"instock","10":"sale","11":"taxable","12":"shipping-taxable","13":"purchasable","14":"product-type-variable","15":"has-default-attributes"},"aioseo_notices":[],"_links":{"self":[{"href":"https:\/\/diamant-strass-dmc.com\/pl\/wp-json\/wp\/v2\/product\/55080","targetHints":{"allow":["GET"]}}],"collection":[{"href":"https:\/\/diamant-strass-dmc.com\/pl\/wp-json\/wp\/v2\/product"}],"about":[{"href":"https:\/\/diamant-strass-dmc.com\/pl\/wp-json\/wp\/v2\/types\/product"}],"version-history":[{"count":0,"href":"https:\/\/diamant-strass-dmc.com\/pl\/wp-json\/wp\/v2\/product\/55080\/revisions"}],"wp:featuredmedia":[{"embeddable":true,"href":"https:\/\/diamant-strass-dmc.com\/pl\/wp-json\/wp\/v2\/media\/54914"}],"wp:attachment":[{"href":"https:\/\/diamant-strass-dmc.com\/pl\/wp-json\/wp\/v2\/media?parent=55080"}],"wp:term":[{"taxonomy":"product_brand","embeddable":true,"href":"https:\/\/diamant-strass-dmc.com\/pl\/wp-json\/wp\/v2\/product_brand?post=55080"},{"taxonomy":"product_cat","embeddable":true,"href":"https:\/\/diamant-strass-dmc.com\/pl\/wp-json\/wp\/v2\/product_cat?post=55080"}],"curies":[{"name":"wp","href":"https:\/\/api.w.org\/{rel}","templated":true}]}}