{"id":55031,"date":"2023-02-01T03:24:35","date_gmt":"2023-02-01T02:24:35","guid":{"rendered":"https:\/\/diamant-strass-dmc.com\/perles-broderie\/metal-stylo-heads-limited-edition\/"},"modified":"2023-12-03T19:00:46","modified_gmt":"2023-12-03T18:00:46","slug":"metal-stylo-heads-limited-edition","status":"publish","type":"product","link":"https:\/\/diamant-strass-dmc.com\/pl\/perles-broderie\/metal-stylo-heads-limited-edition\/","title":{"rendered":"Metalowe g\u0142\u00f3wki pi\u00f3r limitowana edycja"},"content":{"rendered":"<p><span style=\"color:red;\"><strong>Niekt\u00f3re zdj\u0119cia przedstawiaj\u0105 dwa dost\u0119pne zestawy, ale podana cena dotyczy tylko jednego zestawu.<\/strong><\/span><\/p>\n<p><strong>Zawarto\u015b\u0107 zestawu :<\/strong><br \/>\n&#8211; 1 g\u0142owa za 1 diament ;<br \/>\n&#8211; 1 g\u0142owica k\u0105towa do 1 diamentu ;<br \/>\n&#8211; 1 g\u0142owa za 3 diamenty;<br \/>\n&#8211; 1 g\u0142owa za 6 diament\u00f3w;<br \/>\n&#8211; 1 g\u0142owa za 9 diament\u00f3w;<br \/>\n&#8211; 1 g\u0142owica korekcyjna.<\/p>\n<p>G\u0142owica koryguj\u0105ca, do w\u0142o\u017cenia mi\u0119dzy rz\u0119dy diament\u00f3w, pozwala na ich prawid\u0142owe u\u0142o\u017cenie.<\/p>\n<p>Ko\u0144c\u00f3wki <strong>zestawu &#8222;Magic&#8221;<\/strong> s\u0105 srebrne, asymetryczne i inkrustowane b\u0142yszcz\u0105cymi d\u017cetami.<\/p>\n<p>Ko\u0144c\u00f3wki <strong>skrzyni &#8222;renesansowej&#8221;<\/strong> s\u0105 z\u0142ocone i grawerowane w arabeski.<\/p>\n","protected":false},"excerpt":{"rendered":"<p>&#8211; Edycja limitowana<br \/>\n&#8211; Ze stali nierdzewnej<br \/>\n&#8211; Prezentowane w ma\u0142ym plastikowym pude\u0142ku<\/p>\n","protected":false},"featured_media":116130,"template":"","meta":{"footnotes":""},"product_brand":[],"product_cat":[7184],"class_list":{"0":"post-55031","1":"product","2":"type-product","3":"status-publish","4":"has-post-thumbnail","6":"product_cat-akcesoria","8":"first","9":"instock","10":"sale","11":"taxable","12":"shipping-taxable","13":"purchasable","14":"product-type-variable"},"aioseo_notices":[],"_links":{"self":[{"href":"https:\/\/diamant-strass-dmc.com\/pl\/wp-json\/wp\/v2\/product\/55031","targetHints":{"allow":["GET"]}}],"collection":[{"href":"https:\/\/diamant-strass-dmc.com\/pl\/wp-json\/wp\/v2\/product"}],"about":[{"href":"https:\/\/diamant-strass-dmc.com\/pl\/wp-json\/wp\/v2\/types\/product"}],"version-history":[{"count":0,"href":"https:\/\/diamant-strass-dmc.com\/pl\/wp-json\/wp\/v2\/product\/55031\/revisions"}],"wp:featuredmedia":[{"embeddable":true,"href":"https:\/\/diamant-strass-dmc.com\/pl\/wp-json\/wp\/v2\/media\/116130"}],"wp:attachment":[{"href":"https:\/\/diamant-strass-dmc.com\/pl\/wp-json\/wp\/v2\/media?parent=55031"}],"wp:term":[{"taxonomy":"product_brand","embeddable":true,"href":"https:\/\/diamant-strass-dmc.com\/pl\/wp-json\/wp\/v2\/product_brand?post=55031"},{"taxonomy":"product_cat","embeddable":true,"href":"https:\/\/diamant-strass-dmc.com\/pl\/wp-json\/wp\/v2\/product_cat?post=55031"}],"curies":[{"name":"wp","href":"https:\/\/api.w.org\/{rel}","templated":true}]}}