{"id":49289,"date":"2022-09-05T18:26:49","date_gmt":"2023-01-18T01:41:09","guid":{"rendered":"https:\/\/diamant-strass-dmc.com\/perles-broderie\/motyle-uchwyty-haft-diamond-malowanie\/"},"modified":"2023-12-03T18:57:28","modified_gmt":"2023-12-03T17:57:28","slug":"motyle-uchwyty-haft-diamond-malowanie","status":"publish","type":"product","link":"https:\/\/diamant-strass-dmc.com\/pl\/perles-broderie\/motyle-uchwyty-haft-diamond-malowanie\/","title":{"rendered":"4 breloki w kszta\u0142cie motylk\u00f3w z haftem diamentowym"},"content":{"rendered":"<p>Rozmiar motyla: 7 x 5,5 cm.<\/p>\n","protected":false},"excerpt":{"rendered":"<p><strong>Zestaw ten zawiera :<\/strong><\/p>\n<ul>\n<li>4 motyle do wyhaftowania<\/li>\n<li>1 d\u0142ugopis z ko\u0144c\u00f3wk\u0105<\/li>\n<li>Diamentowe torebki<\/li>\n<li>1 kwadrat kleju<\/li>\n<li>1 taca do sortowania diament\u00f3w<\/li>\n<li>4 \u0142a\u0144cuchy + klipsy<\/li>\n<li>Puste worki do przechowywania diament\u00f3w<\/li>\n<\/ul>\n","protected":false},"featured_media":44014,"template":"","meta":{"footnotes":""},"product_brand":[],"product_cat":[7215],"class_list":{"0":"post-49289","1":"product","2":"type-product","3":"status-publish","4":"has-post-thumbnail","6":"product_cat-brelok-z-haftem-diamentowym","8":"first","9":"outofstock","10":"sale","11":"taxable","12":"shipping-taxable","13":"purchasable","14":"product-type-simple"},"aioseo_notices":[],"_links":{"self":[{"href":"https:\/\/diamant-strass-dmc.com\/pl\/wp-json\/wp\/v2\/product\/49289","targetHints":{"allow":["GET"]}}],"collection":[{"href":"https:\/\/diamant-strass-dmc.com\/pl\/wp-json\/wp\/v2\/product"}],"about":[{"href":"https:\/\/diamant-strass-dmc.com\/pl\/wp-json\/wp\/v2\/types\/product"}],"version-history":[{"count":0,"href":"https:\/\/diamant-strass-dmc.com\/pl\/wp-json\/wp\/v2\/product\/49289\/revisions"}],"wp:featuredmedia":[{"embeddable":true,"href":"https:\/\/diamant-strass-dmc.com\/pl\/wp-json\/wp\/v2\/media\/44014"}],"wp:attachment":[{"href":"https:\/\/diamant-strass-dmc.com\/pl\/wp-json\/wp\/v2\/media?parent=49289"}],"wp:term":[{"taxonomy":"product_brand","embeddable":true,"href":"https:\/\/diamant-strass-dmc.com\/pl\/wp-json\/wp\/v2\/product_brand?post=49289"},{"taxonomy":"product_cat","embeddable":true,"href":"https:\/\/diamant-strass-dmc.com\/pl\/wp-json\/wp\/v2\/product_cat?post=49289"}],"curies":[{"name":"wp","href":"https:\/\/api.w.org\/{rel}","templated":true}]}}