{"id":49259,"date":"2022-09-05T18:43:28","date_gmt":"2023-01-18T01:40:58","guid":{"rendered":"https:\/\/diamant-strass-dmc.com\/perles-broderie\/boze-narodzenie-haft-kolkowy-malowanie-diamentow\/"},"modified":"2023-12-03T18:57:03","modified_gmt":"2023-12-03T17:57:03","slug":"boze-narodzenie-haft-kolkowy-malowanie-diamentow","status":"publish","type":"product","link":"https:\/\/diamant-strass-dmc.com\/pl\/perles-broderie\/boze-narodzenie-haft-kolkowy-malowanie-diamentow\/","title":{"rendered":"4 \u015bwi\u0105teczne breloki z haftem diamentowym"},"content":{"rendered":"<p><strong>Wymiary brelok\u00f3w (bez \u0142a\u0144cuszka) w <\/strong><strong>Szeroko\u015b\u0107 x wysoko\u015b\u0107 :<\/strong><br \/>\nJod\u0142a: 6 x 6,9 cm<br \/>\nBa\u0142wan: 7,8 x 5 cm<br \/>\nMufa: 6,9 x 5,1 cm<br \/>\nSkarpeta: 4,7 x 7,3 cm<\/p>\n","protected":false},"excerpt":{"rendered":"<p><strong>Zestaw ten zawiera :<\/strong><\/p>\n<ul>\n<li>4 elementy do wyhaftowania<\/li>\n<li>1 d\u0142ugopis z ko\u0144c\u00f3wk\u0105<\/li>\n<li>Diamentowe torebki<\/li>\n<li>1 kwadrat kleju<\/li>\n<li>1 taca do sortowania diament\u00f3w<\/li>\n<li>4 \u0142a\u0144cuchy + klipsy<\/li>\n<li>Puste worki do przechowywania diament\u00f3w<\/li>\n<\/ul>\n","protected":false},"featured_media":44286,"template":"","meta":{"footnotes":""},"product_brand":[],"product_cat":[7215],"class_list":{"0":"post-49259","1":"product","2":"type-product","3":"status-publish","4":"has-post-thumbnail","6":"product_cat-brelok-z-haftem-diamentowym","8":"first","9":"outofstock","10":"sale","11":"taxable","12":"shipping-taxable","13":"purchasable","14":"product-type-simple"},"aioseo_notices":[],"_links":{"self":[{"href":"https:\/\/diamant-strass-dmc.com\/pl\/wp-json\/wp\/v2\/product\/49259","targetHints":{"allow":["GET"]}}],"collection":[{"href":"https:\/\/diamant-strass-dmc.com\/pl\/wp-json\/wp\/v2\/product"}],"about":[{"href":"https:\/\/diamant-strass-dmc.com\/pl\/wp-json\/wp\/v2\/types\/product"}],"version-history":[{"count":0,"href":"https:\/\/diamant-strass-dmc.com\/pl\/wp-json\/wp\/v2\/product\/49259\/revisions"}],"wp:featuredmedia":[{"embeddable":true,"href":"https:\/\/diamant-strass-dmc.com\/pl\/wp-json\/wp\/v2\/media\/44286"}],"wp:attachment":[{"href":"https:\/\/diamant-strass-dmc.com\/pl\/wp-json\/wp\/v2\/media?parent=49259"}],"wp:term":[{"taxonomy":"product_brand","embeddable":true,"href":"https:\/\/diamant-strass-dmc.com\/pl\/wp-json\/wp\/v2\/product_brand?post=49259"},{"taxonomy":"product_cat","embeddable":true,"href":"https:\/\/diamant-strass-dmc.com\/pl\/wp-json\/wp\/v2\/product_cat?post=49259"}],"curies":[{"name":"wp","href":"https:\/\/api.w.org\/{rel}","templated":true}]}}