{"id":49252,"date":"2022-09-05T19:12:47","date_gmt":"2023-01-18T01:40:54","guid":{"rendered":"https:\/\/diamant-strass-dmc.com\/perles-broderie\/slonik-oprawka-do-pierscionka-haft-diamond-malowanie\/"},"modified":"2023-12-03T18:57:10","modified_gmt":"2023-12-03T17:57:10","slug":"slonik-oprawka-do-pierscionka-haft-diamond-malowanie","status":"publish","type":"product","link":"https:\/\/diamant-strass-dmc.com\/pl\/perles-broderie\/slonik-oprawka-do-pierscionka-haft-diamond-malowanie\/","title":{"rendered":"4 breloki w kszta\u0142cie s\u0142oni z haftem diamentowym"},"content":{"rendered":"<p>Wymiary brelok\u00f3w (bez \u0142a\u0144cuszka): 7 x 7 cm<\/p>\n","protected":false},"excerpt":{"rendered":"<p><strong>Zestaw ten zawiera :<\/strong><\/p>\n<ul>\n<li>4 elementy do wyhaftowania<\/li>\n<li>1 d\u0142ugopis z ko\u0144c\u00f3wk\u0105<\/li>\n<li>Diamentowe torebki<\/li>\n<li>1 kwadrat kleju<\/li>\n<li>1 taca do sortowania diament\u00f3w<\/li>\n<li>4 \u0142a\u0144cuchy + klipsy<\/li>\n<li>Puste worki do przechowywania diament\u00f3w<\/li>\n<\/ul>\n","protected":false},"featured_media":44241,"template":"","meta":{"footnotes":""},"product_brand":[],"product_cat":[7215],"class_list":{"0":"post-49252","1":"product","2":"type-product","3":"status-publish","4":"has-post-thumbnail","6":"product_cat-brelok-z-haftem-diamentowym","8":"first","9":"instock","10":"sale","11":"taxable","12":"shipping-taxable","13":"purchasable","14":"product-type-simple"},"aioseo_notices":[],"_links":{"self":[{"href":"https:\/\/diamant-strass-dmc.com\/pl\/wp-json\/wp\/v2\/product\/49252","targetHints":{"allow":["GET"]}}],"collection":[{"href":"https:\/\/diamant-strass-dmc.com\/pl\/wp-json\/wp\/v2\/product"}],"about":[{"href":"https:\/\/diamant-strass-dmc.com\/pl\/wp-json\/wp\/v2\/types\/product"}],"version-history":[{"count":0,"href":"https:\/\/diamant-strass-dmc.com\/pl\/wp-json\/wp\/v2\/product\/49252\/revisions"}],"wp:featuredmedia":[{"embeddable":true,"href":"https:\/\/diamant-strass-dmc.com\/pl\/wp-json\/wp\/v2\/media\/44241"}],"wp:attachment":[{"href":"https:\/\/diamant-strass-dmc.com\/pl\/wp-json\/wp\/v2\/media?parent=49252"}],"wp:term":[{"taxonomy":"product_brand","embeddable":true,"href":"https:\/\/diamant-strass-dmc.com\/pl\/wp-json\/wp\/v2\/product_brand?post=49252"},{"taxonomy":"product_cat","embeddable":true,"href":"https:\/\/diamant-strass-dmc.com\/pl\/wp-json\/wp\/v2\/product_cat?post=49252"}],"curies":[{"name":"wp","href":"https:\/\/api.w.org\/{rel}","templated":true}]}}