{"id":46696,"date":"2022-08-10T21:29:16","date_gmt":"2022-08-10T19:29:16","guid":{"rendered":"https:\/\/diamant-strass-dmc.com\/perles-broderie\/100-toreb-na-perly-w-nadwyzce\/"},"modified":"2024-09-16T18:19:33","modified_gmt":"2024-09-16T16:19:33","slug":"zip-bags-beads-diamonds-surplus","status":"publish","type":"product","link":"https:\/\/diamant-strass-dmc.com\/pl\/perles-broderie\/zip-bags-beads-diamonds-surplus\/","title":{"rendered":"Grube torebki z zamkiem b\u0142yskawicznym na nadmiar pere\u0142"},"content":{"rendered":"<p>Ta paczka <strong>torebek z zamkiem b\u0142yskawicznym<\/strong> b\u0119dzie przydatna do przechowywania koralik\u00f3w lub <strong>nadmiaru koralik\u00f3w do malowania diament\u00f3w<\/strong>.<br \/>\nTe ma\u0142e torebki maj\u0105 wygodny rozmiar <strong>4 x 6 cm<\/strong> (rozmiar u\u017cytkowy, tj. bez paska mocuj\u0105cego). <\/p>\n<p>Zamkni\u0119cie jest bardzo solidne, a <strong>plastik jest gruby<\/strong> (50 mikron\u00f3w).<\/p>\n<p>Pasek zamykaj\u0105cy zawiera centralny otw\u00f3r do zawieszania o \u015brednicy 6 mm.<\/p>\n","protected":false},"excerpt":{"rendered":"<p style=\"display:none;\">ok<\/p>\n","protected":false},"featured_media":35873,"template":"","meta":{"footnotes":""},"product_brand":[],"product_cat":[7184,7288],"class_list":{"0":"post-46696","1":"product","2":"type-product","3":"status-publish","4":"has-post-thumbnail","6":"product_cat-akcesoria","7":"product_cat-promo-pl","9":"first","10":"instock","11":"sale","12":"taxable","13":"shipping-taxable","14":"purchasable","15":"product-type-variable","16":"has-default-attributes"},"aioseo_notices":[],"_links":{"self":[{"href":"https:\/\/diamant-strass-dmc.com\/pl\/wp-json\/wp\/v2\/product\/46696","targetHints":{"allow":["GET"]}}],"collection":[{"href":"https:\/\/diamant-strass-dmc.com\/pl\/wp-json\/wp\/v2\/product"}],"about":[{"href":"https:\/\/diamant-strass-dmc.com\/pl\/wp-json\/wp\/v2\/types\/product"}],"version-history":[{"count":7,"href":"https:\/\/diamant-strass-dmc.com\/pl\/wp-json\/wp\/v2\/product\/46696\/revisions"}],"predecessor-version":[{"id":76837,"href":"https:\/\/diamant-strass-dmc.com\/pl\/wp-json\/wp\/v2\/product\/46696\/revisions\/76837"}],"wp:featuredmedia":[{"embeddable":true,"href":"https:\/\/diamant-strass-dmc.com\/pl\/wp-json\/wp\/v2\/media\/35873"}],"wp:attachment":[{"href":"https:\/\/diamant-strass-dmc.com\/pl\/wp-json\/wp\/v2\/media?parent=46696"}],"wp:term":[{"taxonomy":"product_brand","embeddable":true,"href":"https:\/\/diamant-strass-dmc.com\/pl\/wp-json\/wp\/v2\/product_brand?post=46696"},{"taxonomy":"product_cat","embeddable":true,"href":"https:\/\/diamant-strass-dmc.com\/pl\/wp-json\/wp\/v2\/product_cat?post=46696"}],"curies":[{"name":"wp","href":"https:\/\/api.w.org\/{rel}","templated":true}]}}