{"id":46650,"date":"2022-07-27T03:09:55","date_gmt":"2022-07-27T01:09:55","guid":{"rendered":"https:\/\/diamant-strass-dmc.com\/perles-broderie\/standardowy-dlugopis-z-7-diamentowa-glowica\/"},"modified":"2024-10-19T02:30:36","modified_gmt":"2024-10-19T00:30:36","slug":"standardowy-pen-haft-diament","status":"publish","type":"product","link":"https:\/\/diamant-strass-dmc.com\/pl\/perles-broderie\/standardowy-pen-haft-diament\/","title":{"rendered":"Zestaw 2 diamentowych pi\u00f3r do malowania z g\u0142owicami i uchwytami"},"content":{"rendered":"<p><strong>D\u0142ugo\u015b\u0107 d\u0142ugopisu: 12,6 cm.<\/strong><\/p>\n<p>Standardowe pi\u00f3ra kompatybilne z dowolnym uchwytem lub standardow\u0105 g\u0142owic\u0105.<\/p>\n<p>G\u0142owice z wieloma diamentami s\u0142u\u017c\u0105 do \u0142apania i osadzania kilku koralik\u00f3w jednocze\u015bnie. W tym zestawie znajdziesz jedn\u0105 g\u0142owic\u0119 do osadzania 3 diament\u00f3w jednocze\u015bnie i drug\u0105 do osadzania 9 diament\u00f3w jednocze\u015bnie (opr\u00f3cz 2 g\u0142owic do osadzania tylko jednego diamentu). <\/p>\n<p>G\u0142owice s\u0105 p\u00f3\u0142przezroczyste, wi\u0119c przepuszczaj\u0105 \u015bwiat\u0142o, ale nie s\u0105 te\u017c przezroczyste. Plastik jest przydymiony na bia\u0142o. <\/p>\n","protected":false},"excerpt":{"rendered":"<p style=\"margin-bottom:0;\"><strong>Zestaw zawiera :<\/strong><\/p>\n<ul>\n<li>1 r\u00f3\u017cowy d\u0142ugopis + 1 czerwony uchwyt;<\/li>\n<li>1 niebieski d\u0142ugopis + 1 niebieski uchwyt;<\/li>\n<li>2 g\u0142owice za 1 diament;<\/li>\n<li>1 g\u0142owa za 3 diamenty;<\/li>\n<li>1 g\u0142owa za 9 diament\u00f3w.<\/li>\n<\/ul>\n","protected":false},"featured_media":79387,"template":"","meta":{"footnotes":""},"product_brand":[],"product_cat":[7184,7288],"class_list":{"0":"post-46650","1":"product","2":"type-product","3":"status-publish","4":"has-post-thumbnail","6":"product_cat-akcesoria","7":"product_cat-promo-pl","9":"first","10":"instock","11":"sale","12":"taxable","13":"shipping-taxable","14":"purchasable","15":"product-type-simple"},"aioseo_notices":[],"_links":{"self":[{"href":"https:\/\/diamant-strass-dmc.com\/pl\/wp-json\/wp\/v2\/product\/46650","targetHints":{"allow":["GET"]}}],"collection":[{"href":"https:\/\/diamant-strass-dmc.com\/pl\/wp-json\/wp\/v2\/product"}],"about":[{"href":"https:\/\/diamant-strass-dmc.com\/pl\/wp-json\/wp\/v2\/types\/product"}],"version-history":[{"count":1,"href":"https:\/\/diamant-strass-dmc.com\/pl\/wp-json\/wp\/v2\/product\/46650\/revisions"}],"predecessor-version":[{"id":79448,"href":"https:\/\/diamant-strass-dmc.com\/pl\/wp-json\/wp\/v2\/product\/46650\/revisions\/79448"}],"wp:featuredmedia":[{"embeddable":true,"href":"https:\/\/diamant-strass-dmc.com\/pl\/wp-json\/wp\/v2\/media\/79387"}],"wp:attachment":[{"href":"https:\/\/diamant-strass-dmc.com\/pl\/wp-json\/wp\/v2\/media?parent=46650"}],"wp:term":[{"taxonomy":"product_brand","embeddable":true,"href":"https:\/\/diamant-strass-dmc.com\/pl\/wp-json\/wp\/v2\/product_brand?post=46650"},{"taxonomy":"product_cat","embeddable":true,"href":"https:\/\/diamant-strass-dmc.com\/pl\/wp-json\/wp\/v2\/product_cat?post=46650"}],"curies":[{"name":"wp","href":"https:\/\/api.w.org\/{rel}","templated":true}]}}