{"id":46529,"date":"2022-07-27T23:28:44","date_gmt":"2022-07-27T21:28:44","guid":{"rendered":"https:\/\/diamant-strass-dmc.com\/perles-broderie\/swiecacy-dlugopis-ze-szklem-powiekszajacym-i-glowicami\/"},"modified":"2024-09-17T17:20:43","modified_gmt":"2024-09-17T15:20:43","slug":"podswietlany-dlugopis-wycinajacy-diamentowy-hafcik","status":"publish","type":"product","link":"https:\/\/diamant-strass-dmc.com\/pl\/perles-broderie\/podswietlany-dlugopis-wycinajacy-diamentowy-hafcik\/","title":{"rendered":"Pod\u015bwietlany d\u0142ugopis z lup\u0105 i g\u0142owicami"},"content":{"rendered":"<p>Ten \u015bwiec\u0105cy d\u0142ugopis emituje <strong>ukierunkowane \u015bwiat\u0142o<\/strong>, aby u\u0142atwi\u0107 podnoszenie i umieszczanie diament\u00f3w.<\/p>\n<p>Zasilany <strong>2 bateriami AAA (nie do\u0142\u0105czone)<\/strong>, jest wyposa\u017cony w <strong>kilka g\u0142owic<\/strong> do przechowywania 1, 3 lub 6 diament\u00f3w, a tak\u017ce &#8222;g\u0142owic\u0119 korekcyjn\u0105&#8221; do wyr\u00f3wnywania diament\u00f3w po w\u0142o\u017ceniu mi\u0119dzy rz\u0119dy.<\/p>\n<p>To pi\u00f3ro jest r\u00f3wnie\u017c wyposa\u017cone w obrotowe <strong>szk\u0142o powi\u0119kszaj\u0105ce<\/strong>, kt\u00f3re mo\u017cna przypi\u0105\u0107, aby powi\u0119kszy\u0107 obszar do wyhaftowania i poprawi\u0107 szczeg\u00f3\u0142y.<\/p>\n<p>Lampka jest w\u0142\u0105czana i wy\u0142\u0105czana za pomoc\u0105 przycisku na ko\u0144cu pi\u00f3ra.<\/p>\n","protected":false},"excerpt":{"rendered":"<p><strong>Zawarto\u015b\u0107 opakowania :<\/strong><\/p>\n<ul>\n<li>1 pod\u015bwietlany d\u0142ugopis;<\/li>\n<li>1 szk\u0142o powi\u0119kszaj\u0105ce z klipsem;<\/li>\n<li>1 standardowa g\u0142owica 1 diamentowa;<\/li>\n<li>1 standardowa g\u0142owica z 3 diamentami;<\/li>\n<li>1 sztuka 6 diament\u00f3w;<\/li>\n<li>1 g\u0142owica korekcyjna ;<\/li>\n<\/ul>\n","protected":false},"featured_media":70700,"template":"","meta":{"footnotes":""},"product_brand":[],"product_cat":[7184,7288],"class_list":{"0":"post-46529","1":"product","2":"type-product","3":"status-publish","4":"has-post-thumbnail","6":"product_cat-akcesoria","7":"product_cat-promo-pl","9":"first","10":"instock","11":"sale","12":"taxable","13":"shipping-taxable","14":"purchasable","15":"product-type-variable","16":"has-default-attributes"},"aioseo_notices":[],"_links":{"self":[{"href":"https:\/\/diamant-strass-dmc.com\/pl\/wp-json\/wp\/v2\/product\/46529","targetHints":{"allow":["GET"]}}],"collection":[{"href":"https:\/\/diamant-strass-dmc.com\/pl\/wp-json\/wp\/v2\/product"}],"about":[{"href":"https:\/\/diamant-strass-dmc.com\/pl\/wp-json\/wp\/v2\/types\/product"}],"version-history":[{"count":8,"href":"https:\/\/diamant-strass-dmc.com\/pl\/wp-json\/wp\/v2\/product\/46529\/revisions"}],"predecessor-version":[{"id":77511,"href":"https:\/\/diamant-strass-dmc.com\/pl\/wp-json\/wp\/v2\/product\/46529\/revisions\/77511"}],"wp:featuredmedia":[{"embeddable":true,"href":"https:\/\/diamant-strass-dmc.com\/pl\/wp-json\/wp\/v2\/media\/70700"}],"wp:attachment":[{"href":"https:\/\/diamant-strass-dmc.com\/pl\/wp-json\/wp\/v2\/media?parent=46529"}],"wp:term":[{"taxonomy":"product_brand","embeddable":true,"href":"https:\/\/diamant-strass-dmc.com\/pl\/wp-json\/wp\/v2\/product_brand?post=46529"},{"taxonomy":"product_cat","embeddable":true,"href":"https:\/\/diamant-strass-dmc.com\/pl\/wp-json\/wp\/v2\/product_cat?post=46529"}],"curies":[{"name":"wp","href":"https:\/\/api.w.org\/{rel}","templated":true}]}}