{"id":46497,"date":"2022-09-07T02:33:03","date_gmt":"2022-09-07T00:33:03","guid":{"rendered":"https:\/\/diamant-strass-dmc.com\/perles-broderie\/unikalny-dlugopis-6-glowic\/"},"modified":"2024-09-17T17:18:16","modified_gmt":"2024-09-17T15:18:16","slug":"pioro-malowanie-diamenty-haftowanie-diamenty","status":"publish","type":"product","link":"https:\/\/diamant-strass-dmc.com\/pl\/perles-broderie\/pioro-malowanie-diamenty-haftowanie-diamenty\/","title":{"rendered":"Pi\u00f3ro &#8222;Unique&#8221; + 6 g\u0142owic do malowania diamentami"},"content":{"rendered":"<p>Ka\u017cdy zestaw zawiera <strong>1 pisak<\/strong> (niebieski lub fuksjowy r\u00f3\u017cowy) oraz <strong>6 g\u0142owic<\/strong>, <strong>4 p\u0142askie<\/strong> (na 1, 3, 6 i 9 diament\u00f3w), <strong>1 k\u0105tow\u0105<\/strong> (na 1 diament) i <strong>1 korektor<\/strong> (do wyr\u00f3wnania diament\u00f3w).<\/p>\n<p>Dlaczego ten d\u0142ugopis jest <strong>wyj\u0105tkowy<\/strong>? Poniewa\u017c <strong>jego linie nigdy nie s\u0105 takie same!<\/strong><br \/> Efekt marmuru jest <strong>inny za ka\u017cdym razem<\/strong>, jak wida\u0107 na jednym ze zdj\u0119\u0107 obok.<\/p>\n<p>Pi\u00f3ro jest p\u00f3\u0142przezroczyste, wi\u0119c \u015bwietnie prezentuje si\u0119 w \u015bwietle dziennym.<\/p>\n<p>Wymiary (z g\u0142owicami): 15,5 cm.<br \/>  Na ka\u017cdym ko\u0144cu mo\u017cna zamontowa\u0107 g\u0142owic\u0119.<\/p>\n","protected":false},"excerpt":{"rendered":"<p>Unikalne pi\u00f3ro: inny efekt marmurkowy dla ka\u017cdego pi\u00f3ra (patrz zdj\u0119cie).<\/p>\n","protected":false},"featured_media":44634,"template":"","meta":{"footnotes":""},"product_brand":[],"product_cat":[7184],"class_list":{"0":"post-46497","1":"product","2":"type-product","3":"status-publish","4":"has-post-thumbnail","6":"product_cat-akcesoria","8":"first","9":"instock","10":"sale","11":"taxable","12":"shipping-taxable","13":"purchasable","14":"product-type-variable","15":"has-default-attributes"},"aioseo_notices":[],"_links":{"self":[{"href":"https:\/\/diamant-strass-dmc.com\/pl\/wp-json\/wp\/v2\/product\/46497","targetHints":{"allow":["GET"]}}],"collection":[{"href":"https:\/\/diamant-strass-dmc.com\/pl\/wp-json\/wp\/v2\/product"}],"about":[{"href":"https:\/\/diamant-strass-dmc.com\/pl\/wp-json\/wp\/v2\/types\/product"}],"version-history":[{"count":3,"href":"https:\/\/diamant-strass-dmc.com\/pl\/wp-json\/wp\/v2\/product\/46497\/revisions"}],"predecessor-version":[{"id":77486,"href":"https:\/\/diamant-strass-dmc.com\/pl\/wp-json\/wp\/v2\/product\/46497\/revisions\/77486"}],"wp:featuredmedia":[{"embeddable":true,"href":"https:\/\/diamant-strass-dmc.com\/pl\/wp-json\/wp\/v2\/media\/44634"}],"wp:attachment":[{"href":"https:\/\/diamant-strass-dmc.com\/pl\/wp-json\/wp\/v2\/media?parent=46497"}],"wp:term":[{"taxonomy":"product_brand","embeddable":true,"href":"https:\/\/diamant-strass-dmc.com\/pl\/wp-json\/wp\/v2\/product_brand?post=46497"},{"taxonomy":"product_cat","embeddable":true,"href":"https:\/\/diamant-strass-dmc.com\/pl\/wp-json\/wp\/v2\/product_cat?post=46497"}],"curies":[{"name":"wp","href":"https:\/\/api.w.org\/{rel}","templated":true}]}}