{"id":46443,"date":"2022-07-28T01:36:54","date_gmt":"2022-10-05T00:02:24","guid":{"rendered":"https:\/\/diamant-strass-dmc.com\/perles-broderie\/glowica-piora-do-haftu-diamentowego\/"},"modified":"2024-09-17T17:45:07","modified_gmt":"2024-09-17T15:45:07","slug":"head-stylo-brodery-diamond","status":"publish","type":"product","link":"https:\/\/diamant-strass-dmc.com\/pl\/perles-broderie\/head-stylo-brodery-diamond\/","title":{"rendered":"G\u0142owice pi\u00f3r do malowania diamentowego"},"content":{"rendered":"<p>Zdj\u0119cie pokazuje wszystkie dost\u0119pne g\u0142owice, ale <strong>cena dotyczy pojedynczej g\u0142owicy<\/strong>, a nie partii, chyba \u017ce wybierzesz <strong><em>Wszystkie g\u0142owice, z wyj\u0105tkiem &#8222;A &#8211; G\u0142owica korekcyjna&#8221;.<\/em><\/strong>W takim przypadku otrzymasz wszystkie 13 g\u0142owic diamentowych oraz 1 g\u0142owic\u0119 diamentow\u0105 k\u0105tow\u0105 (w sumie 14 g\u0142owic).<\/p>\n<p>Za jednym razem mo\u017cna osadzi\u0107 od <strong>3 do 15 diament\u00f3w<\/strong>, w zale\u017cno\u015bci od rozmiaru g\u0142owy (rysunek na zdj\u0119ciu). Rozmiar ten jest wybierany w opcji &#8222;Typ g\u0142owicy&#8221;.<\/p>\n<p>Oferujemy r\u00f3wnie\u017c g\u0142owic\u0119, kt\u00f3ra pozwala na umieszczenie tylko jednego diamentu, a jej szczeg\u00f3ln\u0105 cech\u0105 jest to, \u017ce jest ustawiona <strong>pod k\u0105tem<\/strong>, co zapewnia <strong>lepsz\u0105 ergonomi\u0119<\/strong> i pozycjonowanie pi\u00f3ra.<\/p>\n<p>Wreszcie, oferujemy <strong>&#8222;g\u0142owic\u0119 korekcyjn\u0105<\/strong>&#8222;, kt\u00f3ra nie pozwala na osadzanie diament\u00f3w, ale jest umieszczana mi\u0119dzy rz\u0119dami, aby diamenty by\u0142y odpowiednio wyr\u00f3wnane.<\/p>\n<p>G\u0142owice te pasuj\u0105 do wszystkich standardowych pi\u00f3r do malowania diamentowego, w tym podstawowego r\u00f3\u017cowego pi\u00f3ra dostarczanego w wi\u0119kszo\u015bci zestaw\u00f3w.<\/p>\n<style><!-- .woo-selected-variation-item-name, .woocommerce-product-details__short-description { display:none !important; } li.variable-item { line-height: 1em; } --><\/style>\n","protected":false},"excerpt":{"rendered":"<p>Malowanie diamentowe<\/p>\n","protected":false},"featured_media":69629,"template":"","meta":{"footnotes":""},"product_brand":[],"product_cat":[7184],"class_list":{"0":"post-46443","1":"product","2":"type-product","3":"status-publish","4":"has-post-thumbnail","6":"product_cat-akcesoria","8":"first","9":"instock","10":"sale","11":"taxable","12":"shipping-taxable","13":"purchasable","14":"product-type-variable","15":"has-default-attributes"},"aioseo_notices":[],"_links":{"self":[{"href":"https:\/\/diamant-strass-dmc.com\/pl\/wp-json\/wp\/v2\/product\/46443","targetHints":{"allow":["GET"]}}],"collection":[{"href":"https:\/\/diamant-strass-dmc.com\/pl\/wp-json\/wp\/v2\/product"}],"about":[{"href":"https:\/\/diamant-strass-dmc.com\/pl\/wp-json\/wp\/v2\/types\/product"}],"version-history":[{"count":7,"href":"https:\/\/diamant-strass-dmc.com\/pl\/wp-json\/wp\/v2\/product\/46443\/revisions"}],"predecessor-version":[{"id":77580,"href":"https:\/\/diamant-strass-dmc.com\/pl\/wp-json\/wp\/v2\/product\/46443\/revisions\/77580"}],"wp:featuredmedia":[{"embeddable":true,"href":"https:\/\/diamant-strass-dmc.com\/pl\/wp-json\/wp\/v2\/media\/69629"}],"wp:attachment":[{"href":"https:\/\/diamant-strass-dmc.com\/pl\/wp-json\/wp\/v2\/media?parent=46443"}],"wp:term":[{"taxonomy":"product_brand","embeddable":true,"href":"https:\/\/diamant-strass-dmc.com\/pl\/wp-json\/wp\/v2\/product_brand?post=46443"},{"taxonomy":"product_cat","embeddable":true,"href":"https:\/\/diamant-strass-dmc.com\/pl\/wp-json\/wp\/v2\/product_cat?post=46443"}],"curies":[{"name":"wp","href":"https:\/\/api.w.org\/{rel}","templated":true}]}}