{"id":46346,"date":"2022-09-06T18:03:14","date_gmt":"2022-10-05T00:01:49","guid":{"rendered":"https:\/\/diamant-strass-dmc.com\/perles-broderie\/3-zestawy-kolowe-walek-samoprzylepny\/"},"modified":"2023-12-03T19:00:56","modified_gmt":"2023-12-03T18:00:56","slug":"roulette-broderie-diamond-painting","status":"publish","type":"product","link":"https:\/\/diamant-strass-dmc.com\/pl\/perles-broderie\/roulette-broderie-diamond-painting\/","title":{"rendered":"3 k\u00f3\u0142ka + wa\u0142ek do klejenia"},"content":{"rendered":"<p>1\/ <strong>Przymocuj kawa\u0142ek ta\u015bmy klej\u0105cej<\/strong> wok\u00f3\u0142 ko\u0142a;<br \/>\n2\/ Kr\u0119\u0107 ko\u0142em w swojej podstawce, aby <strong>z\u0142apa\u0107 diamenty<\/strong>;<br \/>\n3\/ Roluj wa\u0142ek po p\u0142\u00f3tnie, aby <strong>przyklei\u0107 diamenciki<\/strong>.<\/p>\n<p>Umie\u015b\u0107 wiele diament\u00f3w za pomoc\u0105 k\u00f3\u0142ek dostarczonych w tym zestawie, o 3 r\u00f3\u017cnych \u015brednicach w zale\u017cno\u015bci od potrzeb (im wi\u0119ksze k\u00f3\u0142ko, tym wi\u0119cej diament\u00f3w mo\u017cesz umie\u015bci\u0107).<\/p>\n<p>K\u00f3\u0142ka s\u0105 solidnie przymocowane do ko\u0144ca swojego wrzeciona za pomoc\u0105 gwintu, a w zestawie znajduj\u0105 si\u0119 3 wrzeciona, dzi\u0119ki czemu mo\u017cna cieszy\u0107 si\u0119 r\u00f3\u017cnymi rozmiarami k\u00f3\u0142ek bez konieczno\u015bci ich ka\u017cdorazowego demonta\u017cu.<\/p>\n<p>W zestawie znajduje si\u0119 r\u00f3wnie\u017c rolka ta\u015bmy klej\u0105cej o szeroko\u015bci k\u00f3\u0142ek.<\/p>\n<p><strong>Ko\u0142o ruletki wymaga praktyki, ale gdy ju\u017c je opanujesz, nie b\u0119dziesz m\u00f3g\u0142 si\u0119 bez niego obej\u015b\u0107!<\/strong><\/p>\n","protected":false},"excerpt":{"rendered":"<p><strong>Zestaw ten zawiera :<\/strong><\/p>\n<ul>\n<li><strong>3 k\u00f3\u0142ka<\/strong> (\u015brednica 3 cm, 4 cm i 5 cm) ;<\/li>\n<li><strong>3 w\u0119dki<\/strong> do ich naprawienia;<\/li>\n<li><strong>1 rolka ta\u015bmy klej\u0105cej<\/strong>.<\/li>\n<\/ul>\n","protected":false},"featured_media":44343,"template":"","meta":{"footnotes":""},"product_brand":[],"product_cat":[7184],"class_list":{"0":"post-46346","1":"product","2":"type-product","3":"status-publish","4":"has-post-thumbnail","6":"product_cat-akcesoria","8":"first","9":"instock","10":"sale","11":"taxable","12":"shipping-taxable","13":"purchasable","14":"product-type-simple"},"aioseo_notices":[],"_links":{"self":[{"href":"https:\/\/diamant-strass-dmc.com\/pl\/wp-json\/wp\/v2\/product\/46346","targetHints":{"allow":["GET"]}}],"collection":[{"href":"https:\/\/diamant-strass-dmc.com\/pl\/wp-json\/wp\/v2\/product"}],"about":[{"href":"https:\/\/diamant-strass-dmc.com\/pl\/wp-json\/wp\/v2\/types\/product"}],"version-history":[{"count":0,"href":"https:\/\/diamant-strass-dmc.com\/pl\/wp-json\/wp\/v2\/product\/46346\/revisions"}],"wp:featuredmedia":[{"embeddable":true,"href":"https:\/\/diamant-strass-dmc.com\/pl\/wp-json\/wp\/v2\/media\/44343"}],"wp:attachment":[{"href":"https:\/\/diamant-strass-dmc.com\/pl\/wp-json\/wp\/v2\/media?parent=46346"}],"wp:term":[{"taxonomy":"product_brand","embeddable":true,"href":"https:\/\/diamant-strass-dmc.com\/pl\/wp-json\/wp\/v2\/product_brand?post=46346"},{"taxonomy":"product_cat","embeddable":true,"href":"https:\/\/diamant-strass-dmc.com\/pl\/wp-json\/wp\/v2\/product_cat?post=46346"}],"curies":[{"name":"wp","href":"https:\/\/api.w.org\/{rel}","templated":true}]}}