{"id":46337,"date":"2022-07-27T02:45:40","date_gmt":"2022-10-05T00:01:46","guid":{"rendered":"https:\/\/diamant-strass-dmc.com\/perles-broderie\/uchwyt-do-diamentowego-piora-do-haftu\/"},"modified":"2024-09-17T10:26:32","modified_gmt":"2024-09-17T08:26:32","slug":"grip-stylo-brodery-diamond","status":"publish","type":"product","link":"https:\/\/diamant-strass-dmc.com\/pl\/perles-broderie\/grip-stylo-brodery-diamond\/","title":{"rendered":"Uchwyty do pi\u00f3ra diamentowego"},"content":{"rendered":"<p>Pasuje do standardowych pi\u00f3r do malowania w r\u00f3\u017cowe romby (widocznych na zdj\u0119ciach).<\/p>\n","protected":false},"excerpt":{"rendered":"<p style=\"display:none;\">ok<\/p>\n","protected":false},"featured_media":77238,"template":"","meta":{"footnotes":""},"product_brand":[],"product_cat":[7184],"class_list":{"0":"post-46337","1":"product","2":"type-product","3":"status-publish","4":"has-post-thumbnail","6":"product_cat-akcesoria","8":"first","9":"instock","10":"sale","11":"taxable","12":"shipping-taxable","13":"purchasable","14":"product-type-variable","15":"has-default-attributes"},"aioseo_notices":[],"_links":{"self":[{"href":"https:\/\/diamant-strass-dmc.com\/pl\/wp-json\/wp\/v2\/product\/46337","targetHints":{"allow":["GET"]}}],"collection":[{"href":"https:\/\/diamant-strass-dmc.com\/pl\/wp-json\/wp\/v2\/product"}],"about":[{"href":"https:\/\/diamant-strass-dmc.com\/pl\/wp-json\/wp\/v2\/types\/product"}],"version-history":[{"count":3,"href":"https:\/\/diamant-strass-dmc.com\/pl\/wp-json\/wp\/v2\/product\/46337\/revisions"}],"predecessor-version":[{"id":77207,"href":"https:\/\/diamant-strass-dmc.com\/pl\/wp-json\/wp\/v2\/product\/46337\/revisions\/77207"}],"wp:featuredmedia":[{"embeddable":true,"href":"https:\/\/diamant-strass-dmc.com\/pl\/wp-json\/wp\/v2\/media\/77238"}],"wp:attachment":[{"href":"https:\/\/diamant-strass-dmc.com\/pl\/wp-json\/wp\/v2\/media?parent=46337"}],"wp:term":[{"taxonomy":"product_brand","embeddable":true,"href":"https:\/\/diamant-strass-dmc.com\/pl\/wp-json\/wp\/v2\/product_brand?post=46337"},{"taxonomy":"product_cat","embeddable":true,"href":"https:\/\/diamant-strass-dmc.com\/pl\/wp-json\/wp\/v2\/product_cat?post=46337"}],"curies":[{"name":"wp","href":"https:\/\/api.w.org\/{rel}","templated":true}]}}