{"id":46319,"date":"2022-09-22T02:40:14","date_gmt":"2022-10-05T00:01:44","guid":{"rendered":"https:\/\/diamant-strass-dmc.com\/perles-broderie\/10-nieprzywierajacych-arkuszy-plociennej-pokrywy\/"},"modified":"2024-09-16T18:19:21","modified_gmt":"2024-09-16T16:19:21","slug":"arkusze-antyadhezyjne-okrywajace-toalety","status":"publish","type":"product","link":"https:\/\/diamant-strass-dmc.com\/pl\/perles-broderie\/arkusze-antyadhezyjne-okrywajace-toalety\/","title":{"rendered":"Nieprzywieraj\u0105ce arkusze do plandek"},"content":{"rendered":"<p>Mo\u017cna j\u0105 odkleja\u0107 i przykleja\u0107 <strong>wielokrotnie<\/strong>.<br \/>\nJest to o wiele bardziej wydajne i przyjemne, poniewa\u017c mo\u017cna pracowa\u0107 na ma\u0142ych obszarach<strong> bez przeszk\u00f3d<\/strong> w postaci oryginalnego du\u017cego arkusza, kt\u00f3ry cz\u0119sto si\u0119 nie przykleja. <\/p>\n","protected":false},"excerpt":{"rendered":"<p style=\"display:none;\">ok<\/p>\n","protected":false},"featured_media":45365,"template":"","meta":{"footnotes":""},"product_brand":[],"product_cat":[7184,7288],"class_list":{"0":"post-46319","1":"product","2":"type-product","3":"status-publish","4":"has-post-thumbnail","6":"product_cat-akcesoria","7":"product_cat-promo-pl","9":"first","10":"instock","11":"sale","12":"taxable","13":"shipping-taxable","14":"purchasable","15":"product-type-variable","16":"has-default-attributes"},"aioseo_notices":[],"_links":{"self":[{"href":"https:\/\/diamant-strass-dmc.com\/pl\/wp-json\/wp\/v2\/product\/46319","targetHints":{"allow":["GET"]}}],"collection":[{"href":"https:\/\/diamant-strass-dmc.com\/pl\/wp-json\/wp\/v2\/product"}],"about":[{"href":"https:\/\/diamant-strass-dmc.com\/pl\/wp-json\/wp\/v2\/types\/product"}],"version-history":[{"count":1,"href":"https:\/\/diamant-strass-dmc.com\/pl\/wp-json\/wp\/v2\/product\/46319\/revisions"}],"predecessor-version":[{"id":76925,"href":"https:\/\/diamant-strass-dmc.com\/pl\/wp-json\/wp\/v2\/product\/46319\/revisions\/76925"}],"wp:featuredmedia":[{"embeddable":true,"href":"https:\/\/diamant-strass-dmc.com\/pl\/wp-json\/wp\/v2\/media\/45365"}],"wp:attachment":[{"href":"https:\/\/diamant-strass-dmc.com\/pl\/wp-json\/wp\/v2\/media?parent=46319"}],"wp:term":[{"taxonomy":"product_brand","embeddable":true,"href":"https:\/\/diamant-strass-dmc.com\/pl\/wp-json\/wp\/v2\/product_brand?post=46319"},{"taxonomy":"product_cat","embeddable":true,"href":"https:\/\/diamant-strass-dmc.com\/pl\/wp-json\/wp\/v2\/product_cat?post=46319"}],"curies":[{"name":"wp","href":"https:\/\/api.w.org\/{rel}","templated":true}]}}