{"id":46307,"date":"2022-09-06T20:04:44","date_gmt":"2022-10-05T00:01:41","guid":{"rendered":"https:\/\/diamant-strass-dmc.com\/perles-broderie\/szpatulka-korekcyjna-do-haftu-diamentowego\/"},"modified":"2023-12-03T19:00:35","modified_gmt":"2023-12-03T18:00:35","slug":"szpachla-korektor-do-haftu-diamentowego","status":"publish","type":"product","link":"https:\/\/diamant-strass-dmc.com\/pl\/perles-broderie\/szpachla-korektor-do-haftu-diamentowego\/","title":{"rendered":"Szpatu\u0142ka koryguj\u0105ca do haftu diamentowego"},"content":{"rendered":"","protected":false},"excerpt":{"rendered":"<p>Wk\u0142adaj\u0105c j\u0105 <strong>pomi\u0119dzy ka\u017cdy rz\u0105d diament\u00f3w<\/strong>, szpatu\u0142ka ta pozwala na ich <strong>idealne wyr\u00f3wnanie<\/strong>.<\/p>\n<p>Wysoko\u015b\u0107: 14 cm<br \/>\nSzeroko\u015b\u0107: 10 cm<\/p>\n","protected":false},"featured_media":44492,"template":"","meta":{"footnotes":""},"product_brand":[],"product_cat":[7184],"class_list":{"0":"post-46307","1":"product","2":"type-product","3":"status-publish","4":"has-post-thumbnail","6":"product_cat-akcesoria","8":"first","9":"instock","10":"sale","11":"taxable","12":"shipping-taxable","13":"purchasable","14":"product-type-simple"},"aioseo_notices":[],"_links":{"self":[{"href":"https:\/\/diamant-strass-dmc.com\/pl\/wp-json\/wp\/v2\/product\/46307","targetHints":{"allow":["GET"]}}],"collection":[{"href":"https:\/\/diamant-strass-dmc.com\/pl\/wp-json\/wp\/v2\/product"}],"about":[{"href":"https:\/\/diamant-strass-dmc.com\/pl\/wp-json\/wp\/v2\/types\/product"}],"version-history":[{"count":0,"href":"https:\/\/diamant-strass-dmc.com\/pl\/wp-json\/wp\/v2\/product\/46307\/revisions"}],"wp:featuredmedia":[{"embeddable":true,"href":"https:\/\/diamant-strass-dmc.com\/pl\/wp-json\/wp\/v2\/media\/44492"}],"wp:attachment":[{"href":"https:\/\/diamant-strass-dmc.com\/pl\/wp-json\/wp\/v2\/media?parent=46307"}],"wp:term":[{"taxonomy":"product_brand","embeddable":true,"href":"https:\/\/diamant-strass-dmc.com\/pl\/wp-json\/wp\/v2\/product_brand?post=46307"},{"taxonomy":"product_cat","embeddable":true,"href":"https:\/\/diamant-strass-dmc.com\/pl\/wp-json\/wp\/v2\/product_cat?post=46307"}],"curies":[{"name":"wp","href":"https:\/\/api.w.org\/{rel}","templated":true}]}}