{"id":46292,"date":"2022-07-27T02:28:38","date_gmt":"2022-07-27T00:28:38","guid":{"rendered":"https:\/\/diamant-strass-dmc.com\/perles-broderie\/160-etykiet-do-haftu-diamentowego\/"},"modified":"2024-09-17T11:56:15","modified_gmt":"2024-09-17T09:56:15","slug":"haft-etykiety-diamenty","status":"publish","type":"product","link":"https:\/\/diamant-strass-dmc.com\/pl\/perles-broderie\/haft-etykiety-diamenty\/","title":{"rendered":"480 etykiet do malowania diament\u00f3w"},"content":{"rendered":"<ul>\n<li>\nOpakowanie 480 okr\u0105g\u0142ych lub prostok\u0105tnych etykiet;\n<\/li>\n<li>\nOkr\u0105g\u0142e etykiety: \u015brednica 1,5 cm;\n<\/li>\n<li>\nEtykiety prostok\u0105tne: 2 x 1 cm.<\/li>\n<\/ul>\n<style><!-- .woocommerce-variation-price { display: none !important; } --><\/style>\n","protected":false},"excerpt":{"rendered":"<p style=\"display:none;\">ok2<\/p>\n","protected":false},"featured_media":34616,"template":"","meta":{"footnotes":""},"product_brand":[],"product_cat":[7184,7288],"class_list":{"0":"post-46292","1":"product","2":"type-product","3":"status-publish","4":"has-post-thumbnail","6":"product_cat-akcesoria","7":"product_cat-promo-pl","9":"first","10":"instock","11":"sale","12":"taxable","13":"shipping-taxable","14":"purchasable","15":"product-type-variable"},"aioseo_notices":[],"_links":{"self":[{"href":"https:\/\/diamant-strass-dmc.com\/pl\/wp-json\/wp\/v2\/product\/46292","targetHints":{"allow":["GET"]}}],"collection":[{"href":"https:\/\/diamant-strass-dmc.com\/pl\/wp-json\/wp\/v2\/product"}],"about":[{"href":"https:\/\/diamant-strass-dmc.com\/pl\/wp-json\/wp\/v2\/types\/product"}],"version-history":[{"count":7,"href":"https:\/\/diamant-strass-dmc.com\/pl\/wp-json\/wp\/v2\/product\/46292\/revisions"}],"predecessor-version":[{"id":77443,"href":"https:\/\/diamant-strass-dmc.com\/pl\/wp-json\/wp\/v2\/product\/46292\/revisions\/77443"}],"wp:featuredmedia":[{"embeddable":true,"href":"https:\/\/diamant-strass-dmc.com\/pl\/wp-json\/wp\/v2\/media\/34616"}],"wp:attachment":[{"href":"https:\/\/diamant-strass-dmc.com\/pl\/wp-json\/wp\/v2\/media?parent=46292"}],"wp:term":[{"taxonomy":"product_brand","embeddable":true,"href":"https:\/\/diamant-strass-dmc.com\/pl\/wp-json\/wp\/v2\/product_brand?post=46292"},{"taxonomy":"product_cat","embeddable":true,"href":"https:\/\/diamant-strass-dmc.com\/pl\/wp-json\/wp\/v2\/product_cat?post=46292"}],"curies":[{"name":"wp","href":"https:\/\/api.w.org\/{rel}","templated":true}]}}