{"id":46235,"date":"2022-09-21T22:23:48","date_gmt":"2022-09-21T20:23:48","guid":{"rendered":"https:\/\/diamant-strass-dmc.com\/perles-broderie\/okragle-kolorowe-etykiety-numer-dmc\/"},"modified":"2024-09-17T11:43:19","modified_gmt":"2024-09-17T09:43:19","slug":"okragle-etykiety-samoprzylepne-kolorowe-dmc","status":"publish","type":"product","link":"https:\/\/diamant-strass-dmc.com\/pl\/perles-broderie\/okragle-etykiety-samoprzylepne-kolorowe-dmc\/","title":{"rendered":"Okr\u0105g\u0142e etykiety kolor\u00f3w + numer DMC"},"content":{"rendered":"<p>Specjalnie przystosowany do s\u0142oik\u00f3w z koralikami <span style=\"text-decoration: underline;\"><strong><a href=\"\/perles-broderie\/bocaux-perles-broderie-diamant\/\">sprzedawane tutaj<\/a><\/strong><\/span>. \u015arednica etykiety: 11 mm.<\/p>\n","protected":false},"excerpt":{"rendered":"<p>Opakowanie <strong>447<\/strong> okr\u0105g\u0142ych <strong>etykiet<\/strong> samoprzylepnych we<strong> wszystkich kolorach<\/strong> z karty kolor\u00f3w DMC <strong>z numerem<\/strong> referencyjnym (w tym bia\u0142y, ecru i 5200). + 99 <strong>etykiet<\/strong> numerowanych od 1 do 99 i <strong>26 etykiet<\/strong> literowych od A do Z.<\/p>\n","protected":false},"featured_media":45299,"template":"","meta":{"footnotes":""},"product_brand":[],"product_cat":[7184],"class_list":{"0":"post-46235","1":"product","2":"type-product","3":"status-publish","4":"has-post-thumbnail","6":"product_cat-akcesoria","8":"first","9":"instock","10":"sale","11":"taxable","12":"shipping-taxable","13":"purchasable","14":"product-type-simple"},"aioseo_notices":[],"_links":{"self":[{"href":"https:\/\/diamant-strass-dmc.com\/pl\/wp-json\/wp\/v2\/product\/46235","targetHints":{"allow":["GET"]}}],"collection":[{"href":"https:\/\/diamant-strass-dmc.com\/pl\/wp-json\/wp\/v2\/product"}],"about":[{"href":"https:\/\/diamant-strass-dmc.com\/pl\/wp-json\/wp\/v2\/types\/product"}],"version-history":[{"count":1,"href":"https:\/\/diamant-strass-dmc.com\/pl\/wp-json\/wp\/v2\/product\/46235\/revisions"}],"predecessor-version":[{"id":77390,"href":"https:\/\/diamant-strass-dmc.com\/pl\/wp-json\/wp\/v2\/product\/46235\/revisions\/77390"}],"wp:featuredmedia":[{"embeddable":true,"href":"https:\/\/diamant-strass-dmc.com\/pl\/wp-json\/wp\/v2\/media\/45299"}],"wp:attachment":[{"href":"https:\/\/diamant-strass-dmc.com\/pl\/wp-json\/wp\/v2\/media?parent=46235"}],"wp:term":[{"taxonomy":"product_brand","embeddable":true,"href":"https:\/\/diamant-strass-dmc.com\/pl\/wp-json\/wp\/v2\/product_brand?post=46235"},{"taxonomy":"product_cat","embeddable":true,"href":"https:\/\/diamant-strass-dmc.com\/pl\/wp-json\/wp\/v2\/product_cat?post=46235"}],"curies":[{"name":"wp","href":"https:\/\/api.w.org\/{rel}","templated":true}]}}