{"id":46232,"date":"2022-08-30T22:19:36","date_gmt":"2022-08-30T20:19:36","guid":{"rendered":"https:\/\/diamant-strass-dmc.com\/perles-broderie\/linijka-wyrownujaca-do-haftu-diamentowego\/"},"modified":"2024-09-17T17:41:14","modified_gmt":"2024-09-17T15:41:14","slug":"ruler-aligning-embroidery-diamond","status":"publish","type":"product","link":"https:\/\/diamant-strass-dmc.com\/pl\/perles-broderie\/ruler-aligning-embroidery-diamond\/","title":{"rendered":"Regu\u0142a wyr\u00f3wnania dla malowania diamentowego"},"content":{"rendered":"<p>Ta zasada pozwoli Ci na idealne wyr\u00f3wnanie diament\u00f3w.<\/p>\n<p>Wybieraj\u0105c opcj\u0119 &#8222;jedna linijka z ka\u017cdej&#8221;, otrzymasz dwie linijki: jedn\u0105 dla okr\u0105g\u0142ych diament\u00f3w i jedn\u0105 dla kwadratowych diament\u00f3w.<\/p>\n<p>Linijka jest mocna, ale <strong>celowo bardzo cienka<\/strong>, aby nie zaczepia\u0142a si\u0119 o brylanty przy podnoszeniu z p\u0142\u00f3tna.<\/p>\n<p>1\/ Ustaw linijk\u0119 nad p\u0142\u00f3tnem, a nast\u0119pnie przyklej ka\u017cdy diament w przewidzianym miejscu.<\/p>\n<p>2\/ Nast\u0119pnie delikatnie odklejamy linijk\u0119, lekko j\u0105 odginaj\u0105c (pozwala na to jej elastyczno\u015b\u0107).<\/p>\n<div style=\"order: 6; border: 1px solid grey; padding: 10px 10px 0 10px; display: block; font-size: 14px; margin-bottom: 20px;\">\n<p>Okr\u0105g\u0142a linijka do diament\u00f3w ma miejsce na ka\u017cdy diament w miejscu, w kt\u00f3rym b\u0119dzie on umieszczony, natomiast kwadratowa linijka do diament\u00f3w nie ods\u0142ania wszystkich.<\/p>\n<p>Ale <strong>wynik idealnego wyr\u00f3wnania b\u0119dzie taki sam<\/strong>, poniewa\u017c po umieszczeniu kwadratowych diament\u00f3w i usuni\u0119ciu linijki z p\u0142\u00f3tna, b\u0119dziesz musia\u0142 tylko przyklei\u0107 diamenty w miejscach, kt\u00f3re linijka nie ujawni\u0142a.<\/p>\n<p>A te si\u0142\u0105 rzeczy b\u0119d\u0105 idealnie u\u0142o\u017cone, bo b\u0119d\u0105 ustawione wzgl\u0119dem diament\u00f3w ju\u017c przyklejonych i dobrze wyr\u00f3wnanych.<\/p>\n<p>&nbsp;&nbsp;<\/p>\n<\/div>\n","protected":false},"excerpt":{"rendered":"<ul>\n<li>Linijka do okr\u0105g\u0142ych diament\u00f3w: 11,5 x 3 cm;<\/li>\n<li>Linijka do kwadratowych diament\u00f3w: 15,5 x 4,5 cm.<\/p>\n<\/li>\n<\/ul>\n","protected":false},"featured_media":70901,"template":"","meta":{"footnotes":""},"product_brand":[],"product_cat":[7184,7288],"class_list":{"0":"post-46232","1":"product","2":"type-product","3":"status-publish","4":"has-post-thumbnail","6":"product_cat-akcesoria","7":"product_cat-promo-pl","9":"first","10":"instock","11":"sale","12":"taxable","13":"shipping-taxable","14":"purchasable","15":"product-type-variable","16":"has-default-attributes"},"aioseo_notices":[],"_links":{"self":[{"href":"https:\/\/diamant-strass-dmc.com\/pl\/wp-json\/wp\/v2\/product\/46232","targetHints":{"allow":["GET"]}}],"collection":[{"href":"https:\/\/diamant-strass-dmc.com\/pl\/wp-json\/wp\/v2\/product"}],"about":[{"href":"https:\/\/diamant-strass-dmc.com\/pl\/wp-json\/wp\/v2\/types\/product"}],"version-history":[{"count":8,"href":"https:\/\/diamant-strass-dmc.com\/pl\/wp-json\/wp\/v2\/product\/46232\/revisions"}],"predecessor-version":[{"id":77563,"href":"https:\/\/diamant-strass-dmc.com\/pl\/wp-json\/wp\/v2\/product\/46232\/revisions\/77563"}],"wp:featuredmedia":[{"embeddable":true,"href":"https:\/\/diamant-strass-dmc.com\/pl\/wp-json\/wp\/v2\/media\/70901"}],"wp:attachment":[{"href":"https:\/\/diamant-strass-dmc.com\/pl\/wp-json\/wp\/v2\/media?parent=46232"}],"wp:term":[{"taxonomy":"product_brand","embeddable":true,"href":"https:\/\/diamant-strass-dmc.com\/pl\/wp-json\/wp\/v2\/product_brand?post=46232"},{"taxonomy":"product_cat","embeddable":true,"href":"https:\/\/diamant-strass-dmc.com\/pl\/wp-json\/wp\/v2\/product_cat?post=46232"}],"curies":[{"name":"wp","href":"https:\/\/api.w.org\/{rel}","templated":true}]}}