{"id":46197,"date":"2022-07-27T01:22:29","date_gmt":"2022-07-26T23:22:29","guid":{"rendered":"https:\/\/diamant-strass-dmc.com\/perles-broderie\/10-kwadratow-kleju-do-haftu-diamentowego\/"},"modified":"2024-09-16T18:30:09","modified_gmt":"2024-09-16T16:30:09","slug":"carres-colle-broderie-diamant","status":"publish","type":"product","link":"https:\/\/diamant-strass-dmc.com\/pl\/perles-broderie\/carres-colle-broderie-diamant\/","title":{"rendered":"Kwadraty kleju do diamond painting"},"content":{"rendered":"<p>Materia\u0142y: glina i silikon.<\/p>\n<p>Niezb\u0119dny do \u0142apania diament\u00f3w.<\/p>\n<p>Naci\u015bnij ko\u0144c\u00f3wk\u0119 specjalnego pisaka na kwadrat kleju, a nast\u0119pnie na diament, kt\u00f3ry ma by\u0107 z\u0142apany. Nast\u0119pnie doci\u015bnij diament do tkaniny samoprzylepnej, doci\u015bnij i usu\u0144 pi\u00f3ro.<\/p>\n","protected":false},"excerpt":{"rendered":"<p style=\"display:none;\">ok<\/p>\n","protected":false},"featured_media":76592,"template":"","meta":{"footnotes":""},"product_brand":[],"product_cat":[7184,7288],"class_list":{"0":"post-46197","1":"product","2":"type-product","3":"status-publish","4":"has-post-thumbnail","6":"product_cat-akcesoria","7":"product_cat-promo-pl","9":"first","10":"instock","11":"sale","12":"taxable","13":"shipping-taxable","14":"purchasable","15":"product-type-variable","16":"has-default-attributes"},"aioseo_notices":[],"_links":{"self":[{"href":"https:\/\/diamant-strass-dmc.com\/pl\/wp-json\/wp\/v2\/product\/46197","targetHints":{"allow":["GET"]}}],"collection":[{"href":"https:\/\/diamant-strass-dmc.com\/pl\/wp-json\/wp\/v2\/product"}],"about":[{"href":"https:\/\/diamant-strass-dmc.com\/pl\/wp-json\/wp\/v2\/types\/product"}],"version-history":[{"count":3,"href":"https:\/\/diamant-strass-dmc.com\/pl\/wp-json\/wp\/v2\/product\/46197\/revisions"}],"predecessor-version":[{"id":76955,"href":"https:\/\/diamant-strass-dmc.com\/pl\/wp-json\/wp\/v2\/product\/46197\/revisions\/76955"}],"wp:featuredmedia":[{"embeddable":true,"href":"https:\/\/diamant-strass-dmc.com\/pl\/wp-json\/wp\/v2\/media\/76592"}],"wp:attachment":[{"href":"https:\/\/diamant-strass-dmc.com\/pl\/wp-json\/wp\/v2\/media?parent=46197"}],"wp:term":[{"taxonomy":"product_brand","embeddable":true,"href":"https:\/\/diamant-strass-dmc.com\/pl\/wp-json\/wp\/v2\/product_brand?post=46197"},{"taxonomy":"product_cat","embeddable":true,"href":"https:\/\/diamant-strass-dmc.com\/pl\/wp-json\/wp\/v2\/product_cat?post=46197"}],"curies":[{"name":"wp","href":"https:\/\/api.w.org\/{rel}","templated":true}]}}