{"id":23258,"date":"2020-12-29T02:28:26","date_gmt":"2021-04-08T06:58:56","guid":{"rendered":"https:\/\/diamant-strass-dmc.com\/perles-broderie\/diamenty-dmc-no-3779-brazowa-roza\/"},"modified":"2021-04-08T08:58:56","modified_gmt":"2021-04-08T06:58:56","slug":"torba-diamenty-dmc-3779","status":"publish","type":"product","link":"https:\/\/diamant-strass-dmc.com\/pl\/perles-broderie\/torba-diamenty-dmc-3779\/","title":{"rendered":"Diamenty DMC nr 3779 (Br\u0105zowa r\u00f3\u017ca)"},"content":{"rendered":"<p>Worek z 200 <strong>diamentami nr 3779<\/strong> (kod DMC) <strong>okr\u0105g\u0142y lub kwadratowy.<\/strong><br \/>\nKolor: <strong>Br\u0105zowy r\u00f3\u017cowy<\/strong><br \/>\nRodzina kolor\u00f3w: <strong>Grey Brown<\/strong><br \/>\nWysokiej jako\u015bci akrylowe strass.<br \/>\n<strong>Standardowy rozmiar<\/strong> (kwadraty: 2,5 mm, okr\u0105g\u0142e: 2,8 mm).<\/p>\n","protected":false},"excerpt":{"rendered":"[widget id=\"advanced_text-2\"]\n","protected":false},"featured_media":93324,"template":"","meta":{"footnotes":""},"product_brand":[],"product_cat":[1020],"class_list":{"0":"post-23258","1":"product","2":"type-product","3":"status-publish","4":"has-post-thumbnail","6":"product_cat-rose-pl","8":"first","9":"instock","10":"sale","11":"taxable","12":"shipping-taxable","13":"purchasable","14":"product-type-variable"},"aioseo_notices":[],"_links":{"self":[{"href":"https:\/\/diamant-strass-dmc.com\/pl\/wp-json\/wp\/v2\/product\/23258","targetHints":{"allow":["GET"]}}],"collection":[{"href":"https:\/\/diamant-strass-dmc.com\/pl\/wp-json\/wp\/v2\/product"}],"about":[{"href":"https:\/\/diamant-strass-dmc.com\/pl\/wp-json\/wp\/v2\/types\/product"}],"version-history":[{"count":0,"href":"https:\/\/diamant-strass-dmc.com\/pl\/wp-json\/wp\/v2\/product\/23258\/revisions"}],"wp:featuredmedia":[{"embeddable":true,"href":"https:\/\/diamant-strass-dmc.com\/pl\/wp-json\/wp\/v2\/media\/93324"}],"wp:attachment":[{"href":"https:\/\/diamant-strass-dmc.com\/pl\/wp-json\/wp\/v2\/media?parent=23258"}],"wp:term":[{"taxonomy":"product_brand","embeddable":true,"href":"https:\/\/diamant-strass-dmc.com\/pl\/wp-json\/wp\/v2\/product_brand?post=23258"},{"taxonomy":"product_cat","embeddable":true,"href":"https:\/\/diamant-strass-dmc.com\/pl\/wp-json\/wp\/v2\/product_cat?post=23258"}],"curies":[{"name":"wp","href":"https:\/\/api.w.org\/{rel}","templated":true}]}}