{"id":20800,"date":"2020-12-29T02:28:18","date_gmt":"2021-04-08T06:52:20","guid":{"rendered":"https:\/\/diamant-strass-dmc.com\/perles-broderie\/diamenty-dmc-no-3078-jasnozolty\/"},"modified":"2021-04-08T08:52:20","modified_gmt":"2021-04-08T06:52:20","slug":"torba-diamenty-dmc-3078","status":"publish","type":"product","link":"https:\/\/diamant-strass-dmc.com\/pl\/perles-broderie\/torba-diamenty-dmc-3078\/","title":{"rendered":"Diamenty DMC nr 3078 (Jasno\u017c\u00f3\u0142ty)"},"content":{"rendered":"<p>Worek z 200 <strong>diamentami nr 3078<\/strong> (kod DMC) <strong>okr\u0105g\u0142y lub kwadratowy.<\/strong><br \/>Kolor: <strong>Jasno\u017c\u00f3\u0142ty<\/strong><br \/>Rodzina kolor\u00f3w: <strong>\u017b\u00f3\u0142ta<\/strong><br \/>Wysokiej jako\u015bci akrylowe strass.<br \/><strong>Standardowy rozmiar<\/strong> (kwadraty: 2,5 mm, okr\u0105g\u0142e: 2,8 mm).<\/p>\n","protected":false},"excerpt":{"rendered":"[widget id=\"advanced_text-2\"]\n","protected":false},"featured_media":92029,"template":"","meta":{"footnotes":""},"product_brand":[],"product_cat":[829,795],"class_list":{"0":"post-20800","1":"product","2":"type-product","3":"status-publish","4":"has-post-thumbnail","6":"product_cat-bialy-i-bezowy","7":"product_cat-zolty","9":"first","10":"instock","11":"sale","12":"taxable","13":"shipping-taxable","14":"purchasable","15":"product-type-variable","16":"has-default-attributes"},"aioseo_notices":[],"_links":{"self":[{"href":"https:\/\/diamant-strass-dmc.com\/pl\/wp-json\/wp\/v2\/product\/20800","targetHints":{"allow":["GET"]}}],"collection":[{"href":"https:\/\/diamant-strass-dmc.com\/pl\/wp-json\/wp\/v2\/product"}],"about":[{"href":"https:\/\/diamant-strass-dmc.com\/pl\/wp-json\/wp\/v2\/types\/product"}],"version-history":[{"count":0,"href":"https:\/\/diamant-strass-dmc.com\/pl\/wp-json\/wp\/v2\/product\/20800\/revisions"}],"wp:featuredmedia":[{"embeddable":true,"href":"https:\/\/diamant-strass-dmc.com\/pl\/wp-json\/wp\/v2\/media\/92029"}],"wp:attachment":[{"href":"https:\/\/diamant-strass-dmc.com\/pl\/wp-json\/wp\/v2\/media?parent=20800"}],"wp:term":[{"taxonomy":"product_brand","embeddable":true,"href":"https:\/\/diamant-strass-dmc.com\/pl\/wp-json\/wp\/v2\/product_brand?post=20800"},{"taxonomy":"product_cat","embeddable":true,"href":"https:\/\/diamant-strass-dmc.com\/pl\/wp-json\/wp\/v2\/product_cat?post=20800"}],"curies":[{"name":"wp","href":"https:\/\/api.w.org\/{rel}","templated":true}]}}