{"id":19897,"date":"2020-12-29T02:28:15","date_gmt":"2021-04-08T06:49:15","guid":{"rendered":"https:\/\/diamant-strass-dmc.com\/perles-broderie\/diamenty-dmc-nr-3012-marsh-green\/"},"modified":"2021-04-08T08:49:15","modified_gmt":"2021-04-08T06:49:15","slug":"torba-diamenty-dmc-3012","status":"publish","type":"product","link":"https:\/\/diamant-strass-dmc.com\/pl\/perles-broderie\/torba-diamenty-dmc-3012\/","title":{"rendered":"Diamenty DMC nr 3012 (Marsh Green)"},"content":{"rendered":"<p>Worek z 200 <strong>diamentami nr 3012<\/strong> (kod DMC) <strong>okr\u0105g\u0142y lub kwadratowy.<\/strong><br \/>\nKolor: <strong>Marsh Green<\/strong><br \/>\nRodzina kolor\u00f3w: <strong>Br\u0105zowa ziele\u0144<\/strong><br \/>\nWysokiej jako\u015bci akrylowe strass.<br \/>\n<strong>Standardowy rozmiar<\/strong> (kwadraty: 2,5 mm, okr\u0105g\u0142e: 2,8 mm).<\/p>\n","protected":false},"excerpt":{"rendered":"[widget id=\"advanced_text-2\"]\n","protected":false},"featured_media":93904,"template":"","meta":{"footnotes":""},"product_brand":[],"product_cat":[734],"class_list":{"0":"post-19897","1":"product","2":"type-product","3":"status-publish","4":"has-post-thumbnail","6":"product_cat-zielony","8":"first","9":"instock","10":"sale","11":"taxable","12":"shipping-taxable","13":"purchasable","14":"product-type-variable","15":"has-default-attributes"},"aioseo_notices":[],"_links":{"self":[{"href":"https:\/\/diamant-strass-dmc.com\/pl\/wp-json\/wp\/v2\/product\/19897","targetHints":{"allow":["GET"]}}],"collection":[{"href":"https:\/\/diamant-strass-dmc.com\/pl\/wp-json\/wp\/v2\/product"}],"about":[{"href":"https:\/\/diamant-strass-dmc.com\/pl\/wp-json\/wp\/v2\/types\/product"}],"version-history":[{"count":0,"href":"https:\/\/diamant-strass-dmc.com\/pl\/wp-json\/wp\/v2\/product\/19897\/revisions"}],"wp:featuredmedia":[{"embeddable":true,"href":"https:\/\/diamant-strass-dmc.com\/pl\/wp-json\/wp\/v2\/media\/93904"}],"wp:attachment":[{"href":"https:\/\/diamant-strass-dmc.com\/pl\/wp-json\/wp\/v2\/media?parent=19897"}],"wp:term":[{"taxonomy":"product_brand","embeddable":true,"href":"https:\/\/diamant-strass-dmc.com\/pl\/wp-json\/wp\/v2\/product_brand?post=19897"},{"taxonomy":"product_cat","embeddable":true,"href":"https:\/\/diamant-strass-dmc.com\/pl\/wp-json\/wp\/v2\/product_cat?post=19897"}],"curies":[{"name":"wp","href":"https:\/\/api.w.org\/{rel}","templated":true}]}}