{"id":15820,"date":"2020-12-29T02:28:03","date_gmt":"2021-04-08T06:33:30","guid":{"rendered":"https:\/\/diamant-strass-dmc.com\/perles-broderie\/diamenty-dmc-no-817-japonski-czerwony\/"},"modified":"2021-04-08T08:33:30","modified_gmt":"2021-04-08T06:33:30","slug":"torba-diamenty-dmc-817","status":"publish","type":"product","link":"https:\/\/diamant-strass-dmc.com\/pl\/perles-broderie\/torba-diamenty-dmc-817\/","title":{"rendered":"Diamenty DMC nr 817 (japo\u0144ski czerwony)"},"content":{"rendered":"<p>Worek z 200 <strong>diamentami nr 817<\/strong> (kod DMC) <strong>okr\u0105g\u0142y lub kwadratowy.<\/strong><br \/>Kolor: <strong>japo\u0144ski czerwony<\/strong><br \/>Rodzina kolor\u00f3w: <strong>Czerwona R\u00f3\u017ca<\/strong><br \/>Wysokiej jako\u015bci akrylowe strass.<br \/><strong>Standardowy rozmiar<\/strong> (kwadraty: 2,5 mm, okr\u0105g\u0142e: 2,8 mm).<\/p>\n","protected":false},"excerpt":{"rendered":"[widget id=\"advanced_text-2\"]\n","protected":false},"featured_media":94699,"template":"","meta":{"footnotes":""},"product_brand":[],"product_cat":[1358],"class_list":{"0":"post-15820","1":"product","2":"type-product","3":"status-publish","4":"has-post-thumbnail","6":"product_cat-czerwony","8":"first","9":"instock","10":"sale","11":"taxable","12":"shipping-taxable","13":"purchasable","14":"product-type-variable","15":"has-default-attributes"},"aioseo_notices":[],"_links":{"self":[{"href":"https:\/\/diamant-strass-dmc.com\/pl\/wp-json\/wp\/v2\/product\/15820","targetHints":{"allow":["GET"]}}],"collection":[{"href":"https:\/\/diamant-strass-dmc.com\/pl\/wp-json\/wp\/v2\/product"}],"about":[{"href":"https:\/\/diamant-strass-dmc.com\/pl\/wp-json\/wp\/v2\/types\/product"}],"version-history":[{"count":0,"href":"https:\/\/diamant-strass-dmc.com\/pl\/wp-json\/wp\/v2\/product\/15820\/revisions"}],"wp:featuredmedia":[{"embeddable":true,"href":"https:\/\/diamant-strass-dmc.com\/pl\/wp-json\/wp\/v2\/media\/94699"}],"wp:attachment":[{"href":"https:\/\/diamant-strass-dmc.com\/pl\/wp-json\/wp\/v2\/media?parent=15820"}],"wp:term":[{"taxonomy":"product_brand","embeddable":true,"href":"https:\/\/diamant-strass-dmc.com\/pl\/wp-json\/wp\/v2\/product_brand?post=15820"},{"taxonomy":"product_cat","embeddable":true,"href":"https:\/\/diamant-strass-dmc.com\/pl\/wp-json\/wp\/v2\/product_cat?post=15820"}],"curies":[{"name":"wp","href":"https:\/\/api.w.org\/{rel}","templated":true}]}}