{"id":10557,"date":"2020-12-29T02:27:43","date_gmt":"2021-04-08T06:00:40","guid":{"rendered":"https:\/\/diamant-strass-dmc.com\/perles-broderie\/diamenty-dmc-no-356-rozowe-zloto\/"},"modified":"2021-04-08T08:00:40","modified_gmt":"2021-04-08T06:00:40","slug":"torba-diamenty-dmc-356","status":"publish","type":"product","link":"https:\/\/diamant-strass-dmc.com\/pl\/perles-broderie\/torba-diamenty-dmc-356\/","title":{"rendered":"Diamenty DMC nr 356 (r\u00f3\u017cowe z\u0142oto)"},"content":{"rendered":"<p>Worek z 200 <strong>diamentami nr 356<\/strong> (kod DMC) <strong>okr\u0105g\u0142y lub kwadratowy.<\/strong><br \/>\nKolor: <strong>R\u00f3\u017cowe z\u0142oto<\/strong><br \/>\nRodzina kolor\u00f3w: <strong>Br\u0105zowy<\/strong><br \/>\nWysokiej jako\u015bci akrylowe strass.<br \/>\n<strong>Standardowy rozmiar<\/strong> (kwadraty: 2,5 mm, okr\u0105g\u0142e: 2,8 mm).<\/p>\n","protected":false},"excerpt":{"rendered":"[widget id=\"advanced_text-2\"]\n","protected":false},"featured_media":96095,"template":"","meta":{"footnotes":""},"product_brand":[],"product_cat":[731,838,1020],"class_list":{"0":"post-10557","1":"product","2":"type-product","3":"status-publish","4":"has-post-thumbnail","6":"product_cat-kasztan","7":"product_cat-pomaranczowy","8":"product_cat-rose-pl","10":"first","11":"instock","12":"sale","13":"taxable","14":"shipping-taxable","15":"purchasable","16":"product-type-variable","17":"has-default-attributes"},"aioseo_notices":[],"_links":{"self":[{"href":"https:\/\/diamant-strass-dmc.com\/pl\/wp-json\/wp\/v2\/product\/10557","targetHints":{"allow":["GET"]}}],"collection":[{"href":"https:\/\/diamant-strass-dmc.com\/pl\/wp-json\/wp\/v2\/product"}],"about":[{"href":"https:\/\/diamant-strass-dmc.com\/pl\/wp-json\/wp\/v2\/types\/product"}],"version-history":[{"count":0,"href":"https:\/\/diamant-strass-dmc.com\/pl\/wp-json\/wp\/v2\/product\/10557\/revisions"}],"wp:featuredmedia":[{"embeddable":true,"href":"https:\/\/diamant-strass-dmc.com\/pl\/wp-json\/wp\/v2\/media\/96095"}],"wp:attachment":[{"href":"https:\/\/diamant-strass-dmc.com\/pl\/wp-json\/wp\/v2\/media?parent=10557"}],"wp:term":[{"taxonomy":"product_brand","embeddable":true,"href":"https:\/\/diamant-strass-dmc.com\/pl\/wp-json\/wp\/v2\/product_brand?post=10557"},{"taxonomy":"product_cat","embeddable":true,"href":"https:\/\/diamant-strass-dmc.com\/pl\/wp-json\/wp\/v2\/product_cat?post=10557"}],"curies":[{"name":"wp","href":"https:\/\/api.w.org\/{rel}","templated":true}]}}