{"id":64920,"date":"2023-11-14T22:43:01","date_gmt":"2023-11-14T21:43:01","guid":{"rendered":"https:\/\/diamant-strass-dmc.com\/diamond-painting-colours-dmc-near-replacement\/"},"modified":"2024-03-20T01:22:53","modified_gmt":"2024-03-20T00:22:53","slug":"diamond-painting-colours-dmc-near-replacement","status":"publish","type":"page","link":"https:\/\/diamant-strass-dmc.com\/pl\/diamond-painting-colours-dmc-near-replacement\/","title":{"rendered":"Malowanie diamentowe: najbli\u017csze kolory DMC do wymiany"},"content":{"rendered":"<p>\ud83d\udc41\ufe0f Aby <strong>zobaczy\u0107<\/strong> najbli\u017csze <strong>kolory zast\u0119pcze<\/strong>, <span style=\"font-weight: bold; color: green;\">kliknij nazw\u0119 koloru<\/span>.<\/p>\n<p>\u2b07\ufe0f Aby <strong>posortowa\u0107 list\u0119 kolor\u00f3w wed\u0142ug numeru<\/strong>, kliknij na &#8222;Floss&#8221; (nazwa kolumny z numerem DMC).<\/p>\n<p>\ud83d\udd0e\u00a0Aby <strong>znale\u017a\u0107 konkretny kolor<\/strong>, wprowad\u017a jego numer DMC w polu nad list\u0105.<\/p>\n<p>\ud83d\udd19\u00a0Aby <strong>powr\u00f3ci\u0107 do pocz\u0105tkowej listy<\/strong>, kliknij przycisk &#8222;Clear&#8221; u do\u0142u listy zamkni\u0119tych kolor\u00f3w.<\/p>\n<p><iframe id=\"dmc\" style=\"width: 100%; height: 500px; border: 1px solid #01578B;\" src=\"https:\/\/threadcolors.com\/\"><\/iframe><\/p>\n","protected":false},"excerpt":{"rendered":"<p>\ud83d\udc41\ufe0f Aby zobaczy\u0107 najbli\u017csze kolory zast\u0119pcze, kliknij nazw\u0119 koloru. \u2b07\ufe0f Aby posortowa\u0107 list\u0119 kolor\u00f3w wed\u0142ug numeru, kliknij na &#8222;Floss&#8221; (nazwa kolumny z numerem DMC). \ud83d\udd0e\u00a0Aby znale\u017a\u0107 konkretny kolor, wprowad\u017a jego numer DMC w polu nad list\u0105. \ud83d\udd19\u00a0Aby powr\u00f3ci\u0107 do pocz\u0105tkowej listy, kliknij przycisk &#8222;Clear&#8221; u do\u0142u listy zamkni\u0119tych kolor\u00f3w.<\/p>\n","protected":false},"author":1,"featured_media":0,"parent":0,"menu_order":0,"comment_status":"closed","ping_status":"closed","template":"","meta":{"footnotes":""},"class_list":["post-64920","page","type-page","status-publish","hentry"],"blocksy_meta":[],"aioseo_notices":[],"_links":{"self":[{"href":"https:\/\/diamant-strass-dmc.com\/pl\/wp-json\/wp\/v2\/pages\/64920","targetHints":{"allow":["GET"]}}],"collection":[{"href":"https:\/\/diamant-strass-dmc.com\/pl\/wp-json\/wp\/v2\/pages"}],"about":[{"href":"https:\/\/diamant-strass-dmc.com\/pl\/wp-json\/wp\/v2\/types\/page"}],"author":[{"embeddable":true,"href":"https:\/\/diamant-strass-dmc.com\/pl\/wp-json\/wp\/v2\/users\/1"}],"replies":[{"embeddable":true,"href":"https:\/\/diamant-strass-dmc.com\/pl\/wp-json\/wp\/v2\/comments?post=64920"}],"version-history":[{"count":1,"href":"https:\/\/diamant-strass-dmc.com\/pl\/wp-json\/wp\/v2\/pages\/64920\/revisions"}],"predecessor-version":[{"id":71680,"href":"https:\/\/diamant-strass-dmc.com\/pl\/wp-json\/wp\/v2\/pages\/64920\/revisions\/71680"}],"wp:attachment":[{"href":"https:\/\/diamant-strass-dmc.com\/pl\/wp-json\/wp\/v2\/media?parent=64920"}],"curies":[{"name":"wp","href":"https:\/\/api.w.org\/{rel}","templated":true}]}}