{"id":63123,"date":"2023-10-27T23:25:46","date_gmt":"2023-10-27T21:25:46","guid":{"rendered":"https:\/\/diamant-strass-dmc.com\/dostawa-zwrot-wymiana\/"},"modified":"2026-01-04T02:43:31","modified_gmt":"2026-01-04T01:43:31","slug":"dostawa-zwrot-wymiana","status":"publish","type":"page","link":"https:\/\/diamant-strass-dmc.com\/pl\/dostawa-zwrot-wymiana\/","title":{"rendered":"Dostawa, zwroty i wymiany"},"content":{"rendered":"<p>Produkty oferowane na stronie Diamant-Strass-DMC.com s\u0105 przechowywane w magazynie we Francji.<\/p>\n<h2 style=\"margin-top: 50px;\">Wysy\u0142ka i dostawa<\/h2>\n<p>Zam\u00f3wienia s\u0105 wysy\u0142ane w ci\u0105gu 24 godzin od ich z\u0142o\u017cenia.<\/p>\n<p>Przesy\u0142ki wysy\u0142ane s\u0105 listem zwyk\u0142ym, listem poleconym, Colissimo (us\u0142ugi La Poste we Francji) lub Mondial Relay, w zale\u017cno\u015bci od liczby i wagi przesy\u0142ek.<\/p>\n<p>Czas dostawy wynosi 3 dni robocze dla Francji i od 4 do 10 dni roboczych dla innych kraj\u00f3w, z wy\u0142\u0105czeniem wszelkich op\u00f3\u017anie\u0144 ze strony La Poste lub Mondial Relay poza kontrol\u0105 Diamant-Strass-DMC.com. Ten czas dostawy jest obliczany na ka\u017cdej karcie produktu zgodnie z krajem po\u0142\u0105czenia klienta, a nast\u0119pnie wskazywany na stronie potwierdzenia zam\u00f3wienia zgodnie z krajem podanym jako adres dostawy.<\/p>\n<p>Tylko zam\u00f3wienia o minimalnej warto\u015bci s\u0105 wysy\u0142ane ze \u015bledzeniem. Kwota ta wynosi 15 \u20ac za przesy\u0142k\u0119 do Francji i 20 \u20ac za przesy\u0142k\u0119 do innego kraju. Numer przesy\u0142ki jest przekazywany kupuj\u0105cemu w wiadomo\u015bci e-mail z potwierdzeniem wysy\u0142ki. Je\u015bli zam\u00f3wienie zosta\u0142o op\u0142acone w walucie innej ni\u017c euro, kurs wymiany tej waluty w dniu zam\u00f3wienia jest brany pod uwag\u0119 przy przeliczaniu na kwot\u0119 15 \u20ac lub 20 \u20ac.<\/p>\n<h2 style=\"margin-top: 50px;\">Op\u00f3\u017anienie i uszkodzenie<\/h2>\n<p>Je\u015bli op\u00f3\u017anienie us\u0142ug pocztowych przekroczy 3 dni robocze dla Francji lub 5 dni roboczych dla innych kraj\u00f3w, Diamant-Strass-DMC.com zobowi\u0105zuje si\u0119 do ponownego wys\u0142ania zam\u00f3wienia z numerem \u015bledzenia przekazanym kupuj\u0105cemu.<\/p>\n<p>Je\u015bli czas dostawy przekroczy 20 dni od daty zam\u00f3wienia, umowa sprzeda\u017cy mo\u017ce zosta\u0107 anulowana, a klient otrzyma pe\u0142ny zwrot koszt\u00f3w. Mo\u017cliwe jest r\u00f3wnie\u017c zwr\u00f3cenie si\u0119 do Diamant-Strass-DMC.com o natychmiastow\u0105 ponown\u0105 wysy\u0142k\u0119 op\u00f3\u017anionego lub utraconego zam\u00f3wienia.<\/p>\n<p>W przypadku uszkodzenia podczas transportu, uzasadnion\u0105 reklamacj\u0119 nale\u017cy z\u0142o\u017cy\u0107 do Diamant-Strass-DMC.com w ci\u0105gu 3 dni od dostawy, wraz ze zdj\u0119ciem, na adres contact@diamant-strass-dmc.com.<\/p>\n<h2 style=\"margin-top: 50px;\">Strefa dostawy<\/h2>\n<p>Diamant-Strass-DMC.com dostarcza produkty na ca\u0142ym \u015bwiecie (bez ogranicze\u0144 krajowych), ale niekt\u00f3re akcesoria wielkogabarytowe mog\u0105 by\u0107 wysy\u0142ane tylko na terenie Unii Europejskiej. Je\u015bli niepor\u0119czne akcesorium zostanie dodane do koszyka dla kraju spoza Unii Europejskiej, zam\u00f3wienie jest technicznie niemo\u017cliwe (komunikat o b\u0142\u0119dzie poinformuje o tym kupuj\u0105cego).<\/p>\n<h2 style=\"margin-top: 50px;\">Stawki za dostaw\u0119<\/h2>\n<p>Koszty dostawy s\u0105 wyra\u017anie wskazane na stronie koszyka i na stronie potwierdzenia zam\u00f3wienia. Zale\u017c\u0105 one od wielu czynnik\u00f3w, takich jak waga wszystkich przedmiot\u00f3w.<\/p>\n<h2 style=\"margin-top: 50px;\">Informacje zwrotne i dyskusja<\/h2>\n<p>Produkty zakupione na stronie Diamant-Strass-DMC.com mo\u017cna zwr\u00f3ci\u0107 w ci\u0105gu 30 dni od daty zakupu w celu uzyskania pe\u0142nego zwrotu pieni\u0119dzy lub wymiany na przedmiot o podobnej warto\u015bci. Koszty wysy\u0142ki produkt\u00f3w zwracanych do Diamant-Strass-DMC.com ponosi klient.<\/p>\n<p>Wnioski nale\u017cy przesy\u0142a\u0107 na adres contact@diamant-strass-dmc.com, podaj\u0105c numer zam\u00f3wienia.<\/p>\n<p>Adres zwrotny jest nast\u0119puj\u0105cy<\/p>\n<p>DIAMANT STRASS DMC<br \/>\n570 RUE DE SOLESMES<br \/>\n59213 VENDEGIES SUR ECAILLON<br \/>\nFRANCJA<\/p>\n<p>Produkty zwr\u00f3cone po up\u0142ywie tego 30-dniowego okresu nie zostan\u0105 zwr\u00f3cone ani wymienione.<\/p>\n<p>Produkty musz\u0105 zosta\u0107 zwr\u00f3cone czyste i nieuszkodzone. Na przyk\u0142ad w przypadku zapiecz\u0119towanych work\u00f3w z diamentami nie wolno ich otwiera\u0107.<\/p>\n","protected":false},"excerpt":{"rendered":"<p>Produkty oferowane na stronie Diamant-Strass-DMC.com s\u0105 przechowywane w magazynie we Francji. Wysy\u0142ka i dostawa Zam\u00f3wienia s\u0105 wysy\u0142ane w ci\u0105gu 24 godzin od ich z\u0142o\u017cenia. Przesy\u0142ki wysy\u0142ane s\u0105 listem zwyk\u0142ym, listem poleconym, Colissimo (us\u0142ugi La Poste we Francji) lub Mondial Relay, w zale\u017cno\u015bci od liczby i wagi przesy\u0142ek. Czas dostawy wynosi 3 dni robocze dla Francji [&hellip;]<\/p>\n","protected":false},"author":1,"featured_media":0,"parent":0,"menu_order":0,"comment_status":"closed","ping_status":"closed","template":"","meta":{"footnotes":""},"class_list":["post-63123","page","type-page","status-publish","hentry"],"blocksy_meta":[],"aioseo_notices":[],"_links":{"self":[{"href":"https:\/\/diamant-strass-dmc.com\/pl\/wp-json\/wp\/v2\/pages\/63123","targetHints":{"allow":["GET"]}}],"collection":[{"href":"https:\/\/diamant-strass-dmc.com\/pl\/wp-json\/wp\/v2\/pages"}],"about":[{"href":"https:\/\/diamant-strass-dmc.com\/pl\/wp-json\/wp\/v2\/types\/page"}],"author":[{"embeddable":true,"href":"https:\/\/diamant-strass-dmc.com\/pl\/wp-json\/wp\/v2\/users\/1"}],"replies":[{"embeddable":true,"href":"https:\/\/diamant-strass-dmc.com\/pl\/wp-json\/wp\/v2\/comments?post=63123"}],"version-history":[{"count":6,"href":"https:\/\/diamant-strass-dmc.com\/pl\/wp-json\/wp\/v2\/pages\/63123\/revisions"}],"predecessor-version":[{"id":125172,"href":"https:\/\/diamant-strass-dmc.com\/pl\/wp-json\/wp\/v2\/pages\/63123\/revisions\/125172"}],"wp:attachment":[{"href":"https:\/\/diamant-strass-dmc.com\/pl\/wp-json\/wp\/v2\/media?parent=63123"}],"curies":[{"name":"wp","href":"https:\/\/api.w.org\/{rel}","templated":true}]}}