{"id":26613,"date":"2021-04-18T16:00:40","date_gmt":"2021-04-18T14:00:40","guid":{"rendered":"https:\/\/diamant-strass-dmc.com\/diamenty-wedlug-koloru\/"},"modified":"2025-07-30T02:58:30","modified_gmt":"2025-07-30T00:58:30","slug":"diamenty-wedlug-koloru","status":"publish","type":"page","link":"https:\/\/diamant-strass-dmc.com\/pl\/diamenty-wedlug-koloru\/","title":{"rendered":"Diamenty wed\u0142ug koloru"},"content":{"rendered":"<div class=\"categories-sans-puces\" style=\"margin: 0; padding: 0;\"><div style='margin-bottom: 20px;'><a href='https:\/\/diamant-strass-dmc.com\/pl\/couleur\/bialy-i-bezowy\/' style='text-decoration: none; display: inline-block;'>\u26aa Bia\u0142y i ecru<\/a><\/div><div style='margin-bottom: 20px;'><a href='https:\/\/diamant-strass-dmc.com\/pl\/couleur\/czern-i-szarosc\/' style='text-decoration: none; display: inline-block;'>\u26ab Czer\u0144 i szaro\u015b\u0107<\/a><\/div><div style='margin-bottom: 20px;'><a href='https:\/\/diamant-strass-dmc.com\/pl\/couleur\/kasztan\/' style='text-decoration: none; display: inline-block;'>\ud83d\udfe4 Br\u0105zowy i be\u017cowy<\/a><\/div><div style='margin-bottom: 20px;'><a href='https:\/\/diamant-strass-dmc.com\/pl\/couleur\/czerwony\/' style='text-decoration: none; display: inline-block;'>\ud83d\udd34 Czerwony<\/a><\/div><div style='margin-bottom: 20px;'><a href='https:\/\/diamant-strass-dmc.com\/pl\/couleur\/fiolek-i-fioletowy\/' style='text-decoration: none; display: inline-block;'>\ud83d\udfe3 Fio\u0142ek i fioletowy<\/a><\/div><div style='margin-bottom: 20px;'><a href='https:\/\/diamant-strass-dmc.com\/pl\/couleur\/niebieski\/' style='text-decoration: none; display: inline-block;'>\ud83d\udd35 Niebieski<\/a><\/div><div style='margin-bottom: 20px;'><a href='https:\/\/diamant-strass-dmc.com\/pl\/couleur\/pomaranczowy\/' style='text-decoration: none; display: inline-block;'>\ud83d\udfe0 Pomara\u0144czowy<\/a><\/div><div style='margin-bottom: 20px;'><a href='https:\/\/diamant-strass-dmc.com\/pl\/couleur\/rose-pl\/' style='text-decoration: none; display: inline-block;'>\ud83d\udd34 Rose<\/a><\/div><div style='margin-bottom: 20px;'><a href='https:\/\/diamant-strass-dmc.com\/pl\/couleur\/turkusowy\/' style='text-decoration: none; display: inline-block;'>\ud83d\udd35 Turkusowy<\/a><\/div><div style='margin-bottom: 20px;'><a href='https:\/\/diamant-strass-dmc.com\/pl\/couleur\/zielony\/' style='text-decoration: none; display: inline-block;'>\ud83d\udfe2 Zielony<\/a><\/div><div style='margin-bottom: 20px;'><a href='https:\/\/diamant-strass-dmc.com\/pl\/couleur\/zolty\/' style='text-decoration: none; display: inline-block;'>\ud83d\udfe1 \u017b\u00f3\u0142ty<\/a><\/div><\/div>\n","protected":false},"excerpt":{"rendered":"","protected":false},"author":1,"featured_media":0,"parent":0,"menu_order":0,"comment_status":"closed","ping_status":"closed","template":"","meta":{"footnotes":""},"class_list":["post-26613","page","type-page","status-publish","hentry"],"blocksy_meta":[],"aioseo_notices":[],"_links":{"self":[{"href":"https:\/\/diamant-strass-dmc.com\/pl\/wp-json\/wp\/v2\/pages\/26613","targetHints":{"allow":["GET"]}}],"collection":[{"href":"https:\/\/diamant-strass-dmc.com\/pl\/wp-json\/wp\/v2\/pages"}],"about":[{"href":"https:\/\/diamant-strass-dmc.com\/pl\/wp-json\/wp\/v2\/types\/page"}],"author":[{"embeddable":true,"href":"https:\/\/diamant-strass-dmc.com\/pl\/wp-json\/wp\/v2\/users\/1"}],"replies":[{"embeddable":true,"href":"https:\/\/diamant-strass-dmc.com\/pl\/wp-json\/wp\/v2\/comments?post=26613"}],"version-history":[{"count":1,"href":"https:\/\/diamant-strass-dmc.com\/pl\/wp-json\/wp\/v2\/pages\/26613\/revisions"}],"predecessor-version":[{"id":97622,"href":"https:\/\/diamant-strass-dmc.com\/pl\/wp-json\/wp\/v2\/pages\/26613\/revisions\/97622"}],"wp:attachment":[{"href":"https:\/\/diamant-strass-dmc.com\/pl\/wp-json\/wp\/v2\/media?parent=26613"}],"curies":[{"name":"wp","href":"https:\/\/api.w.org\/{rel}","templated":true}]}}