{"id":26488,"date":"2021-04-09T09:53:26","date_gmt":"2021-04-09T07:53:26","guid":{"rendered":"https:\/\/diamant-strass-dmc.com\/polityka-prywatnosci-2\/"},"modified":"2024-09-08T03:40:15","modified_gmt":"2024-09-08T01:40:15","slug":"polityka-prywatnosci","status":"publish","type":"page","link":"https:\/\/diamant-strass-dmc.com\/pl\/polityka-prywatnosci\/","title":{"rendered":"Polityka prywatno\u015bci"},"content":{"rendered":"<p>Diamant-Strass-DMC.com przywi\u0105zuje szczeg\u00f3ln\u0105 wag\u0119 do ochrony i bezpiecze\u0144stwa danych osobowych i bankowych swoich u\u017cytkownik\u00f3w.  <\/p>\n<h2 style=\"margin-top:50px;\">Zarz\u0105dzanie danymi bankowymi<\/h2>\n<p>  Diamant-Strass-DMC.com nie przechowuje ani nie gromadzi \u017cadnych numer\u00f3w kart kredytowych wprowadzonych przez u\u017cytkownika i nie ma dost\u0119pu do tych informacji.<br \/>\nInformacje te s\u0105 bezpiecznie przesy\u0142ane i szyfrowane przez dostawc\u00f3w us\u0142ug p\u0142atniczych wyznaczonych przez Diamant-Strass-DMC.com: <em>Stripe<\/em>, je\u015bli kupuj\u0105cy wybra\u0142 opcj\u0119 &#8222;P\u0142atno\u015b\u0107 kart\u0105 kredytow\u0105&#8221; i <em>PayPal <\/em>, je\u015bli kupuj\u0105cy wybra\u0142 opcj\u0119 &#8222;P\u0142atno\u015b\u0107 przez PayPal&#8221;.<br \/>\nInne platformy p\u0142atno\u015bci s\u0105 wyra\u017anie wskazane na stronie potwierdzenia zam\u00f3wienia.   Po zako\u0144czeniu transakcji, ci dostawcy p\u0142atno\u015bci informuj\u0105 Diamant-Strass-DMC.com o sukcesie lub pora\u017cce p\u0142atno\u015bci i nie ujawniaj\u0105 \u017cadnych innych informacji. Platformy te s\u0105 najcz\u0119\u015bciej u\u017cywane przez witryny handlowe i gwarantuj\u0105 bezpieczne transakcje, a tak\u017ce brak mo\u017cliwo\u015bci uzyskania dost\u0119pu do danych bankowych w przypadku w\u0142amania na stron\u0119 Diamant-Strass-DMC.com, poniewa\u017c nie przechowuje ona \u017cadnych danych bankowych.  <\/p>\n<h2 style=\"margin-top:50px;\">Zarz\u0105dzanie innymi danymi osobowymi<\/h2>\n<p>  \u017badne dane osobowe u\u017cytkownika strony Diamant-Strass-DMC.com nie s\u0105 publikowane bez wiedzy u\u017cytkownika, wymieniane, przekazywane, cedowane lub sprzedawane na jakimkolwiek no\u015bniku osobom trzecim. Jedynie za\u0142o\u017cenie zakupu strony Diamant-Strass-DMC.com i jej praw upowa\u017cnia DLP Web, wydawc\u0119 strony Diamant-Strass-DMC.com, do przekazania wspomnianych informacji ewentualnemu nabywcy, kt\u00f3ry z kolei b\u0119dzie zobowi\u0105zany do zachowania i modyfikacji danych w stosunku do u\u017cytkownika strony Diamant-Strass-DMC.com. We Francji dane osobowe s\u0105 chronione w szczeg\u00f3lno\u015bci przez francusk\u0105 ustaw\u0119 nr 78-87 z dnia 6 stycznia 1978 r., francusk\u0105 ustaw\u0119 nr 2004-801 z dnia 6 sierpnia 2004 r., artyku\u0142 L. 226-13 kodeksu karnego oraz dyrektyw\u0119 europejsk\u0105 z dnia 24 pa\u017adziernika 1995 r.<br \/>\nNa stronie Diamant-Strass-DMC.com, zgodnie z art. 4 francuskiej ustawy nr 78-17 z dnia 6 stycznia 1978 r., dane dotycz\u0105ce u\u017cytkownika s\u0105 gromadzone wy\u0142\u0105cznie w celu \u015bwiadczenia us\u0142ug oferowanych przez stron\u0119, tj. przetwarzania zam\u00f3wie\u0144.  U\u017cytkownik podaje te informacje z pe\u0142n\u0105 \u015bwiadomo\u015bci\u0105, w szczeg\u00f3lno\u015bci gdy sam je wprowadza. U\u017cytkownik strony Diamant-Strass-DMC.com jest w\u00f3wczas informowany, czy jest zobowi\u0105zany do podania tych informacji, czy te\u017c nie. Zgodnie z postanowieniami art. 38 i nast\u0119pnych francuskiej ustawy o ochronie danych 78-17 z dnia 6 stycznia 1978 r., wszyscy u\u017cytkownicy maj\u0105 prawo dost\u0119pu, poprawiania, usuwania i sprzeciwu wobec wszelkich danych osobowych, kt\u00f3re ich dotycz\u0105.<br \/>\nAby skorzysta\u0107 z tego prawa, nale\u017cy wys\u0142a\u0107 pro\u015bb\u0119 do Diamant-Strass-DMC.com poczt\u0105 elektroniczn\u0105 na adres contact@diamant-strass-dmc.com.<br \/>\nBazy danych s\u0105 chronione przepisami ustawy z dnia 1 lipca 1998 r. transponuj\u0105cej francusk\u0105 dyrektyw\u0119 96\/9 z dnia 11 marca 1996 r. w sprawie ochrony prawnej baz danych.    <\/p>\n<style><!-- br { content: \" \";display: block;font-size: 100%;height: 2em; } --><\/style>\n","protected":false},"excerpt":{"rendered":"<p>Diamant-Strass-DMC.com przywi\u0105zuje szczeg\u00f3ln\u0105 wag\u0119 do ochrony i bezpiecze\u0144stwa danych osobowych i bankowych swoich u\u017cytkownik\u00f3w. Zarz\u0105dzanie danymi bankowymi Diamant-Strass-DMC.com nie przechowuje ani nie gromadzi \u017cadnych numer\u00f3w kart kredytowych wprowadzonych przez u\u017cytkownika i nie ma dost\u0119pu do tych informacji. Informacje te s\u0105 bezpiecznie przesy\u0142ane i szyfrowane przez dostawc\u00f3w us\u0142ug p\u0142atniczych wyznaczonych przez Diamant-Strass-DMC.com: Stripe, je\u015bli kupuj\u0105cy wybra\u0142 [&hellip;]<\/p>\n","protected":false},"author":1,"featured_media":0,"parent":0,"menu_order":0,"comment_status":"closed","ping_status":"closed","template":"template-fullwidth.php","meta":{"footnotes":""},"class_list":["post-26488","page","type-page","status-publish","hentry"],"blocksy_meta":[],"aioseo_notices":[],"_links":{"self":[{"href":"https:\/\/diamant-strass-dmc.com\/pl\/wp-json\/wp\/v2\/pages\/26488","targetHints":{"allow":["GET"]}}],"collection":[{"href":"https:\/\/diamant-strass-dmc.com\/pl\/wp-json\/wp\/v2\/pages"}],"about":[{"href":"https:\/\/diamant-strass-dmc.com\/pl\/wp-json\/wp\/v2\/types\/page"}],"author":[{"embeddable":true,"href":"https:\/\/diamant-strass-dmc.com\/pl\/wp-json\/wp\/v2\/users\/1"}],"replies":[{"embeddable":true,"href":"https:\/\/diamant-strass-dmc.com\/pl\/wp-json\/wp\/v2\/comments?post=26488"}],"version-history":[{"count":2,"href":"https:\/\/diamant-strass-dmc.com\/pl\/wp-json\/wp\/v2\/pages\/26488\/revisions"}],"predecessor-version":[{"id":76173,"href":"https:\/\/diamant-strass-dmc.com\/pl\/wp-json\/wp\/v2\/pages\/26488\/revisions\/76173"}],"wp:attachment":[{"href":"https:\/\/diamant-strass-dmc.com\/pl\/wp-json\/wp\/v2\/media?parent=26488"}],"curies":[{"name":"wp","href":"https:\/\/api.w.org\/{rel}","templated":true}]}}