{"id":26407,"date":"2021-04-09T09:13:19","date_gmt":"2021-04-09T07:13:19","guid":{"rendered":"https:\/\/diamant-strass-dmc.com\/skontaktuj-sie-z-nami\/"},"modified":"2025-02-14T20:03:52","modified_gmt":"2025-02-14T19:03:52","slug":"kontakt","status":"publish","type":"page","link":"https:\/\/diamant-strass-dmc.com\/pl\/kontakt\/","title":{"rendered":"Skontaktuj si\u0119 z nami"},"content":{"rendered":"<p style=\"background: #FFC1C1; color: black; padding: 20px; border: 1px solid black;\">Przed skontaktowaniem si\u0119 z nami, <span style=\"text-decoration: underline;\"><strong><a style=\"color: #01578b;\" href=\"\/pl\/faq\/\">zapoznaj si\u0119 z t\u0105 stron\u0105<\/a><\/strong><\/span> gdzie odpowiadamy na najcz\u0119\u015bciej zadawane pytania.<\/p>\n<div class=\"wpforms-container wpforms-container-full\" id=\"wpforms-83485\"><form id=\"wpforms-form-83485\" class=\"wpforms-validate wpforms-form\" data-formid=\"83485\" method=\"post\" enctype=\"multipart\/form-data\" action=\"\/pl\/wp-json\/wp\/v2\/pages\/26407\" data-token=\"7dd79868adf34a41999ce6e419034e2a\" data-token-time=\"1777433509\"><noscript class=\"wpforms-error-noscript\">Aby wype\u0142ni\u0107 ten formularz, w\u0142\u0105cz obs\u0142ug\u0119 JavaScript w przegl\u0105darce.<\/noscript><div class=\"wpforms-field-container\"><div id=\"wpforms-83485-field_0-container\" class=\"wpforms-field wpforms-field-name\" data-field-id=\"0\"><label class=\"wpforms-field-label\" for=\"wpforms-83485-field_0\">Imi\u0119 <span class=\"wpforms-required-label\">*<\/span><\/label><input type=\"text\" id=\"wpforms-83485-field_0\" class=\"wpforms-field-small wpforms-field-required\" name=\"wpforms[fields][0]\" required><\/div><div id=\"wpforms-83485-field_1-container\" class=\"wpforms-field wpforms-field-email\" data-field-id=\"1\"><label class=\"wpforms-field-label\" for=\"wpforms-83485-field_1\">E-mail <span class=\"wpforms-required-label\">*<\/span><\/label><input type=\"email\" id=\"wpforms-83485-field_1\" class=\"wpforms-field-small wpforms-field-required\" name=\"wpforms[fields][1]\" spellcheck=\"false\" required><\/div><div id=\"wpforms-83485-field_6-container\" class=\"wpforms-field wpforms-field-radio\" data-field-id=\"6\"><label class=\"wpforms-field-label\">Moja pro\u015bba dotyczy : <span class=\"wpforms-required-label\">*<\/span><\/label><ul id=\"wpforms-83485-field_6\" class=\"wpforms-field-required\"><li class=\"choice-1 depth-1\"><input type=\"radio\" id=\"wpforms-83485-field_6_1\" name=\"wpforms[fields][6]\" value=\"Nie otrzymano zam\u00f3wienia\" required ><label class=\"wpforms-field-label-inline\" for=\"wpforms-83485-field_6_1\">Nie otrzymano zam\u00f3wienia<\/label><\/li><li class=\"choice-3 depth-1\"><input type=\"radio\" id=\"wpforms-83485-field_6_3\" name=\"wpforms[fields][6]\" value=\"Partnerstwo\" required ><label class=\"wpforms-field-label-inline\" for=\"wpforms-83485-field_6_3\">Partnerstwo<\/label><\/li><li class=\"choice-2 depth-1\"><input type=\"radio\" id=\"wpforms-83485-field_6_2\" name=\"wpforms[fields][6]\" value=\"Inne\" required ><label class=\"wpforms-field-label-inline\" for=\"wpforms-83485-field_6_2\">Inne<\/label><\/li><\/ul><\/div><div id=\"wpforms-83485-field_7-container\" class=\"wpforms-field wpforms-field-number\" data-field-id=\"7\"><label class=\"wpforms-field-label\" for=\"wpforms-83485-field_7\">Numer zam\u00f3wie<\/label><input type=\"number\" id=\"wpforms-83485-field_7\" class=\"wpforms-field-small\" name=\"wpforms[fields][7]\" step=\"any\" ><\/div><div id=\"wpforms-83485-field_3-container\" class=\"wpforms-field wpforms-field-text\" data-field-id=\"3\"><label class=\"wpforms-field-label\" for=\"wpforms-83485-field_3\">Temat wiadomo\u015bci <span class=\"wpforms-required-label\">*<\/span><\/label><input type=\"text\" id=\"wpforms-83485-field_3\" class=\"wpforms-field-medium wpforms-field-required\" name=\"wpforms[fields][3]\" required><\/div><div id=\"wpforms-83485-field_2-container\" class=\"wpforms-field wpforms-field-textarea\" data-field-id=\"2\"><label class=\"wpforms-field-label\" for=\"wpforms-83485-field_2\">Wiadomo\u015b\u0107 <span class=\"wpforms-required-label\">*<\/span><\/label><textarea id=\"wpforms-83485-field_2\" class=\"wpforms-field-medium wpforms-field-required\" name=\"wpforms[fields][2]\" required><\/textarea><\/div><\/div><!-- .wpforms-field-container --><div class=\"wpforms-recaptcha-container wpforms-is-recaptcha wpforms-is-recaptcha-type-invisible\" ><div class=\"g-recaptcha\" data-sitekey=\"6LfiZ_ckAAAAAE9VfN4q3CB4oUYnMzwDF9OFg1j0\" data-size=\"invisible\"><\/div><\/div><div class=\"wpforms-submit-container\" ><input type=\"hidden\" name=\"wpforms[id]\" value=\"83485\"><input type=\"hidden\" name=\"page_title\" value=\"\"><input type=\"hidden\" name=\"page_url\" value=\"https:\/\/diamant-strass-dmc.com\/pl\/wp-json\/wp\/v2\/pages\/26407\"><input type=\"hidden\" name=\"url_referer\" value=\"\"><button type=\"submit\" name=\"wpforms[submit]\" id=\"wpforms-submit-83485\" class=\"wpforms-submit\" data-alt-text=\"Wysy\u0142anie w toku...\" data-submit-text=\"Wy\u015blij\" aria-live=\"assertive\" value=\"wpforms-submit\">Wy\u015blij<\/button><\/div><\/form><\/div>  <!-- .wpforms-container -->\n","protected":false},"excerpt":{"rendered":"<p>Przed skontaktowaniem si\u0119 z nami, zapoznaj si\u0119 z t\u0105 stron\u0105 gdzie odpowiadamy na najcz\u0119\u015bciej zadawane pytania.<\/p>\n","protected":false},"author":1,"featured_media":0,"parent":0,"menu_order":0,"comment_status":"closed","ping_status":"closed","template":"template-fullwidth.php","meta":{"footnotes":""},"class_list":["post-26407","page","type-page","status-publish","hentry"],"blocksy_meta":[],"aioseo_notices":[],"_links":{"self":[{"href":"https:\/\/diamant-strass-dmc.com\/pl\/wp-json\/wp\/v2\/pages\/26407","targetHints":{"allow":["GET"]}}],"collection":[{"href":"https:\/\/diamant-strass-dmc.com\/pl\/wp-json\/wp\/v2\/pages"}],"about":[{"href":"https:\/\/diamant-strass-dmc.com\/pl\/wp-json\/wp\/v2\/types\/page"}],"author":[{"embeddable":true,"href":"https:\/\/diamant-strass-dmc.com\/pl\/wp-json\/wp\/v2\/users\/1"}],"replies":[{"embeddable":true,"href":"https:\/\/diamant-strass-dmc.com\/pl\/wp-json\/wp\/v2\/comments?post=26407"}],"version-history":[{"count":3,"href":"https:\/\/diamant-strass-dmc.com\/pl\/wp-json\/wp\/v2\/pages\/26407\/revisions"}],"predecessor-version":[{"id":83490,"href":"https:\/\/diamant-strass-dmc.com\/pl\/wp-json\/wp\/v2\/pages\/26407\/revisions\/83490"}],"wp:attachment":[{"href":"https:\/\/diamant-strass-dmc.com\/pl\/wp-json\/wp\/v2\/media?parent=26407"}],"curies":[{"name":"wp","href":"https:\/\/api.w.org\/{rel}","templated":true}]}}