{"id":26344,"date":"2021-04-08T10:39:54","date_gmt":"2021-04-08T08:39:54","guid":{"rendered":"https:\/\/diamant-strass-dmc.com\/warunki-sprzedazy\/"},"modified":"2025-03-02T02:55:00","modified_gmt":"2025-03-02T01:55:00","slug":"cgv","status":"publish","type":"page","link":"https:\/\/diamant-strass-dmc.com\/pl\/cgv\/","title":{"rendered":"Og\u00f3lne warunki sprzeda\u017cy"},"content":{"rendered":"<p>Niniejsze warunki u\u017cytkowania s\u0105 zawierane przez ka\u017cd\u0105 osob\u0119 fizyczn\u0105 lub prawn\u0105, kt\u00f3ra chce dokona\u0107 zakupu na stronie Diamant-Strass-DMC.com, zwan\u0105 dalej &#8222;kupuj\u0105cym&#8221;. A z drugiej strony przez Diamant-Strass-DMC.com, publikowany przez DPL Web, kt\u00f3rego siedziba znajduje si\u0119 pod adresem 570 rue de Solesmes 59213 Vendegies-sur-\u00c9caillon (Francja) i zarejestrowany pod numerem SIRET <strong>50778378500052<\/strong> oraz RCS <strong>Douai A 507 783 785<\/strong> zwany dalej Diamant-Strass-DMC.com.<\/p>\n<h2 style=\"margin-top: 50px;\">Cel niniejszych warunk\u00f3w<\/h2>\n<p>Celem niniejszych warunk\u00f3w sprzeda\u017cy jest okre\u015blenie stosunk\u00f3w umownych pomi\u0119dzy nabywc\u0105 a Diamant-Strass-DMC.com oraz warunk\u00f3w maj\u0105cych zastosowanie do ka\u017cdego zakupu dokonanego za po\u015brednictwem e-sklepu Diamant-Strass-DMC.com, niezale\u017cnie od tego czy nabywca jest profesjonalist\u0105 czy osob\u0105 prywatn\u0105. Nabycie towaru lub us\u0142ugi za po\u015brednictwem strony Diamant-Strass-DMC.com jest uzale\u017cnione od bezwarunkowej akceptacji przez nabywc\u0119 niniejszych og\u00f3lnych warunk\u00f3w sprzeda\u017cy.<\/p>\n<p>Niniejsze og\u00f3lne warunki sprzeda\u017cy maj\u0105 pierwsze\u0144stwo przed wszelkimi innymi og\u00f3lnymi lub szczeg\u00f3\u0142owymi warunkami, kt\u00f3re nie zosta\u0142y wyra\u017anie uzgodnione przez Diamant-Strass-DMC.com. Ponadto Diamant-Strass-DMC.com zastrzega sobie prawo do zmiany warunk\u00f3w sprzeda\u017cy w dowolnym momencie. Obowi\u0105zuj\u0105cymi warunkami b\u0119d\u0105 w\u00f3wczas warunki obowi\u0105zuj\u0105ce w dniu z\u0142o\u017cenia zam\u00f3wienia przez kupuj\u0105cego.<\/p>\n<h2 style=\"margin-top: 50px;\">Charakterystyka produkt\u00f3w oferowanych przez Diamant-Strass-DMC.com<\/h2>\n<p>Oferowane produkty to te przedstawione na stronie Diamant-Strass-DMC.com. Produkty te s\u0105 dost\u0119pne do wyczerpania zapas\u00f3w. <\/p>\n<h2 style=\"margin-top: 50px;\">Naliczane ceny<\/h2>\n<p>Ceny podane na stronie Diamant-Strass-DMC.com zawieraj\u0105 wszystkie podatki: uwzgl\u0119dniaj\u0105 podatek od warto\u015bci dodanej (VAT) obowi\u0105zuj\u0105cy w dniu z\u0142o\u017cenia zam\u00f3wienia. Ka\u017cda zmiana stawki podatku VAT mo\u017ce mie\u0107 odzwierciedlenie w cenach. Diamant-Strass-DMC.com zastrzega sobie prawo do zmiany cen w dowolnym momencie, przy czym rozumie si\u0119, \u017ce cena wskazana na karcie produktu w momencie sk\u0142adania zam\u00f3wienia b\u0119dzie jedyn\u0105 cen\u0105 obowi\u0105zuj\u0105c\u0105 nabywc\u0119. Ceny wskazane na kartach produkt\u00f3w nie obejmuj\u0105 koszt\u00f3w dostawy. <\/p>\n<h2 style=\"margin-top: 50px;\">Zamawianie na Diamant-Strass-DMC.com<\/h2>\n<p>Kupuj\u0105cy chc\u0105cy z\u0142o\u017cy\u0107 zam\u00f3wienie musz\u0105 :<\/p>\n<ul>\n<li>Wype\u0142nij koszyk online, dodaj\u0105c wszystkie wybrane produkty;<\/li>\n<li>Wype\u0142nij formularz identyfikacyjny, podaj\u0105c wymagane dane kontaktowe, lub zaloguj si\u0119 na swoje konto klienta, je\u015bli je posiadasz;<\/li>\n<li>Potwierdzi\u0107 zam\u00f3wienie, przyst\u0119puj\u0105c do p\u0142atno\u015bci, po jego sprawdzeniu i zaakceptowaniu niniejszych og\u00f3lnych warunk\u00f3w sprzeda\u017cy;<\/li>\n<\/ul>\n<p>Potwierdzenie zam\u00f3wienia oznacza akceptacj\u0119 niniejszych og\u00f3lnych warunk\u00f3w sprzeda\u017cy, potwierdzenie ich pe\u0142nej znajomo\u015bci oraz zrzeczenie si\u0119 prawa do powo\u0142ywania si\u0119 na w\u0142asne warunki zakupu lub inne. Wszystkie podane dane i zapisane potwierdzenie b\u0119d\u0105 traktowane jako dow\u00f3d transakcji. Potwierdzenie b\u0119dzie traktowane jako podpis i akceptacja wykonanych operacji. Sprzedawca wy\u015ble wiadomo\u015b\u0107 e-mail potwierdzaj\u0105c\u0105, \u017ce zam\u00f3wienie zosta\u0142o zarejestrowane, a nast\u0119pnie potwierdzenie, \u017ce zam\u00f3wienie zosta\u0142o wys\u0142ane i, w stosownych przypadkach, numer \u015bledzenia.<\/p>\n<h2 style=\"margin-top: 50px;\">Warunki p\u0142atno\u015bci<\/h2>\n<p>Cena jest p\u0142atna w momencie z\u0142o\u017cenia zam\u00f3wienia. Konto kupuj\u0105cego jest obci\u0105\u017cane kwot\u0105 zam\u00f3wionych produkt\u00f3w, powi\u0119kszon\u0105 w stosownych przypadkach o koszty dostawy. <\/p>\n<p>Wszystkie metody p\u0142atno\u015bci oferowane na stronie potwierdzenia zam\u00f3wienia wykorzystuj\u0105 protok\u00f3\u0142 SSL (Secure Socket Layer), co oznacza, \u017ce przesy\u0142ane informacje s\u0105 szyfrowane przez oprogramowanie i nie mog\u0105 by\u0107 odczytane przez osoby trzecie podczas transportu przez sie\u0107.<\/p>\n<p>Diamant-Strass-DMC.com nie przechowuje ani nie gromadzi \u017cadnych numer\u00f3w kart kredytowych wprowadzonych przez u\u017cytkownika i nie ma technicznego dost\u0119pu do tych informacji.<\/p>\n<h2 style=\"margin-top: 50px;\">Dostawa i wysy\u0142ka<\/h2>\n<p>Wszystkie produkty s\u0105 przechowywane we Francji, w magazynie Diamant-Strass-DMC.com.<\/p>\n<p>Zam\u00f3wienia s\u0105 wysy\u0142ane w ci\u0105gu 24 godzin od ich z\u0142o\u017cenia.<\/p>\n<p>Przesy\u0142ki wysy\u0142ane s\u0105 listem zwyk\u0142ym, listem poleconym, Colissimo (us\u0142ugi La Poste we Francji) lub Mondial Relay, w zale\u017cno\u015bci od liczby i wagi przesy\u0142ek.<\/p>\n<p>Czas dostawy wynosi 3 dni robocze dla Francji i od 3 do 10 dni roboczych dla innych kraj\u00f3w, z wy\u0142\u0105czeniem wszelkich op\u00f3\u017anie\u0144 ze strony La Poste lub Mondial Relay poza kontrol\u0105 Diamant-Strass-DMC.com. Ten czas dostawy jest obliczany na ka\u017cdej karcie produktu zgodnie z krajem po\u0142\u0105czenia klienta, a nast\u0119pnie wskazywany na stronie potwierdzenia zam\u00f3wienia zgodnie z krajem podanym jako adres dostawy. <\/p>\n<p>Tylko zam\u00f3wienia o minimalnej warto\u015bci s\u0105 wysy\u0142ane ze \u015bledzeniem. Kwota ta wynosi 15 \u20ac za przesy\u0142k\u0119 do Francji i 20 \u20ac za przesy\u0142k\u0119 do innego kraju. Numer przesy\u0142ki jest przekazywany kupuj\u0105cemu w wiadomo\u015bci e-mail z potwierdzeniem wysy\u0142ki. Je\u015bli zam\u00f3wienie zosta\u0142o op\u0142acone w walucie innej ni\u017c euro, kurs wymiany tej waluty w dniu zam\u00f3wienia jest brany pod uwag\u0119 przy przeliczaniu na kwot\u0119 15 \u20ac lub 20 \u20ac.   <\/p>\n<p>Je\u015bli op\u00f3\u017anienie us\u0142ug pocztowych przekroczy 3 dni robocze dla Francji lub 5 dni roboczych dla innych kraj\u00f3w, Diamant-Strass-DMC.com zobowi\u0105zuje si\u0119 do ponownego wys\u0142ania zam\u00f3wienia z numerem \u015bledzenia przekazanym kupuj\u0105cemu.<\/p>\n<p>Je\u015bli czas dostawy przekroczy 20 dni roboczych od daty zam\u00f3wienia, umowa sprzeda\u017cy mo\u017ce zosta\u0107 rozwi\u0105zana, a kupuj\u0105cy mo\u017ce otrzyma\u0107 zwrot koszt\u00f3w.<\/p>\n<h2 style=\"margin-top: 50px;\">Uszkodzenie<\/h2>\n<p>W przypadku uszkodzenia podczas transportu, uzasadnion\u0105 reklamacj\u0119 nale\u017cy z\u0142o\u017cy\u0107 do Diamant-Strass-DMC.com w ci\u0105gu 3 dni od dostawy, wraz ze zdj\u0119ciem, na adres contact@diamant-strass-dmc.com.<\/p>\n<h2 style=\"margin-top: 50px;\">Informacje zwrotne i dyskusja<\/h2>\n<p>Produkty zakupione na stronie Diamant-Strass-DMC.com mo\u017cna zwr\u00f3ci\u0107 w ci\u0105gu 30 dni od daty zakupu w celu uzyskania pe\u0142nego zwrotu pieni\u0119dzy lub wymiany na przedmiot o podobnej warto\u015bci. Koszty wysy\u0142ki produkt\u00f3w zwracanych do Diamant-Strass-DMC.com ponosi klient.<\/p>\n<p>Wnioski nale\u017cy przesy\u0142a\u0107 na adres diamant.strass@gmail.com, podaj\u0105c numer zam\u00f3wienia.<\/p>\n<p>Adres zwrotny jest nast\u0119puj\u0105cy<\/p>\n<p>DIAMANT STRASS DMC<br \/>\n570 RUE DE SOLESMES<br \/>\n59213 VENDEGIES SUR ECAILLON<br \/>\nFRANCJA<\/p>\n<p>Produkty zwr\u00f3cone po up\u0142ywie tego 30-dniowego okresu nie zostan\u0105 zwr\u00f3cone ani wymienione.<\/p>\n<p>Produkty musz\u0105 zosta\u0107 zwr\u00f3cone czyste i nieuszkodzone. Zapiecz\u0119towane opakowania diament\u00f3w nie mog\u0105 by\u0107 otwierane.<\/p>\n<h2 style=\"margin-top: 50px;\">Wycofanie si\u0119 z umowy<\/h2>\n<p>Kupuj\u0105cy, nieprofesjonalne osoby fizyczne, korzystaj\u0105 z okresu odst\u0105pienia od umowy przewidzianego przez prawo ich kraju. Aby skorzysta\u0107 z prawa do odst\u0105pienia od umowy, nale\u017cy powiadomi\u0107 Diamant-Strass-DMC.com za pomoc\u0105 formularza kontaktowego na stronie lub wysy\u0142aj\u0105c wiadomo\u015b\u0107 e-mail na adres contact@diamant-strass-dmc.com.<\/p>\n<p>Nast\u0119pnie produkt musi by\u0107 zwr\u00f3cony do Diamant-Strass-DMC.com w ci\u0105gu 30 dni, w celu wymiany lub zwrotu bez kary, z wyj\u0105tkiem koszt\u00f3w wysy\u0142ki zwrotnej, kt\u00f3re pozostaj\u0105 w gestii klienta.<\/p>\n<p>Zwroty b\u0119d\u0105 dokonywane tylko wtedy, gdy produkt i jego opakowanie s\u0105 nienaruszone (w przypadku zapiecz\u0119towanych saszetek z per\u0142ami nie mog\u0105 by\u0107 one otwierane).<\/p>\n<h2 style=\"margin-top: 50px;\">Odpowiedzialno\u015b\u0107 Sprzedawcy i w\u0142asno\u015b\u0107 intelektualna<\/h2>\n<p>Sprzedawca, w procesie sprzeda\u017cy online, jest zwi\u0105zany jedynie zobowi\u0105zaniem \u015brodk\u00f3w i nie mo\u017ce ponosi\u0107 odpowiedzialno\u015bci za jakiekolwiek szkody wynikaj\u0105ce z korzystania z sieci internetowej, takie jak utrata danych, w\u0142amania, wirusy, awaria us\u0142ugi lub inne mimowolne problemy.<\/p>\n<h2 style=\"margin-top: 50px;\">W\u0142asno\u015b\u0107 intelektualna<\/h2>\n<p>Wszystkie elementy strony Diamant-Strass-DMC.com. s\u0105 i pozostaj\u0105 wy\u0142\u0105czn\u0105 w\u0142asno\u015bci\u0105 intelektualn\u0105 Diamant-Strass-DMC.com.<\/p>\n<p>Nikt nie jest upowa\u017cniony do powielania, wykorzystywania, reemitowania lub u\u017cywania w jakikolwiek spos\u00f3b, nawet cz\u0119\u015bciowo, element\u00f3w strony, zar\u00f3wno oprogramowania, jak i wizualnych lub d\u017awi\u0119kowych.<\/p>\n<h2 style=\"margin-top: 50px;\">Serwis posprzeda\u017cowy<\/h2>\n<p>Serwis posprzeda\u017cowy Diamant-Strass-DMC.com jest dost\u0119pny pod adresem e-mail contact@diamant-strass-dmc.com lub za po\u015brednictwem formularza kontaktowego.<\/p>\n<h2 style=\"margin-top: 50px;\">Dane osobowe<\/h2>\n<p>Zgodnie z francusk\u0105 ustaw\u0105 o ochronie danych osobowych z dnia 6 stycznia 1978 r. dane osobowe nabywc\u00f3w mog\u0105 by\u0107 przetwarzane automatycznie. Diamant-Strass-DMC.com zastrzega sobie prawo do zbierania informacji o kupuj\u0105cych, w tym przy u\u017cyciu plik\u00f3w cookies, a tak\u017ce, je\u015bli chce, do przekazywania zebranych informacji partnerom handlowym. Przegl\u0105danie strony Diamant-Strass-DMC.com oznacza akceptacj\u0119 zbierania i wykorzystywania wspomnianych plik\u00f3w cookies.<\/p>\n<p>Kupuj\u0105cy mo\u017ce wyrazi\u0107 sprzeciw wobec ujawnienia jego danych, powiadamiaj\u0105c o tym Diamant-Strass-DMC.com. Podobnie, u\u017cytkownicy maj\u0105 prawo dost\u0119pu do dotycz\u0105cych ich danych i ich poprawiania, zgodnie z francusk\u0105 ustaw\u0105 z dnia 6 stycznia 1978 roku. Automatyczne przetwarzanie informacji, w tym zarz\u0105dzanie adresami e-mail u\u017cytkownik\u00f3w strony, zosta\u0142o zg\u0142oszone (nr 1787089) do Krajowej Komisji Informatyki i Wolno\u015bci (CNIL).<\/p>\n<p>Jak wskazano powy\u017cej w sekcji &#8222;metody p\u0142atno\u015bci&#8221;, Diamant-Strass-DMC.com nie przechowuje ani nie gromadzi \u017cadnych numer\u00f3w kart kredytowych wprowadzonych przez u\u017cytkownika i nie ma technicznego dost\u0119pu do tych informacji.<\/p>\n<h2 style=\"margin-top: 50px;\">Archiwizacja \/ Dowody<\/h2>\n<p>Diamant-Strass-DMC.com. b\u0119dzie archiwizowa\u0107 formularze zam\u00f3wie\u0144 i faktury na wiarygodnym i trwa\u0142ym no\u015bniku stanowi\u0105cym wiern\u0105 kopi\u0119 zgodnie z postanowieniami art. 1348 francuskiego kodeksu cywilnego. Komputerowe rejestry Diamant-Strass-DMC.com b\u0119d\u0105 uznawane przez strony za dow\u00f3d komunikacji, zam\u00f3wie\u0144, p\u0142atno\u015bci i transakcji pomi\u0119dzy stronami.<\/p>\n<h2 style=\"margin-top: 50px;\">Rozwi\u0105zywanie spor\u00f3w<\/h2>\n<p>Niniejsze og\u00f3lne warunki sprzeda\u017cy podlegaj\u0105 prawu francuskiemu. W przypadku sporu jurysdykcja jest przypisana do w\u0142a\u015bciwych s\u0105d\u00f3w w Pary\u017cu we Francji, niezale\u017cnie od wielu pozwanych lub wprowadzenia stron trzecich.<\/p>\n","protected":false},"excerpt":{"rendered":"<p>Niniejsze warunki u\u017cytkowania s\u0105 zawierane przez ka\u017cd\u0105 osob\u0119 fizyczn\u0105 lub prawn\u0105, kt\u00f3ra chce dokona\u0107 zakupu na stronie Diamant-Strass-DMC.com, zwan\u0105 dalej &#8222;kupuj\u0105cym&#8221;. A z drugiej strony przez Diamant-Strass-DMC.com, publikowany przez DPL Web, kt\u00f3rego siedziba znajduje si\u0119 pod adresem 570 rue de Solesmes 59213 Vendegies-sur-\u00c9caillon (Francja) i zarejestrowany pod numerem SIRET 50778378500052 oraz RCS Douai A 507 [&hellip;]<\/p>\n","protected":false},"author":1,"featured_media":0,"parent":0,"menu_order":0,"comment_status":"closed","ping_status":"closed","template":"","meta":{"footnotes":""},"class_list":["post-26344","page","type-page","status-publish","hentry"],"blocksy_meta":[],"aioseo_notices":[],"_links":{"self":[{"href":"https:\/\/diamant-strass-dmc.com\/pl\/wp-json\/wp\/v2\/pages\/26344","targetHints":{"allow":["GET"]}}],"collection":[{"href":"https:\/\/diamant-strass-dmc.com\/pl\/wp-json\/wp\/v2\/pages"}],"about":[{"href":"https:\/\/diamant-strass-dmc.com\/pl\/wp-json\/wp\/v2\/types\/page"}],"author":[{"embeddable":true,"href":"https:\/\/diamant-strass-dmc.com\/pl\/wp-json\/wp\/v2\/users\/1"}],"replies":[{"embeddable":true,"href":"https:\/\/diamant-strass-dmc.com\/pl\/wp-json\/wp\/v2\/comments?post=26344"}],"version-history":[{"count":3,"href":"https:\/\/diamant-strass-dmc.com\/pl\/wp-json\/wp\/v2\/pages\/26344\/revisions"}],"predecessor-version":[{"id":84510,"href":"https:\/\/diamant-strass-dmc.com\/pl\/wp-json\/wp\/v2\/pages\/26344\/revisions\/84510"}],"wp:attachment":[{"href":"https:\/\/diamant-strass-dmc.com\/pl\/wp-json\/wp\/v2\/media?parent=26344"}],"curies":[{"name":"wp","href":"https:\/\/api.w.org\/{rel}","templated":true}]}}