{"id":26211,"date":"2021-04-08T09:21:59","date_gmt":"2021-04-08T07:21:59","guid":{"rendered":"https:\/\/diamant-strass-dmc.com\/prawnych\/"},"modified":"2024-09-08T03:40:07","modified_gmt":"2024-09-08T01:40:07","slug":"noty-prawne","status":"publish","type":"page","link":"https:\/\/diamant-strass-dmc.com\/pl\/noty-prawne\/","title":{"rendered":"Informacje prawne"},"content":{"rendered":"<p style=\"text-align: left;\">Zgodnie z postanowieniami artyku\u0142\u00f3w 6-III i 19 francuskiej ustawy nr 2004-575 z dnia 21 czerwca 2004 r. o zaufaniu w gospodarce cyfrowej, znanej jako L.C.E.N., zwracamy uwag\u0119 u\u017cytkownik\u00f3w i os\u00f3b odwiedzaj\u0105cych witryn\u0119 diamant-strass-dmc.com na nast\u0119puj\u0105ce informacje:<\/p>\n<h2 style=\"margin-top:50px;\">1. Informacje prawne<\/h2>\n<p>  W\u0142a\u015bcicielem, tw\u00f3rc\u0105 witryny i mened\u017cerem publikacji jest DPL Web, kt\u00f3rego siedziba znajduje si\u0119 pod adresem 570 rue de Solesmes 59213 Vendegies-sur-\u00c9caillon (Francja), numer SIRET <strong>50778378500052<\/strong> i numer RCS <strong>Douai A 507 783 785<\/strong>.<br \/>\nAdres e-mail strony diamant-strass-dmc.com to contact@diamant-strass-dmc.com .<br \/>\nHostem witryny jest: OVH, kt\u00f3rego adres to 2 Rue Kellermann 59100 Roubaix (Francja).    <\/p>\n<h2 style=\"margin-top:50px;\">2. Prezentacja i zasada<\/h2>\n<p>  Jest oznaczony dalej: U\u017cytkownik, ka\u017cdy u\u017cytkownik Internetu \u0142\u0105cz\u0105cy si\u0119 i korzystaj\u0105cy z wy\u017cej wymienionej strony: diamant-strass-dmc.com. Strona diamant-strass-dmc.com gromadzi ca\u0142o\u015b\u0107 us\u0142ug, w stanie, postawionym do dyspozycji u\u017cytkownik\u00f3w. Jest tu okre\u015blone, \u017ce ten ostatni musi pozosta\u0107 uprzejmy i wykaza\u0107 dobr\u0105 wiar\u0119, jak r\u00f3wnie\u017c wobec innych u\u017cytkownik\u00f3w, jak wobec webmastera strony diamant-strass-dmc.com. Strona diamant-strass-dmc.com jest regularnie aktualizowana przez DPL Web, kt\u00f3ra stara si\u0119 zapewni\u0107 jak najdok\u0142adniejsze informacje (z zastrze\u017ceniem zmian wprowadzonych od momentu jej uruchomienia), ale nie mo\u017ce zagwarantowa\u0107 dok\u0142adno\u015bci, kompletno\u015bci i aktualno\u015bci informacji rozpowszechnianych na swojej stronie, niezale\u017cnie od tego, czy s\u0105 to jej w\u0142asne dzia\u0142ania, czy te\u017c dzia\u0142ania partner\u00f3w zewn\u0119trznych, kt\u00f3rzy dostarczaj\u0105 jej tych informacji. W zwi\u0105zku z tym u\u017cytkownicy przyjmuj\u0105 do wiadomo\u015bci, \u017ce korzystaj\u0105 z tych informacji (kt\u00f3re s\u0105 orientacyjne, niewyczerpuj\u0105ce i mog\u0105 ulec zmianie) na w\u0142asn\u0105 odpowiedzialno\u015b\u0107.  <\/p>\n<h2 style=\"margin-top:50px;\">3. Dost\u0119pno\u015b\u0107<\/h2>\n<p>  Strona diamant-strass-dmc.com jest zasadniczo dost\u0119pna dla u\u017cytkownik\u00f3w 24 godziny na dob\u0119, 7 dni w tygodniu, z wyj\u0105tkiem przerw, zaplanowanych lub nie, w celach konserwacyjnych lub w przypadku dzia\u0142ania si\u0142y wy\u017cszej. W przypadku braku mo\u017cliwo\u015bci dost\u0119pu do serwisu, diamant-strass-dmc.com zobowi\u0105zuje si\u0119 do\u0142o\u017cy\u0107 wszelkich stara\u0144, aby przywr\u00f3ci\u0107 dost\u0119p do serwisu i postara si\u0119 wcze\u015bniej przekaza\u0107 u\u017cytkownikom terminy i godziny interwencji. Podlegaj\u0105c jedynie obowi\u0105zkowi \u015brodk\u00f3w, diamant-strass-dmc.com nie mo\u017ce by\u0107 poci\u0105gni\u0119ty do odpowiedzialno\u015bci za jakiekolwiek szkody, niezale\u017cnie od ich charakteru, wynikaj\u0105ce z niedost\u0119pno\u015bci us\u0142ugi.  <\/p>\n<h2 style=\"margin-top:50px;\">4. W\u0142asno\u015b\u0107 intelektualna<\/h2>\n<p>  DPL Web jest wy\u0142\u0105cznym w\u0142a\u015bcicielem wszystkich praw w\u0142asno\u015bci intelektualnej lub posiada prawa do korzystania ze wszystkich element\u00f3w dost\u0119pnych na stronie, zar\u00f3wno w odniesieniu do struktury, jak i tekst\u00f3w, obraz\u00f3w, grafiki, logo, ikon, d\u017awi\u0119k\u00f3w, oprogramowania. Wszelkie ca\u0142kowite lub cz\u0119\u015bciowe powielanie strony diamant-strass-dmc.com, reprezentacja, modyfikacja, publikacja, ca\u0142kowita lub cz\u0119\u015bciowa adaptacja kt\u00f3regokolwiek z tych element\u00f3w, niezale\u017cnie od u\u017cytych \u015brodk\u00f3w lub procesu, jest zabronione, z wyj\u0105tkiem uprzedniej pisemnej zgody DPL Web, w\u0142a\u015bciciela, za po\u015brednictwem poczty elektronicznej (contact@diamant-strass-dmc.com).<br \/>\nNiezastosowanie si\u0119 do tego wymogu zostanie uznane za naruszenie i b\u0119dzie podlega\u0107 \u015bciganiu zgodnie z postanowieniami artyku\u0142\u00f3w L.335-2 i nast\u0119pnych francuskiego kodeksu w\u0142asno\u015bci intelektualnej.   <\/p>\n<h2 style=\"margin-top:50px;\">5. Hiper\u0142\u0105cza<\/h2>\n<p>  Strona diamant-strass-dmc.com zawiera szereg link\u00f3w hipertekstowych do innych stron (partner\u00f3w, informacji itp.) utworzonych za zgod\u0105 DPL Web. Nie jest jednak w stanie sprawdzi\u0107 ca\u0142ej zawarto\u015bci stron odwiedzanych w ten spos\u00f3b i dlatego nie ponosi \u017cadnej odpowiedzialno\u015bci za jakiekolwiek ryzyko zwi\u0105zane z nielegalnymi tre\u015bciami.  <\/p>\n<h2 style=\"margin-top:50px;\">6. Ochrona mienia i os\u00f3b &#8211; zarz\u0105dzanie danymi osobowymi<\/h2>\n<p>  We Francji dane osobowe s\u0105 chronione przez francusk\u0105 ustaw\u0119 nr 78-87 z dnia 6 stycznia 1978 r., francusk\u0105 ustaw\u0119 nr 2004-801 z dnia 6 sierpnia 2004 r., artyku\u0142 L. 226-13 francuskiego kodeksu karnego i dyrektyw\u0119 europejsk\u0105 z dnia 24 pa\u017adziernika 1995 r.<br \/>\nW witrynie diamant-strass-dmc.com firma DPL Web gromadzi dane osobowe (zgodnie z art. 4 francuskiej ustawy nr 78-17 z dnia 6 stycznia 1978 r.) dotycz\u0105ce u\u017cytkownika wy\u0142\u0105cznie na potrzeby niekt\u00f3rych us\u0142ug oferowanych przez witryn\u0119 diamant-strass-dmc.com.  U\u017cytkownik podaje te informacje z pe\u0142n\u0105 \u015bwiadomo\u015bci\u0105, w szczeg\u00f3lno\u015bci gdy sam je wprowadza. Nast\u0119pnie okre\u015bla si\u0119 u\u017cytkownikowi strony diamant-strass-dmc.com obowi\u0105zek lub brak obowi\u0105zku podania tych informacji. Zgodnie z postanowieniami art. 38 i nast\u0119pnych francuskiej ustawy o ochronie danych 78-17 z dnia 6 stycznia 1978 r., wszyscy u\u017cytkownicy maj\u0105 prawo dost\u0119pu, poprawiania, usuwania i sprzeciwu wobec wszelkich danych osobowych, kt\u00f3re ich dotycz\u0105.<br \/>\nAby skorzysta\u0107 z tego prawa, nale\u017cy wys\u0142a\u0107 wniosek poczt\u0105 elektroniczn\u0105 na adres contact@diamant-strass-dmc.com.  \u017badne dane osobowe u\u017cytkownika strony diamant-strass-dmc.com nie s\u0105 publikowane bez wiedzy u\u017cytkownika, wymieniane, przenoszone, oddawane lub sprzedawane na nieokre\u015blonym wsparciu z trzecimi. Tylko hipoteza zakupu strony diamant-strass-dmc.com i jej praw upowa\u017cnia DPL Web do przekazania tych informacji ewentualnemu nabywcy, kt\u00f3ry z kolei b\u0119dzie zwi\u0105zany tym samym obowi\u0105zkiem zachowania i modyfikacji danych w odniesieniu do u\u017cytkownika strony diamant-strass-dmc.com. Diamant-Strass-DMC.com nie przechowuje ani nie gromadzi \u017cadnych numer\u00f3w kart kredytowych wprowadzonych przez u\u017cytkownika i nie ma technicznego dost\u0119pu do tych informacji.<br \/>\nBazy danych s\u0105 chronione przepisami ustawy z dnia 1 lipca 1998 r. transponuj\u0105cej francusk\u0105 dyrektyw\u0119 96\/9 z dnia 11 marca 1996 r. w sprawie ochrony prawnej baz danych.   <\/p>\n<style><!-- br { content: \" \";display: block;font-size: 100%;height: 2em; } --><\/style>\n","protected":false},"excerpt":{"rendered":"<p>Zgodnie z postanowieniami artyku\u0142\u00f3w 6-III i 19 francuskiej ustawy nr 2004-575 z dnia 21 czerwca 2004 r. o zaufaniu w gospodarce cyfrowej, znanej jako L.C.E.N., zwracamy uwag\u0119 u\u017cytkownik\u00f3w i os\u00f3b odwiedzaj\u0105cych witryn\u0119 diamant-strass-dmc.com na nast\u0119puj\u0105ce informacje: 1. Informacje prawne W\u0142a\u015bcicielem, tw\u00f3rc\u0105 witryny i mened\u017cerem publikacji jest DPL Web, kt\u00f3rego siedziba znajduje si\u0119 pod adresem 570 [&hellip;]<\/p>\n","protected":false},"author":1,"featured_media":0,"parent":0,"menu_order":0,"comment_status":"closed","ping_status":"closed","template":"template-fullwidth.php","meta":{"footnotes":""},"class_list":["post-26211","page","type-page","status-publish","hentry"],"blocksy_meta":[],"aioseo_notices":[],"_links":{"self":[{"href":"https:\/\/diamant-strass-dmc.com\/pl\/wp-json\/wp\/v2\/pages\/26211","targetHints":{"allow":["GET"]}}],"collection":[{"href":"https:\/\/diamant-strass-dmc.com\/pl\/wp-json\/wp\/v2\/pages"}],"about":[{"href":"https:\/\/diamant-strass-dmc.com\/pl\/wp-json\/wp\/v2\/types\/page"}],"author":[{"embeddable":true,"href":"https:\/\/diamant-strass-dmc.com\/pl\/wp-json\/wp\/v2\/users\/1"}],"replies":[{"embeddable":true,"href":"https:\/\/diamant-strass-dmc.com\/pl\/wp-json\/wp\/v2\/comments?post=26211"}],"version-history":[{"count":10,"href":"https:\/\/diamant-strass-dmc.com\/pl\/wp-json\/wp\/v2\/pages\/26211\/revisions"}],"predecessor-version":[{"id":76154,"href":"https:\/\/diamant-strass-dmc.com\/pl\/wp-json\/wp\/v2\/pages\/26211\/revisions\/76154"}],"wp:attachment":[{"href":"https:\/\/diamant-strass-dmc.com\/pl\/wp-json\/wp\/v2\/media?parent=26211"}],"curies":[{"name":"wp","href":"https:\/\/api.w.org\/{rel}","templated":true}]}}