{"id":71546,"date":"2024-03-18T01:48:57","date_gmt":"2024-03-18T00:48:57","guid":{"rendered":"https:\/\/diamant-strass-dmc.com\/perles-broderie\/forstorrelsesglass-klips-fleksibel-lysende-led-diamant-maleri\/"},"modified":"2025-10-31T04:11:47","modified_gmt":"2025-10-31T03:11:47","slug":"forstorrelsesglass-klips-fleksibel-lysende-led-diamant-maleri","status":"publish","type":"product","link":"https:\/\/diamant-strass-dmc.com\/no\/perles-broderie\/forstorrelsesglass-klips-fleksibel-lysende-led-diamant-maleri\/","title":{"rendered":"Fleksibel klipslupe med LED-lys"},"content":{"rendered":"<ul>\n<li>Forst\u00f8rrelsesglass <strong>x2,5<\/strong> + minifokus <strong>x5<\/strong>;<\/li>\n<li>M\u00e5lrettet dobbel <strong>LED-belysning<\/strong>;<\/li>\n<li><strong>Fleksibel arm<\/strong>;<\/li>\n<li><strong>Kan demonteres<\/strong> fullstendig;<\/li>\n<li><strong>Kan festes<\/strong> p\u00e5 alle overflater.<\/li>\n<\/ul>\n<p>Drives med 3 AAA-batterier (ikke inkludert). Alle lupens deler kan skrus av for enkel transport.<\/p>\n<p>Forst\u00f8rrelsesglasset gj\u00f8r det mulig \u00e5 se 2,5 ganger s\u00e5 stort, og inneholder en fokus (linse) med en diameter p\u00e5 2,5 cm som gj\u00f8r det mulig \u00e5 se 5 ganger s\u00e5 stort.<\/p>\n<p>Lengde p\u00e5 fleksibel arm: 25 cm.<br \/>\nDiameter p\u00e5 lupe: 12,5 cm.<\/p>\n<p>Dette produktet kan kun sendes som pakke (og ikke i en boblekonvolutt). Fraktkostnader beregnes deretter.<\/p>\n","protected":false},"excerpt":{"rendered":"<p style=\"font-size: 14px; line-height: 1.2em;text-align:justify;padding-right:10px;\">\u26a0\ufe0f <strong>Denne varen kan kun sendes innen EU<\/strong> (\u00d8sterrike, Belgia, Bulgaria, Kroatia, Kypros, Tsjekkia, Danmark, Estland, Finland, Frankrike, Tyskland, Hellas, Ungarn, Irland, Italia, Latvia, Litauen, Luxembourg, Malta, Nederland, Polen, Portugal, Romania, Slovakia, Slovenia, Spania og Sverige).<\/p>\n","protected":false},"featured_media":71327,"template":"","meta":{"footnotes":""},"product_brand":[],"product_cat":[7185],"class_list":{"0":"post-71546","1":"product","2":"type-product","3":"status-publish","4":"has-post-thumbnail","6":"product_cat-tilbehor-no","7":"product_shipping_class-colissimo","9":"first","10":"outofstock","11":"sale","12":"taxable","13":"shipping-taxable","14":"purchasable","15":"product-type-simple"},"aioseo_notices":[],"_links":{"self":[{"href":"https:\/\/diamant-strass-dmc.com\/no\/wp-json\/wp\/v2\/product\/71546","targetHints":{"allow":["GET"]}}],"collection":[{"href":"https:\/\/diamant-strass-dmc.com\/no\/wp-json\/wp\/v2\/product"}],"about":[{"href":"https:\/\/diamant-strass-dmc.com\/no\/wp-json\/wp\/v2\/types\/product"}],"version-history":[{"count":2,"href":"https:\/\/diamant-strass-dmc.com\/no\/wp-json\/wp\/v2\/product\/71546\/revisions"}],"predecessor-version":[{"id":100109,"href":"https:\/\/diamant-strass-dmc.com\/no\/wp-json\/wp\/v2\/product\/71546\/revisions\/100109"}],"wp:featuredmedia":[{"embeddable":true,"href":"https:\/\/diamant-strass-dmc.com\/no\/wp-json\/wp\/v2\/media\/71327"}],"wp:attachment":[{"href":"https:\/\/diamant-strass-dmc.com\/no\/wp-json\/wp\/v2\/media?parent=71546"}],"wp:term":[{"taxonomy":"product_brand","embeddable":true,"href":"https:\/\/diamant-strass-dmc.com\/no\/wp-json\/wp\/v2\/product_brand?post=71546"},{"taxonomy":"product_cat","embeddable":true,"href":"https:\/\/diamant-strass-dmc.com\/no\/wp-json\/wp\/v2\/product_cat?post=71546"}],"curies":[{"name":"wp","href":"https:\/\/api.w.org\/{rel}","templated":true}]}}