{"id":71529,"date":"2024-03-01T23:52:23","date_gmt":"2024-03-01T22:52:23","guid":{"rendered":"https:\/\/diamant-strass-dmc.com\/perles-broderie\/lys-hylle-diamant-maleri\/"},"modified":"2025-10-31T04:11:53","modified_gmt":"2025-10-31T03:11:53","slug":"lys-hylle-diamant-maleri","status":"publish","type":"product","link":"https:\/\/diamant-strass-dmc.com\/no\/perles-broderie\/lys-hylle-diamant-maleri\/","title":{"rendered":"A4 lyshylle + holder og klemmer"},"content":{"rendered":"<ul>\n<li><strong>A4-format<\/strong> (belyst flate 31 x 23,5 cm) ;<\/li>\n<li>Stativ, USB-kabel og 4 klips <strong>inkludert<\/strong>;<\/li>\n<li>Kun <strong>3 mm<\/strong> tykk;<\/li>\n<li><strong>3 lysstyrkeniv\u00e5er<\/strong>;<\/li>\n<li>Jevn, flimmerfri belysning.<\/li>\n<\/ul>\n<p>USB-kabelen (medf\u00f8lger) kan kobles til en standard telefonlader (medf\u00f8lger ikke) eller andre standard USB-porter (datamaskin, visse str\u00f8mskinner osv.).<\/p>\n<p>Dette produktet kan kun sendes som pakke (og ikke i en boblekonvolutt). Fraktkostnader beregnes deretter.<\/p>\n","protected":false},"excerpt":{"rendered":"<p style=\"font-size: 14px; line-height: 1.2em;text-align:justify;padding-right:10px;\">\u26a0\ufe0f <strong>Denne varen kan kun sendes innen EU<\/strong> (\u00d8sterrike, Belgia, Bulgaria, Kroatia, Kypros, Tsjekkia, Danmark, Estland, Finland, Frankrike, Tyskland, Hellas, Ungarn, Irland, Italia, Latvia, Litauen, Luxembourg, Malta, Nederland, Polen, Portugal, Romania, Slovakia, Slovenia, Spania og Sverige).<\/p>\n","protected":false},"featured_media":69206,"template":"","meta":{"footnotes":""},"product_brand":[],"product_cat":[7185],"class_list":{"0":"post-71529","1":"product","2":"type-product","3":"status-publish","4":"has-post-thumbnail","6":"product_cat-tilbehor-no","7":"product_shipping_class-colissimo","9":"first","10":"instock","11":"sale","12":"taxable","13":"shipping-taxable","14":"purchasable","15":"product-type-simple"},"aioseo_notices":[],"_links":{"self":[{"href":"https:\/\/diamant-strass-dmc.com\/no\/wp-json\/wp\/v2\/product\/71529","targetHints":{"allow":["GET"]}}],"collection":[{"href":"https:\/\/diamant-strass-dmc.com\/no\/wp-json\/wp\/v2\/product"}],"about":[{"href":"https:\/\/diamant-strass-dmc.com\/no\/wp-json\/wp\/v2\/types\/product"}],"version-history":[{"count":1,"href":"https:\/\/diamant-strass-dmc.com\/no\/wp-json\/wp\/v2\/product\/71529\/revisions"}],"predecessor-version":[{"id":71537,"href":"https:\/\/diamant-strass-dmc.com\/no\/wp-json\/wp\/v2\/product\/71529\/revisions\/71537"}],"wp:featuredmedia":[{"embeddable":true,"href":"https:\/\/diamant-strass-dmc.com\/no\/wp-json\/wp\/v2\/media\/69206"}],"wp:attachment":[{"href":"https:\/\/diamant-strass-dmc.com\/no\/wp-json\/wp\/v2\/media?parent=71529"}],"wp:term":[{"taxonomy":"product_brand","embeddable":true,"href":"https:\/\/diamant-strass-dmc.com\/no\/wp-json\/wp\/v2\/product_brand?post=71529"},{"taxonomy":"product_cat","embeddable":true,"href":"https:\/\/diamant-strass-dmc.com\/no\/wp-json\/wp\/v2\/product_cat?post=71529"}],"curies":[{"name":"wp","href":"https:\/\/api.w.org\/{rel}","templated":true}]}}