{"id":71246,"date":"2024-03-17T02:22:39","date_gmt":"2024-03-17T22:09:11","guid":{"rendered":"https:\/\/diamant-strass-dmc.com\/perles-broderie\/katalogbok-dmc-diamond-maleri\/"},"modified":"2024-03-17T23:12:04","modified_gmt":"2024-03-17T22:12:04","slug":"katalogbok-dmc-diamond-maleri","status":"publish","type":"product","link":"https:\/\/diamant-strass-dmc.com\/no\/perles-broderie\/katalogbok-dmc-diamond-maleri\/","title":{"rendered":"Fargekatalog for diamantmaling (med klistremerker)"},"content":{"rendered":"<p>Tilfeldig farge p\u00e5 skiven. Laminert omslag. Sidene trykkes kun p\u00e5 \u00e9n side for optimal perlest\u00f8tte. En non-stick-stripe beskytter boksene som diamantene sitter fast i.<\/p>\n","protected":false},"excerpt":{"rendered":"<ul>\n<li><strong>10 sider<\/strong>;<\/li>\n<li style=\"color: blue;\"><strong>Perler medf\u00f8lger ikke;<\/strong><\/li>\n<li><strong>447 farger<\/strong> fra DMCs fargekart ;<\/li>\n<li>Tykt <strong>preget papir<\/strong>;<\/li>\n<li>Selvklebende s\u00f8yle <strong>til \u00e5 feste perlene p\u00e5<\/strong>.<\/li>\n<\/ul>\n","protected":false},"featured_media":71096,"template":"","meta":{"footnotes":""},"product_brand":[],"product_cat":[7287,7185],"class_list":{"0":"post-71246","1":"product","2":"type-product","3":"status-publish","4":"has-post-thumbnail","6":"product_cat-promo-no","7":"product_cat-tilbehor-no","9":"first","10":"instock","11":"sale","12":"taxable","13":"shipping-taxable","14":"purchasable","15":"product-type-simple"},"aioseo_notices":[],"_links":{"self":[{"href":"https:\/\/diamant-strass-dmc.com\/no\/wp-json\/wp\/v2\/product\/71246","targetHints":{"allow":["GET"]}}],"collection":[{"href":"https:\/\/diamant-strass-dmc.com\/no\/wp-json\/wp\/v2\/product"}],"about":[{"href":"https:\/\/diamant-strass-dmc.com\/no\/wp-json\/wp\/v2\/types\/product"}],"version-history":[{"count":1,"href":"https:\/\/diamant-strass-dmc.com\/no\/wp-json\/wp\/v2\/product\/71246\/revisions"}],"predecessor-version":[{"id":71249,"href":"https:\/\/diamant-strass-dmc.com\/no\/wp-json\/wp\/v2\/product\/71246\/revisions\/71249"}],"wp:featuredmedia":[{"embeddable":true,"href":"https:\/\/diamant-strass-dmc.com\/no\/wp-json\/wp\/v2\/media\/71096"}],"wp:attachment":[{"href":"https:\/\/diamant-strass-dmc.com\/no\/wp-json\/wp\/v2\/media?parent=71246"}],"wp:term":[{"taxonomy":"product_brand","embeddable":true,"href":"https:\/\/diamant-strass-dmc.com\/no\/wp-json\/wp\/v2\/product_brand?post=71246"},{"taxonomy":"product_cat","embeddable":true,"href":"https:\/\/diamant-strass-dmc.com\/no\/wp-json\/wp\/v2\/product_cat?post=71246"}],"curies":[{"name":"wp","href":"https:\/\/api.w.org\/{rel}","templated":true}]}}