{"id":67743,"date":"2021-08-17T00:22:53","date_gmt":"2024-02-02T08:37:24","guid":{"rendered":"https:\/\/diamant-strass-dmc.com\/perles-broderie\/all-sachets-strass-diamanter-dmc-broderie-diamant-maleri\/"},"modified":"2024-02-02T09:37:31","modified_gmt":"2024-02-02T08:37:31","slug":"all-sachets-strass-diamanter-dmc-broderie-diamant-maleri","status":"publish","type":"product","link":"https:\/\/diamant-strass-dmc.com\/no\/perles-broderie\/all-sachets-strass-diamanter-dmc-broderie-diamant-maleri\/","title":{"rendered":"Integrert pakke (alle DMC farger)"},"content":{"rendered":"<p>Vil du ha tilgang til alle tilgjengelige farger i diamantbroderi?<\/p>\n<p>Vi tilbyr deg &laquo;full pakke&raquo;, dvs. <strong>en pose med hver av de 447 far<\/strong> gene som finnes p\u00e5 DMCs offisielle fargekart for diamantmaling (fargene er oppf\u00f8rt <a style=\"font-weight: bold; text-decoration: underline;\" href=\"\/code-couleur-nuancier-dmc\/\" target=\"_blank\" rel=\"noopener\">p\u00e5 denne siden<\/a>).<\/p>\n<p>Med full pakke f\u00e5r du <strong>55 % rabatt<\/strong> med en pris per pose p\u00e5 <strong>0,45 euro i stedet for 0,99<\/strong> euro, eller<strong> 199 euro i stedet for 442 euro<\/strong>! I tillegg f\u00e5r du <strong>gratis levering<\/strong>.<\/p>\n<p><em>Hvis du vil ha flere poser av hver farge, bestiller du flere fullpakninger. Hvis du for eksempel legger til 3 hele pakker med &laquo;Round Diamonds&raquo; i handlekurven, f\u00e5r du 3 runde poser av hver farge.  <\/em><em>Hvis du \u00f8nsker en pose av hver farge i hver form (runde og firkantede diamanter), bestiller du en hel pakke med &laquo;runde diamanter&raquo; og en hel pakke med &laquo;firkantede diamanter&raquo;.<\/em><\/p>\n<style><!-- .enkar2div { display:none; } --><\/style>\n","protected":false},"excerpt":{"rendered":"<p>Vil du ha tilgang til alle tilgjengelige farger i diamantbroderi? Vi tilbyr deg &laquo;full pakke&raquo;, dvs. en pose med hver av de 447 far gene som finnes p\u00e5 DMCs offisielle fargekart for diamantmaling (fargene er oppf\u00f8rt p\u00e5 denne siden). Med full pakke f\u00e5r du 55 % rabatt med en pris per pose p\u00e5 0,45 euro [&hellip;]<\/p>\n","protected":false},"featured_media":36011,"template":"","meta":{"footnotes":""},"product_brand":[],"product_cat":[7312],"class_list":{"0":"post-67743","1":"product","2":"type-product","3":"status-publish","4":"has-post-thumbnail","6":"product_cat--integrert-pakke","8":"first","9":"instock","10":"sale","11":"taxable","12":"shipping-taxable","13":"purchasable","14":"product-type-variable"},"aioseo_notices":[],"_links":{"self":[{"href":"https:\/\/diamant-strass-dmc.com\/no\/wp-json\/wp\/v2\/product\/67743","targetHints":{"allow":["GET"]}}],"collection":[{"href":"https:\/\/diamant-strass-dmc.com\/no\/wp-json\/wp\/v2\/product"}],"about":[{"href":"https:\/\/diamant-strass-dmc.com\/no\/wp-json\/wp\/v2\/types\/product"}],"version-history":[{"count":0,"href":"https:\/\/diamant-strass-dmc.com\/no\/wp-json\/wp\/v2\/product\/67743\/revisions"}],"wp:featuredmedia":[{"embeddable":true,"href":"https:\/\/diamant-strass-dmc.com\/no\/wp-json\/wp\/v2\/media\/36011"}],"wp:attachment":[{"href":"https:\/\/diamant-strass-dmc.com\/no\/wp-json\/wp\/v2\/media?parent=67743"}],"wp:term":[{"taxonomy":"product_brand","embeddable":true,"href":"https:\/\/diamant-strass-dmc.com\/no\/wp-json\/wp\/v2\/product_brand?post=67743"},{"taxonomy":"product_cat","embeddable":true,"href":"https:\/\/diamant-strass-dmc.com\/no\/wp-json\/wp\/v2\/product_cat?post=67743"}],"curies":[{"name":"wp","href":"https:\/\/api.w.org\/{rel}","templated":true}]}}