{"id":64829,"date":"2023-11-13T16:46:02","date_gmt":"2023-11-14T16:16:14","guid":{"rendered":"https:\/\/diamant-strass-dmc.com\/perles-broderie\/dmc-fargekart-over-diamant-maleri-excel-xlsx-regneark-for-a-laste-ned\/"},"modified":"2023-11-15T03:02:53","modified_gmt":"2023-11-15T02:02:53","slug":"dmc-diamond-painting-fargekart-excel-regneark-xlsx-nedlasting","status":"publish","type":"product","link":"https:\/\/diamant-strass-dmc.com\/no\/perles-broderie\/dmc-diamond-painting-fargekart-excel-regneark-xlsx-nedlasting\/","title":{"rendered":"DMC diamantmaleri fargekart (XLSX Excel regneark for \u00e5 laste ned)"},"content":{"rendered":"<p><strong>Fil i .xlsx-format<\/strong> (regneark kompatibelt med Excel, Google Sheets, OpenOffice, LibreOffice&#8230;).<\/p>\n<ul>\n<li>De <strong>447 DMC-fargene<\/strong> til diamantmaling;<\/li>\n<li>For \u00e5 endre fritt (sortere, konvertere til PDF, etc.);<\/li>\n<li><strong>2 faner<\/strong> : sortering etter DMC-nummer og sortering etter fargenyanse;<\/li>\n<li>&laquo;Posisjon&raquo;-kolonnen for \u00e5 finne den f\u00f8rste sorteringsrekkef\u00f8lgen.<\/li>\n<\/ul>\n<p><img loading=\"lazy\" decoding=\"async\" class=\"alignnone size-full wp-image-64708\" src=\"https:\/\/diamant-strass-dmc.com\/wp-content\/uploads\/2023\/11\/bynumber.jpg\" alt=\"\" width=\"804\" height=\"631\" srcset=\"https:\/\/diamant-strass-dmc.com\/wp-content\/uploads\/2023\/11\/bynumber.jpg 804w, https:\/\/diamant-strass-dmc.com\/wp-content\/uploads\/2023\/11\/bynumber-300x235.jpg 300w, https:\/\/diamant-strass-dmc.com\/wp-content\/uploads\/2023\/11\/bynumber-768x603.jpg 768w, https:\/\/diamant-strass-dmc.com\/wp-content\/uploads\/2023\/11\/bynumber-416x326.jpg 416w, https:\/\/diamant-strass-dmc.com\/wp-content\/uploads\/2023\/11\/bynumber-324x254.jpg 324w\" sizes=\"auto, (max-width: 804px) 100vw, 804px\" \/><img loading=\"lazy\" decoding=\"async\" class=\"alignnone size-full wp-image-64693\" src=\"https:\/\/diamant-strass-dmc.com\/wp-content\/uploads\/2023\/11\/bycolor.jpg\" alt=\"\" width=\"800\" height=\"610\" srcset=\"https:\/\/diamant-strass-dmc.com\/wp-content\/uploads\/2023\/11\/bycolor.jpg 800w, https:\/\/diamant-strass-dmc.com\/wp-content\/uploads\/2023\/11\/bycolor-300x229.jpg 300w, https:\/\/diamant-strass-dmc.com\/wp-content\/uploads\/2023\/11\/bycolor-768x586.jpg 768w, https:\/\/diamant-strass-dmc.com\/wp-content\/uploads\/2023\/11\/bycolor-416x317.jpg 416w, https:\/\/diamant-strass-dmc.com\/wp-content\/uploads\/2023\/11\/bycolor-324x247.jpg 324w\" sizes=\"auto, (max-width: 800px) 100vw, 800px\" \/><\/p>\n<style><!-- .enkar2div { display:none; } .pi-edd { display:none; } button.single_add_to_cart_button.button.alt { margin-bottom: 20px !important; } --><\/style>\n","protected":false},"excerpt":{"rendered":"<p style=\"color: blue;\"><span style=\"text-decoration: underline;\"><strong>VIKTIG<\/strong><\/span> : Dette produktet er virtuelt: det er en fil som du kan laste ned umiddelbart etter kj\u00f8pet for \u00e5 skrive den ut hjemme. Ingen fysiske produkter vil bli sendt til adressen din.<\/p>\n","protected":false},"featured_media":64687,"template":"","meta":{"footnotes":""},"product_brand":[],"product_cat":[7228],"class_list":{"0":"post-64829","1":"product","2":"type-product","3":"status-publish","4":"has-post-thumbnail","6":"product_cat-filer-aa-laste-ned","8":"first","9":"instock","10":"sale","11":"downloadable","12":"virtual","13":"sold-individually","14":"taxable","15":"purchasable","16":"product-type-simple"},"aioseo_notices":[],"_links":{"self":[{"href":"https:\/\/diamant-strass-dmc.com\/no\/wp-json\/wp\/v2\/product\/64829","targetHints":{"allow":["GET"]}}],"collection":[{"href":"https:\/\/diamant-strass-dmc.com\/no\/wp-json\/wp\/v2\/product"}],"about":[{"href":"https:\/\/diamant-strass-dmc.com\/no\/wp-json\/wp\/v2\/types\/product"}],"version-history":[{"count":0,"href":"https:\/\/diamant-strass-dmc.com\/no\/wp-json\/wp\/v2\/product\/64829\/revisions"}],"wp:featuredmedia":[{"embeddable":true,"href":"https:\/\/diamant-strass-dmc.com\/no\/wp-json\/wp\/v2\/media\/64687"}],"wp:attachment":[{"href":"https:\/\/diamant-strass-dmc.com\/no\/wp-json\/wp\/v2\/media?parent=64829"}],"wp:term":[{"taxonomy":"product_brand","embeddable":true,"href":"https:\/\/diamant-strass-dmc.com\/no\/wp-json\/wp\/v2\/product_brand?post=64829"},{"taxonomy":"product_cat","embeddable":true,"href":"https:\/\/diamant-strass-dmc.com\/no\/wp-json\/wp\/v2\/product_cat?post=64829"}],"curies":[{"name":"wp","href":"https:\/\/api.w.org\/{rel}","templated":true}]}}