{"id":61333,"date":"2023-09-11T16:25:12","date_gmt":"2023-09-11T17:12:02","guid":{"rendered":"https:\/\/diamant-strass-dmc.com\/perles-broderie\/last-ned-nuancier-dmc-diamant-maleri-pdf\/"},"modified":"2023-11-15T01:30:25","modified_gmt":"2023-11-15T00:30:25","slug":"last-ned-nuancier-dmc-diamant-maleri-pdf","status":"publish","type":"product","link":"https:\/\/diamant-strass-dmc.com\/no\/perles-broderie\/last-ned-nuancier-dmc-diamant-maleri-pdf\/","title":{"rendered":"DMC diamantmaleri fargekart (PDF-fil for nedlasting)"},"content":{"rendered":"<ul>\n<li><strong>447 DMC diamantmalerier<\/strong> p\u00e5 <strong>6 sider som kan skrives ut<\/strong> ;<\/li>\n<li>Filer i PDF-format som garanterer <strong>perfekt utskrift<\/strong> som respekterer DMC-farger;<\/li>\n<li><strong>A4-formatsider<\/strong> klare til utskrift.<\/li>\n<\/ul>\n<p><img loading=\"lazy\" decoding=\"async\" class=\"alignnone wp-image-61601 size-full\" src=\"https:\/\/diamant-strass-dmc.com\/wp-content\/uploads\/2023\/09\/diamond-painting-charte-dmc-nuancier-pdf_par-numero-1.jpg\" alt=\"Nuancier DMC du diamond painting (Fichier PDF \u00e0 t\u00e9l\u00e9charger)\" width=\"822\" height=\"527\" srcset=\"https:\/\/diamant-strass-dmc.com\/wp-content\/uploads\/2023\/09\/diamond-painting-charte-dmc-nuancier-pdf_par-numero-1.jpg 822w, https:\/\/diamant-strass-dmc.com\/wp-content\/uploads\/2023\/09\/diamond-painting-charte-dmc-nuancier-pdf_par-numero-1-300x192.jpg 300w, https:\/\/diamant-strass-dmc.com\/wp-content\/uploads\/2023\/09\/diamond-painting-charte-dmc-nuancier-pdf_par-numero-1-768x492.jpg 768w, https:\/\/diamant-strass-dmc.com\/wp-content\/uploads\/2023\/09\/diamond-painting-charte-dmc-nuancier-pdf_par-numero-1-416x267.jpg 416w\" sizes=\"auto, (max-width: 822px) 100vw, 822px\" \/><\/p>\n<style><!-- .enkar2div { display:none; } .pi-edd { display:none; } button.single_add_to_cart_button.button.alt { margin-bottom: 20px !important; } --><\/style>\n","protected":false},"excerpt":{"rendered":"<p style=\"color: blue;\"><span style=\"text-decoration: underline;\"><strong>VIKTIG<\/strong><\/span>: Dette produktet er virtuelt: det er en fil som du kan laste ned umiddelbart etter kj\u00f8pet for \u00e5 skrive den ut hjemme. Ingen fysiske produkter vil bli sendt til adressen din.<\/p>\n","protected":false},"featured_media":64616,"template":"","meta":{"footnotes":""},"product_brand":[],"product_cat":[7228],"class_list":{"0":"post-61333","1":"product","2":"type-product","3":"status-publish","4":"has-post-thumbnail","6":"product_cat-filer-aa-laste-ned","8":"first","9":"instock","10":"sale","11":"downloadable","12":"virtual","13":"sold-individually","14":"taxable","15":"purchasable","16":"product-type-simple"},"aioseo_notices":[],"_links":{"self":[{"href":"https:\/\/diamant-strass-dmc.com\/no\/wp-json\/wp\/v2\/product\/61333","targetHints":{"allow":["GET"]}}],"collection":[{"href":"https:\/\/diamant-strass-dmc.com\/no\/wp-json\/wp\/v2\/product"}],"about":[{"href":"https:\/\/diamant-strass-dmc.com\/no\/wp-json\/wp\/v2\/types\/product"}],"version-history":[{"count":0,"href":"https:\/\/diamant-strass-dmc.com\/no\/wp-json\/wp\/v2\/product\/61333\/revisions"}],"wp:featuredmedia":[{"embeddable":true,"href":"https:\/\/diamant-strass-dmc.com\/no\/wp-json\/wp\/v2\/media\/64616"}],"wp:attachment":[{"href":"https:\/\/diamant-strass-dmc.com\/no\/wp-json\/wp\/v2\/media?parent=61333"}],"wp:term":[{"taxonomy":"product_brand","embeddable":true,"href":"https:\/\/diamant-strass-dmc.com\/no\/wp-json\/wp\/v2\/product_brand?post=61333"},{"taxonomy":"product_cat","embeddable":true,"href":"https:\/\/diamant-strass-dmc.com\/no\/wp-json\/wp\/v2\/product_cat?post=61333"}],"curies":[{"name":"wp","href":"https:\/\/api.w.org\/{rel}","templated":true}]}}