{"id":49286,"date":"2022-09-05T18:43:28","date_gmt":"2023-01-18T01:41:09","guid":{"rendered":"https:\/\/diamant-strass-dmc.com\/perles-broderie\/nokkelring-jule-diamant-broderi-diamant-maleri\/"},"modified":"2023-01-18T02:41:09","modified_gmt":"2023-01-18T01:41:09","slug":"nokkelring-jule-diamant-broderi-diamant-maleri","status":"publish","type":"product","link":"https:\/\/diamant-strass-dmc.com\/no\/perles-broderie\/nokkelring-jule-diamant-broderi-diamant-maleri\/","title":{"rendered":"4 diamantbroderi julen\u00f8kkelringer"},"content":{"rendered":"<p><strong>M\u00e5l p\u00e5 n\u00f8kkelringene (uten kjede) i<\/strong> <strong>bredde x h\u00f8yde:<\/strong><br \/>\nTre: 6 x 6,9 cm<br \/>\nSn\u00f8mann: 7,8 x 5 cm<br \/>\nVott: 6,9 x 5,1 cm<br \/>\nSokk: 4,7 x 7,3 cm<\/p>\n","protected":false},"excerpt":{"rendered":"<p><strong>Dette settet inneholder:<\/strong><\/p>\n<ul>\n<li>4 elementer \u00e5 brodere<\/li>\n<li>1 penn med spiss<\/li>\n<li>poser med diamanter<\/li>\n<li>1 kvadrat med lim<\/li>\n<li>1 brett for sortering av diamanter<\/li>\n<li>4 kjeder + fester<\/li>\n<li>Tomme poser for oppbevaring av diamanter<\/li>\n<\/ul>\n","protected":false},"featured_media":44285,"template":"","meta":{"footnotes":""},"product_brand":[],"product_cat":[7205],"class_list":{"0":"post-49286","1":"product","2":"type-product","3":"status-publish","4":"has-post-thumbnail","6":"product_cat-diamantbroderi-nokkelringer","8":"first","9":"outofstock","10":"sale","11":"taxable","12":"shipping-taxable","13":"purchasable","14":"product-type-simple"},"aioseo_notices":[],"_links":{"self":[{"href":"https:\/\/diamant-strass-dmc.com\/no\/wp-json\/wp\/v2\/product\/49286","targetHints":{"allow":["GET"]}}],"collection":[{"href":"https:\/\/diamant-strass-dmc.com\/no\/wp-json\/wp\/v2\/product"}],"about":[{"href":"https:\/\/diamant-strass-dmc.com\/no\/wp-json\/wp\/v2\/types\/product"}],"version-history":[{"count":0,"href":"https:\/\/diamant-strass-dmc.com\/no\/wp-json\/wp\/v2\/product\/49286\/revisions"}],"wp:featuredmedia":[{"embeddable":true,"href":"https:\/\/diamant-strass-dmc.com\/no\/wp-json\/wp\/v2\/media\/44285"}],"wp:attachment":[{"href":"https:\/\/diamant-strass-dmc.com\/no\/wp-json\/wp\/v2\/media?parent=49286"}],"wp:term":[{"taxonomy":"product_brand","embeddable":true,"href":"https:\/\/diamant-strass-dmc.com\/no\/wp-json\/wp\/v2\/product_brand?post=49286"},{"taxonomy":"product_cat","embeddable":true,"href":"https:\/\/diamant-strass-dmc.com\/no\/wp-json\/wp\/v2\/product_cat?post=49286"}],"curies":[{"name":"wp","href":"https:\/\/api.w.org\/{rel}","templated":true}]}}