{"id":49241,"date":"2022-09-05T19:12:47","date_gmt":"2023-01-18T01:40:52","guid":{"rendered":"https:\/\/diamant-strass-dmc.com\/perles-broderie\/nokkelring-elefanter-diamant-broderi-diamant-maleri\/"},"modified":"2023-01-18T02:40:52","modified_gmt":"2023-01-18T01:40:52","slug":"nokkelring-elefanter-diamant-broderi-diamant-maleri","status":"publish","type":"product","link":"https:\/\/diamant-strass-dmc.com\/no\/perles-broderie\/nokkelring-elefanter-diamant-broderi-diamant-maleri\/","title":{"rendered":"4 elefantn\u00f8kkelringer i diamantbroderi"},"content":{"rendered":"<p>M\u00e5l p\u00e5 n\u00f8kkelringene (uten kjede): 7 x 7 cm<\/p>\n","protected":false},"excerpt":{"rendered":"<p><strong>Dette settet inneholder:<\/strong><\/p>\n<ul>\n<li>4 elementer \u00e5 brodere<\/li>\n<li>1 penn med spiss<\/li>\n<li>poser med diamanter<\/li>\n<li>1 kvadrat med lim<\/li>\n<li>1 brett for sortering av diamanter<\/li>\n<li>4 kjeder + fester<\/li>\n<li>Tomme poser for oppbevaring av diamanter<\/li>\n<\/ul>\n","protected":false},"featured_media":44240,"template":"","meta":{"footnotes":""},"product_brand":[],"product_cat":[7205],"class_list":{"0":"post-49241","1":"product","2":"type-product","3":"status-publish","4":"has-post-thumbnail","6":"product_cat-diamantbroderi-nokkelringer","8":"first","9":"instock","10":"sale","11":"taxable","12":"shipping-taxable","13":"purchasable","14":"product-type-simple"},"aioseo_notices":[],"_links":{"self":[{"href":"https:\/\/diamant-strass-dmc.com\/no\/wp-json\/wp\/v2\/product\/49241","targetHints":{"allow":["GET"]}}],"collection":[{"href":"https:\/\/diamant-strass-dmc.com\/no\/wp-json\/wp\/v2\/product"}],"about":[{"href":"https:\/\/diamant-strass-dmc.com\/no\/wp-json\/wp\/v2\/types\/product"}],"version-history":[{"count":0,"href":"https:\/\/diamant-strass-dmc.com\/no\/wp-json\/wp\/v2\/product\/49241\/revisions"}],"wp:featuredmedia":[{"embeddable":true,"href":"https:\/\/diamant-strass-dmc.com\/no\/wp-json\/wp\/v2\/media\/44240"}],"wp:attachment":[{"href":"https:\/\/diamant-strass-dmc.com\/no\/wp-json\/wp\/v2\/media?parent=49241"}],"wp:term":[{"taxonomy":"product_brand","embeddable":true,"href":"https:\/\/diamant-strass-dmc.com\/no\/wp-json\/wp\/v2\/product_brand?post=49241"},{"taxonomy":"product_cat","embeddable":true,"href":"https:\/\/diamant-strass-dmc.com\/no\/wp-json\/wp\/v2\/product_cat?post=49241"}],"curies":[{"name":"wp","href":"https:\/\/api.w.org\/{rel}","templated":true}]}}