{"id":47729,"date":"2022-11-17T19:12:57","date_gmt":"2022-11-17T18:12:57","guid":{"rendered":"https:\/\/diamant-strass-dmc.com\/perles-broderie\/brett-gigant-xxl-diamant-broderi\/"},"modified":"2023-01-18T02:32:56","modified_gmt":"2023-01-18T01:32:56","slug":"brett-gigant-xxl-diamant-broderi","status":"publish","type":"product","link":"https:\/\/diamant-strass-dmc.com\/no\/perles-broderie\/brett-gigant-xxl-diamant-broderi\/","title":{"rendered":"Gigantisk bord for diamantbroderi"},"content":{"rendered":"","protected":false},"excerpt":{"rendered":"<p>Dette gigantiske rillede brettet m\u00e5ler <strong>16,5 x 8,5 cm<\/strong> . Sidene er spesielt h\u00f8ye (1 cm h\u00f8ye) og den har en <strong>tut<\/strong> for enkelt \u00e5 t\u00f8mme de gjenv\u00e6rende diamantene.<\/p>\n","protected":false},"featured_media":116114,"template":"","meta":{"footnotes":""},"product_brand":[],"product_cat":[7185],"class_list":{"0":"post-47729","1":"product","2":"type-product","3":"status-publish","4":"has-post-thumbnail","6":"product_cat-tilbehor-no","8":"first","9":"instock","10":"sale","11":"taxable","12":"shipping-taxable","13":"purchasable","14":"product-type-simple"},"aioseo_notices":[],"_links":{"self":[{"href":"https:\/\/diamant-strass-dmc.com\/no\/wp-json\/wp\/v2\/product\/47729","targetHints":{"allow":["GET"]}}],"collection":[{"href":"https:\/\/diamant-strass-dmc.com\/no\/wp-json\/wp\/v2\/product"}],"about":[{"href":"https:\/\/diamant-strass-dmc.com\/no\/wp-json\/wp\/v2\/types\/product"}],"version-history":[{"count":0,"href":"https:\/\/diamant-strass-dmc.com\/no\/wp-json\/wp\/v2\/product\/47729\/revisions"}],"wp:featuredmedia":[{"embeddable":true,"href":"https:\/\/diamant-strass-dmc.com\/no\/wp-json\/wp\/v2\/media\/116114"}],"wp:attachment":[{"href":"https:\/\/diamant-strass-dmc.com\/no\/wp-json\/wp\/v2\/media?parent=47729"}],"wp:term":[{"taxonomy":"product_brand","embeddable":true,"href":"https:\/\/diamant-strass-dmc.com\/no\/wp-json\/wp\/v2\/product_brand?post=47729"},{"taxonomy":"product_cat","embeddable":true,"href":"https:\/\/diamant-strass-dmc.com\/no\/wp-json\/wp\/v2\/product_cat?post=47729"}],"curies":[{"name":"wp","href":"https:\/\/api.w.org\/{rel}","templated":true}]}}