{"id":46694,"date":"2022-08-10T21:29:16","date_gmt":"2022-08-10T19:29:16","guid":{"rendered":"https:\/\/diamant-strass-dmc.com\/perles-broderie\/100-zip-poser-for-overskuddsperler\/"},"modified":"2024-09-16T14:51:03","modified_gmt":"2024-09-16T12:51:03","slug":"zip-poser-perler-diamanter-overskudd","status":"publish","type":"product","link":"https:\/\/diamant-strass-dmc.com\/no\/perles-broderie\/zip-poser-perler-diamanter-overskudd\/","title":{"rendered":"Tykke poser med glidel\u00e5s for overskuddsperler"},"content":{"rendered":"<p>Denne pakken med <strong>glidel\u00e5sposer<\/strong> er praktisk til oppbevaring av perler eller <strong>overfl\u00f8dige diamantmaleriperler<\/strong>.<br \/>\nDisse sm\u00e5 posene har en praktisk st\u00f8rrelse p\u00e5 <strong>4 x 6 cm<\/strong> (praktisk st\u00f8rrelse, dvs. uten festestripen). <\/p>\n<p>Lukkingen er sv\u00e6rt p\u00e5litelig og <strong>plasten er tykk<\/strong> (50 mikrometer).<\/p>\n<p>Lukkestripen har et sentralt opphengshull med en diameter p\u00e5 6 mm.<\/p>\n","protected":false},"excerpt":{"rendered":"<p style=\"display:none;\">ok<\/p>\n","protected":false},"featured_media":35872,"template":"","meta":{"footnotes":""},"product_brand":[],"product_cat":[7287,7185],"class_list":{"0":"post-46694","1":"product","2":"type-product","3":"status-publish","4":"has-post-thumbnail","6":"product_cat-promo-no","7":"product_cat-tilbehor-no","9":"first","10":"instock","11":"sale","12":"taxable","13":"shipping-taxable","14":"purchasable","15":"product-type-variable","16":"has-default-attributes"},"aioseo_notices":[],"_links":{"self":[{"href":"https:\/\/diamant-strass-dmc.com\/no\/wp-json\/wp\/v2\/product\/46694","targetHints":{"allow":["GET"]}}],"collection":[{"href":"https:\/\/diamant-strass-dmc.com\/no\/wp-json\/wp\/v2\/product"}],"about":[{"href":"https:\/\/diamant-strass-dmc.com\/no\/wp-json\/wp\/v2\/types\/product"}],"version-history":[{"count":7,"href":"https:\/\/diamant-strass-dmc.com\/no\/wp-json\/wp\/v2\/product\/46694\/revisions"}],"predecessor-version":[{"id":76829,"href":"https:\/\/diamant-strass-dmc.com\/no\/wp-json\/wp\/v2\/product\/46694\/revisions\/76829"}],"wp:featuredmedia":[{"embeddable":true,"href":"https:\/\/diamant-strass-dmc.com\/no\/wp-json\/wp\/v2\/media\/35872"}],"wp:attachment":[{"href":"https:\/\/diamant-strass-dmc.com\/no\/wp-json\/wp\/v2\/media?parent=46694"}],"wp:term":[{"taxonomy":"product_brand","embeddable":true,"href":"https:\/\/diamant-strass-dmc.com\/no\/wp-json\/wp\/v2\/product_brand?post=46694"},{"taxonomy":"product_cat","embeddable":true,"href":"https:\/\/diamant-strass-dmc.com\/no\/wp-json\/wp\/v2\/product_cat?post=46694"}],"curies":[{"name":"wp","href":"https:\/\/api.w.org\/{rel}","templated":true}]}}