{"id":46649,"date":"2022-07-27T03:09:55","date_gmt":"2022-07-27T01:09:55","guid":{"rendered":"https:\/\/diamant-strass-dmc.com\/perles-broderie\/standard-penn-med-7-diamanthoder\/"},"modified":"2024-10-19T02:30:31","modified_gmt":"2024-10-19T00:30:31","slug":"penn-standard-diamant-broderi","status":"publish","type":"product","link":"https:\/\/diamant-strass-dmc.com\/no\/perles-broderie\/penn-standard-diamant-broderi\/","title":{"rendered":"Sett med 2 diamantmalingspenner med hoder og h\u00e5ndtak"},"content":{"rendered":"<p><strong>Pennens lengde: 12,6 cm.<\/strong><\/p>\n<p>Standardpenner som er kompatible med alle typer grep eller standard pennhode.<\/p>\n<p>Multidiamanthoder brukes til \u00e5 fange og fatte flere perler samtidig. I dette settet finner du ett hode for \u00e5 fatte tre diamanter samtidig og et annet for \u00e5 fatte ni diamanter samtidig (i tillegg til de to hodene for \u00e5 fatte bare \u00e9n diamant). <\/p>\n<p>Hodene er semioppake, slik at de slipper gjennom lys, men er heller ikke gjennomsiktige. Plasten er r\u00f8ykfarget hvit. <\/p>\n","protected":false},"excerpt":{"rendered":"<p style=\"margin-bottom:0;\"><strong>Dette settet inneholder :<\/strong><\/p>\n<ul>\n<li>1 rosa penn + 1 r\u00f8dt grep ;<\/li>\n<li>1 bl\u00e5 penn + 1 bl\u00e5tt grep ;<\/li>\n<li>2 hoder for 1 diamant ;<\/li>\n<li>1 hode for 3 diamanter ;<\/li>\n<li>1 hode for 9 diamanter.<\/li>\n<\/ul>\n","protected":false},"featured_media":79385,"template":"","meta":{"footnotes":""},"product_brand":[],"product_cat":[7287,7185],"class_list":{"0":"post-46649","1":"product","2":"type-product","3":"status-publish","4":"has-post-thumbnail","6":"product_cat-promo-no","7":"product_cat-tilbehor-no","9":"first","10":"instock","11":"sale","12":"taxable","13":"shipping-taxable","14":"purchasable","15":"product-type-simple"},"aioseo_notices":[],"_links":{"self":[{"href":"https:\/\/diamant-strass-dmc.com\/no\/wp-json\/wp\/v2\/product\/46649","targetHints":{"allow":["GET"]}}],"collection":[{"href":"https:\/\/diamant-strass-dmc.com\/no\/wp-json\/wp\/v2\/product"}],"about":[{"href":"https:\/\/diamant-strass-dmc.com\/no\/wp-json\/wp\/v2\/types\/product"}],"version-history":[{"count":1,"href":"https:\/\/diamant-strass-dmc.com\/no\/wp-json\/wp\/v2\/product\/46649\/revisions"}],"predecessor-version":[{"id":79442,"href":"https:\/\/diamant-strass-dmc.com\/no\/wp-json\/wp\/v2\/product\/46649\/revisions\/79442"}],"wp:featuredmedia":[{"embeddable":true,"href":"https:\/\/diamant-strass-dmc.com\/no\/wp-json\/wp\/v2\/media\/79385"}],"wp:attachment":[{"href":"https:\/\/diamant-strass-dmc.com\/no\/wp-json\/wp\/v2\/media?parent=46649"}],"wp:term":[{"taxonomy":"product_brand","embeddable":true,"href":"https:\/\/diamant-strass-dmc.com\/no\/wp-json\/wp\/v2\/product_brand?post=46649"},{"taxonomy":"product_cat","embeddable":true,"href":"https:\/\/diamant-strass-dmc.com\/no\/wp-json\/wp\/v2\/product_cat?post=46649"}],"curies":[{"name":"wp","href":"https:\/\/api.w.org\/{rel}","templated":true}]}}