{"id":46586,"date":"2022-07-28T01:36:54","date_gmt":"2022-10-05T00:02:31","guid":{"rendered":"https:\/\/diamant-strass-dmc.com\/perles-broderie\/diamantbroderi-pennehode\/"},"modified":"2024-09-17T17:45:03","modified_gmt":"2024-09-17T15:45:03","slug":"head-stylo-broderi-diamant","status":"publish","type":"product","link":"https:\/\/diamant-strass-dmc.com\/no\/perles-broderie\/head-stylo-broderi-diamant\/","title":{"rendered":"Pennhoder for diamantmaling"},"content":{"rendered":"<p>Bildet viser alle hodene som <strong>er<\/strong> tilgjengelige, men <strong>prisen er for et enkelt<\/strong> hode og ikke for <strong>et<\/strong> parti, med mindre du velger <strong><em>Alle hoder, unntatt &laquo;A &#8211; Korrigerende hode&raquo;.<\/em><\/strong>I s\u00e5 fall f\u00e5r du alle de 13 multidiamanthodene pluss det ene vinklede diamanthodet (totalt 14 hoder).<\/p>\n<p><strong>3 til 15 diamanter<\/strong> kan settes p\u00e5 \u00e9n gang, avhengig av hodets st\u00f8rrelse (figur p\u00e5 bildet). Denne st\u00f8rrelsen velges under &laquo;hodetype&raquo;.<\/p>\n<p>Vi tilbyr ogs\u00e5 et hode som kun tillater plassering av \u00e9n diamant, og som har den spesielle egenskapen at det er <strong>vinklet<\/strong>, noe som gir <strong>bedre ergonomi<\/strong> og posisjonering av pennen.<\/p>\n<p>Til slutt tilbyr vi <strong>&laquo;korrigeringshodet<\/strong>&laquo;, som ikke gj\u00f8r det mulig \u00e5 fatte diamanter, men som settes inn mellom radene slik at diamantene blir riktig justert.<\/p>\n<p>Disse hodene passer til alle standard diamantmalingspenner, inkludert den rosa pennen som f\u00f8lger med i de fleste sett.<\/p>\n<style><!-- .woo-selected-variation-item-name, .woocommerce-product-details__short-description { display:none !important; } li.variable-item { line-height: 1em; } --><\/style>\n","protected":false},"excerpt":{"rendered":"<p>Diamantmaleri<\/p>\n","protected":false},"featured_media":69628,"template":"","meta":{"footnotes":""},"product_brand":[],"product_cat":[7185],"class_list":{"0":"post-46586","1":"product","2":"type-product","3":"status-publish","4":"has-post-thumbnail","6":"product_cat-tilbehor-no","8":"first","9":"instock","10":"sale","11":"taxable","12":"shipping-taxable","13":"purchasable","14":"product-type-variable","15":"has-default-attributes"},"aioseo_notices":[],"_links":{"self":[{"href":"https:\/\/diamant-strass-dmc.com\/no\/wp-json\/wp\/v2\/product\/46586","targetHints":{"allow":["GET"]}}],"collection":[{"href":"https:\/\/diamant-strass-dmc.com\/no\/wp-json\/wp\/v2\/product"}],"about":[{"href":"https:\/\/diamant-strass-dmc.com\/no\/wp-json\/wp\/v2\/types\/product"}],"version-history":[{"count":7,"href":"https:\/\/diamant-strass-dmc.com\/no\/wp-json\/wp\/v2\/product\/46586\/revisions"}],"predecessor-version":[{"id":77572,"href":"https:\/\/diamant-strass-dmc.com\/no\/wp-json\/wp\/v2\/product\/46586\/revisions\/77572"}],"wp:featuredmedia":[{"embeddable":true,"href":"https:\/\/diamant-strass-dmc.com\/no\/wp-json\/wp\/v2\/media\/69628"}],"wp:attachment":[{"href":"https:\/\/diamant-strass-dmc.com\/no\/wp-json\/wp\/v2\/media?parent=46586"}],"wp:term":[{"taxonomy":"product_brand","embeddable":true,"href":"https:\/\/diamant-strass-dmc.com\/no\/wp-json\/wp\/v2\/product_brand?post=46586"},{"taxonomy":"product_cat","embeddable":true,"href":"https:\/\/diamant-strass-dmc.com\/no\/wp-json\/wp\/v2\/product_cat?post=46586"}],"curies":[{"name":"wp","href":"https:\/\/api.w.org\/{rel}","templated":true}]}}