{"id":46568,"date":"2022-07-27T23:28:44","date_gmt":"2022-07-27T21:28:44","guid":{"rendered":"https:\/\/diamant-strass-dmc.com\/perles-broderie\/lett-penn-med-forstorrelsesglass-og-hoder\/"},"modified":"2024-09-17T17:20:38","modified_gmt":"2024-09-17T15:20:38","slug":"lysende-penn-forstorrelseshoder-diamant-broderi","status":"publish","type":"product","link":"https:\/\/diamant-strass-dmc.com\/no\/perles-broderie\/lysende-penn-forstorrelseshoder-diamant-broderi\/","title":{"rendered":"Lett penn med forst\u00f8rrelsesglass og hoder"},"content":{"rendered":"<p>Denne selvlysende pennen avgir et <strong>m\u00e5lrettet<\/strong> lys som gj\u00f8r det enklere \u00e5 plukke opp og plassere diamanter.<\/p>\n<p>Den drives av <strong>2 AAA-batterier (medf\u00f8lger ikke)<\/strong> og leveres med <strong>flere hoder<\/strong> for 1, 3 eller 6 diamanter, samt et &laquo;korrigeringshode&raquo; for justering av diamantene n\u00e5r de settes inn mellom radene.<\/p>\n<p>Denne pennen leveres ogs\u00e5 med <strong>et<\/strong> dreibart <strong>forst\u00f8rrelsesglass<\/strong> som festes p\u00e5 pennen, slik at du kan forst\u00f8rre omr\u00e5det som skal broderes og fremheve detaljene.<\/p>\n<p>Lyset sl\u00e5s av og p\u00e5 ved hjelp av knappen p\u00e5 enden av pennen.<\/p>\n","protected":false},"excerpt":{"rendered":"<p><strong>Pakkeinnhold:<\/strong><\/p>\n<ul>\n<li>1 lys penn;<\/li>\n<li>1 clip-on lupe;<\/li>\n<li>1 standard hode 1 diamant ;<\/li>\n<li>1 standard 3-diamanthode ;<\/li>\n<li>1 hode 6 diamanter;<\/li>\n<li>1 korrigerende hode;<\/li>\n<\/ul>\n","protected":false},"featured_media":70699,"template":"","meta":{"footnotes":""},"product_brand":[],"product_cat":[7287,7185],"class_list":{"0":"post-46568","1":"product","2":"type-product","3":"status-publish","4":"has-post-thumbnail","6":"product_cat-promo-no","7":"product_cat-tilbehor-no","9":"first","10":"instock","11":"sale","12":"taxable","13":"shipping-taxable","14":"purchasable","15":"product-type-variable","16":"has-default-attributes"},"aioseo_notices":[],"_links":{"self":[{"href":"https:\/\/diamant-strass-dmc.com\/no\/wp-json\/wp\/v2\/product\/46568","targetHints":{"allow":["GET"]}}],"collection":[{"href":"https:\/\/diamant-strass-dmc.com\/no\/wp-json\/wp\/v2\/product"}],"about":[{"href":"https:\/\/diamant-strass-dmc.com\/no\/wp-json\/wp\/v2\/types\/product"}],"version-history":[{"count":4,"href":"https:\/\/diamant-strass-dmc.com\/no\/wp-json\/wp\/v2\/product\/46568\/revisions"}],"predecessor-version":[{"id":77502,"href":"https:\/\/diamant-strass-dmc.com\/no\/wp-json\/wp\/v2\/product\/46568\/revisions\/77502"}],"wp:featuredmedia":[{"embeddable":true,"href":"https:\/\/diamant-strass-dmc.com\/no\/wp-json\/wp\/v2\/media\/70699"}],"wp:attachment":[{"href":"https:\/\/diamant-strass-dmc.com\/no\/wp-json\/wp\/v2\/media?parent=46568"}],"wp:term":[{"taxonomy":"product_brand","embeddable":true,"href":"https:\/\/diamant-strass-dmc.com\/no\/wp-json\/wp\/v2\/product_brand?post=46568"},{"taxonomy":"product_cat","embeddable":true,"href":"https:\/\/diamant-strass-dmc.com\/no\/wp-json\/wp\/v2\/product_cat?post=46568"}],"curies":[{"name":"wp","href":"https:\/\/api.w.org\/{rel}","templated":true}]}}