{"id":46349,"date":"2022-09-06T18:03:14","date_gmt":"2022-10-05T00:01:49","guid":{"rendered":"https:\/\/diamant-strass-dmc.com\/perles-broderie\/3-hjul-kleberulle\/"},"modified":"2023-01-18T02:36:12","modified_gmt":"2023-01-18T01:36:12","slug":"rulett-broderi-diamant-diamant-maleri","status":"publish","type":"product","link":"https:\/\/diamant-strass-dmc.com\/no\/perles-broderie\/rulett-broderi-diamant-diamant-maleri\/","title":{"rendered":"3 hjul + kleberulle"},"content":{"rendered":"<p>1\/ <strong>Fest et stykke teip<\/strong> rundt hele hjulet;<br \/>\n2\/ Rull hjulet i brettet for \u00e5 <strong>gripe diamantene<\/strong> ;<br \/>\n3\/ Rull hjulet p\u00e5 lerretet ditt for \u00e5 <strong>feste diamantene p\u00e5<\/strong> det.<\/p>\n<p>Plasser flere diamanter ved hjelp av hjulene som f\u00f8lger med i dette settet, med 3 forskjellige diametre i henhold til dine behov (jo st\u00f8rre hjulet er, jo flere diamanter kan du plassere p\u00e5 det).<\/p>\n<p>Hjulene er godt festet i enden av stammen takket v\u00e6re en skrugjenge, og 3 stammer er gitt for \u00e5 kunne dra nytte av de forskjellige st\u00f8rrelsene p\u00e5 hjulene uten \u00e5 m\u00e5tte demontere dem hver gang.<\/p>\n<p>En rull med tape i bredden p\u00e5 hjulene leveres ogs\u00e5.<\/p>\n<p><strong>Rulett krever \u00f8velse, men n\u00e5r du f\u00f8rst har mestret dette tilbeh\u00f8ret, vil du ikke kunne klare deg uten det!<\/strong><\/p>\n","protected":false},"excerpt":{"rendered":"<p><strong>Dette settet inneholder:<\/strong><\/p>\n<ul>\n<li><strong>3 hjul<\/strong> (diameter 3 cm, 4 cm og 5 cm);<\/li>\n<li><strong>3 stenger<\/strong> for \u00e5 fikse dem;<\/li>\n<li><strong>1 rull med tape<\/strong> .<\/li>\n<\/ul>\n","protected":false},"featured_media":44342,"template":"","meta":{"footnotes":""},"product_brand":[],"product_cat":[7185],"class_list":{"0":"post-46349","1":"product","2":"type-product","3":"status-publish","4":"has-post-thumbnail","6":"product_cat-tilbehor-no","8":"first","9":"instock","10":"sale","11":"taxable","12":"shipping-taxable","13":"purchasable","14":"product-type-simple"},"aioseo_notices":[],"_links":{"self":[{"href":"https:\/\/diamant-strass-dmc.com\/no\/wp-json\/wp\/v2\/product\/46349","targetHints":{"allow":["GET"]}}],"collection":[{"href":"https:\/\/diamant-strass-dmc.com\/no\/wp-json\/wp\/v2\/product"}],"about":[{"href":"https:\/\/diamant-strass-dmc.com\/no\/wp-json\/wp\/v2\/types\/product"}],"version-history":[{"count":0,"href":"https:\/\/diamant-strass-dmc.com\/no\/wp-json\/wp\/v2\/product\/46349\/revisions"}],"wp:featuredmedia":[{"embeddable":true,"href":"https:\/\/diamant-strass-dmc.com\/no\/wp-json\/wp\/v2\/media\/44342"}],"wp:attachment":[{"href":"https:\/\/diamant-strass-dmc.com\/no\/wp-json\/wp\/v2\/media?parent=46349"}],"wp:term":[{"taxonomy":"product_brand","embeddable":true,"href":"https:\/\/diamant-strass-dmc.com\/no\/wp-json\/wp\/v2\/product_brand?post=46349"},{"taxonomy":"product_cat","embeddable":true,"href":"https:\/\/diamant-strass-dmc.com\/no\/wp-json\/wp\/v2\/product_cat?post=46349"}],"curies":[{"name":"wp","href":"https:\/\/api.w.org\/{rel}","templated":true}]}}